{"id":21824,"date":"2025-05-20T18:27:20","date_gmt":"2025-05-20T18:27:20","guid":{"rendered":"https:\/\/electricstore.eu\/p\/uncategorized\/flashfish-tsp18v-60w-foldable-solar-panel-portable-solar-charger-with-dc-outputs-2-usb-outputs\/"},"modified":"2025-05-20T18:27:21","modified_gmt":"2025-05-20T18:27:21","slug":"flashfish-tsp18v-60w-foldable-solar-panel-portable-solar-charger-with-dc-outputs-2-usb-outputs","status":"publish","type":"product","link":"https:\/\/www.electricstore.eu\/da\/p\/batteries\/foldable-solar-panels\/flashfish-tsp18v-60w-foldable-solar-panel-portable-solar-charger-with-dc-outputs-2-usb-outputs\/","title":{"rendered":"Flashfish TSP18V 60W foldbart solpanel b\u00e6rbar soloplader med DC-udgange 2 USB-udgange"},"content":{"rendered":"<div class=\"product-specs-list-container\">\n<ul class=\"product-specs-list util-clearfix\">\n<li class=\"product-prop line-limit-length\"><span\n                                        class=\"property-title\">M\u00e6rke:&nbsp;<\/span><span\n                                        class=\"property-desc line-limit-length\">Flashfish<\/span>\n                            <\/li>\n<li class=\"product-prop line-limit-length\"><span\n                                        class=\"property-title\">Type:&nbsp;<\/span><span\n                                        class=\"property-desc line-limit-length\">Solpanel<\/span>\n                            <\/li>\n<li class=\"product-prop line-limit-length\"><span\n                                        class=\"property-title\">Model:&nbsp;<\/span><span\n                                        class=\"property-desc line-limit-length\">TSP18V60W<\/span>\n                            <\/li>\n<li class=\"product-prop line-limit-length\"><span\n                                        class=\"property-title\">Nominel effekt:&nbsp;<\/span><span\n                                        class=\"property-desc line-limit-length\">60W<\/span>\n                            <\/li>\n<li class=\"product-prop line-limit-length\"><span\n                                        class=\"property-title\">USB-C-udgang:&nbsp;<\/span><span\n                                        class=\"property-desc line-limit-length\">45W Maks.<\/span>\n                            <\/li>\n<\/ul><\/div>\n<p style=\"font-family:&quot;Microsoft YaHei&quot;;font-size:medium;font-weight:400;letter-spacing:normal;text-align:start;white-space:normal;color:rgb(0, 0, 0)\" align=\"start\"><strong><span style=\"font-size:x-large\">H\u00f8jdepunkter<\/span><\/strong><\/p>\n<p><\/p>\n<p style=\"font-family:&quot;Microsoft YaHei&quot;;font-size:medium;font-weight:400;letter-spacing:normal;text-align:start;white-space:normal;color:rgb(0, 0, 0)\" align=\"start\"><span style=\"font-size:14px\"><span style=\"font-family:arial, helvetica, sans-serif\"><strong>DC-udgang til de fleste solgeneratorer<\/strong><\/span><\/span><span style=\"font-size:14px\"><span style=\"font-family:arial, helvetica, sans-serif\"><br \/>Flashfish 60W foldbart solpanel er designet til de fleste solgeneratorer. Med et DC5521-kabel til opladning af Flashfish 151Wh\/166Wh\/222Wh\/300Wh (s\u00e6lges separat) og ROCKPALS 250W\/300W\/350W\/500W b\u00e6rbart str\u00f8manl\u00e6g. Derudover er det udstyret med 3 ekstra stik: en 8 mm DC-adapter til Goal Zero\/Jackery, en 5,5\u00d72,5 mm DC-adapter til Suaoki b\u00e6rbar generator og et 3,5\u00d71,35 mm stik.<br \/><\/span><\/span><span style=\"font-size:14px\"><span style=\"font-family:arial, helvetica, sans-serif\"><strong>2 USB-porte solcelleoplader<\/strong><\/span><\/span><span style=\"font-size:14px\"><span style=\"font-family:arial, helvetica, sans-serif\"><br \/>Dette solpanel er udstyret med 1 x USB-C (45W) og 1 x USB-A (18W) udgang, og USB-C-porten underst\u00f8tter PD-opladning. Det kan forsyne dine smartphones og tablets (iPhone, iPad, Samsung Galaxy), GPS, digitalkameraer osv. med str\u00f8m.<br \/><\/span><\/span><span style=\"font-size:14px\"><span style=\"font-family:arial, helvetica, sans-serif\"><strong>Intelligent oplader<\/strong><\/span><\/span><span style=\"font-size:14px\"><span style=\"font-family:arial, helvetica, sans-serif\"><br \/>Med en indbygget avanceret chip leverer 60W solpanelet en opladningseffektivitet, der er hurtigere end traditionelle controllere. Det identificerer intelligent din enhed og maksimerer dens opladningshastighed, samtidig med at det beskytter dine enheder mod overopladning og overbelastning.<br \/><\/span><\/span><span style=\"font-size:14px\"><span style=\"font-family:arial, helvetica, sans-serif\"><strong>H\u00f8j effektivitet<\/strong><\/span><\/span><span style=\"font-size:14px\"><span style=\"font-family:arial, helvetica, sans-serif\"><br \/>Den er konstrueret af h\u00f8jeffektive solpaneler og konverterer op til 21,5-23,5% solenergi til gratis energi.<br \/><\/span><\/span><span style=\"font-size:14px\"><span style=\"font-family:arial, helvetica, sans-serif\"><strong>Sammenklappelig og justerbar st\u00e5ende<\/strong><\/span><\/span><span style=\"font-size:14px\"><span style=\"font-family:arial, helvetica, sans-serif\"><br \/>Solpanelet vejer kun 180 g, og med en sammenklappelig dimension p\u00e5 43 x 41 cm er det nemmere at transportere, h\u00e6nge op og fjerne. Udstyret med 2 st\u00f8tteben kan det hj\u00e6lpe brugerne med at justere solpanelets retning i henhold til sollyset, s\u00e5 det f\u00e5r op til 25% mere sollys end fladtliggende.<\/span><\/span><\/p>\n<p><\/p>\n<h2 style=\"font-family:&quot;Microsoft YaHei&quot;;font-size:14px;letter-spacing:normal;text-align:start;white-space:normal;color:rgb(0, 0, 0);margin:10px 0px;margin-bottom:10px;margin-top:10px;margin-left:0px;margin-right:0px;padding:0px;padding-bottom:0px;padding-top:0px;padding-left:0px;padding-right:0px\" align=\"start\"><span style=\"font-size:26px\"><strong>Specifikation<\/strong><\/span><\/h2>\n<p><\/p>\n<table style=\"border-collapse:collapse;font-family:&quot;Microsoft YaHei&quot;;width:912px\" class=\"jbEidtTable\" border=\"1\" cellpadding=\"5\" cellspacing=\"0\">\n<tbody>\n<tr>\n<td style=\"text-align:left\" align=\"left\">\n<p><span style=\"font-size:14px\"><span style=\"font-family:arial, helvetica, sans-serif\"><strong>Generel<\/strong><\/span><\/span><\/p>\n<\/td>\n<td style=\"text-align:left\" align=\"left\">\n<p><span style=\"font-size:14px\"><span style=\"font-family:arial, helvetica, sans-serif\">M\u00e6rke: Flashfish<br \/>Type: Solpanel<br \/>Model: TSP18V60W<\/span><\/span><\/p>\n<\/td>\n<\/tr>\n<tr>\n<td style=\"text-align:left\" align=\"left\">\n<p><span style=\"font-size:14px\"><span style=\"font-family:arial, helvetica, sans-serif\"><strong>Specifikation<\/strong><\/span><\/span><\/p>\n<\/td>\n<td style=\"text-align:left\" align=\"left\">\n<p><span style=\"font-size:14px\"><span style=\"font-family:arial, helvetica, sans-serif\">Nominel effekt: 60W<br \/>Solenergikonverteringshastighed: 21,5% -23,5%<br \/>DC-udgangssp\u00e6nding: 18V \/ 3,34A maks.<br \/>USB-A-udgang (QC3.0): 18W maks.<br \/>USB-C-udgang: Maks. 45 W<br \/>Kompatible enheder: B\u00e6rbar str\u00f8mforsyning, smartphones, tablets, kameraer osv.<\/span><\/span><\/p>\n<\/td>\n<\/tr>\n<tr>\n<td style=\"text-align:left\" align=\"left\">\n<p><span style=\"font-size:14px\"><span style=\"font-family:arial, helvetica, sans-serif\"><strong>V\u00e6gt og st\u00f8rrelse<\/strong><\/span><\/span><\/p>\n<\/td>\n<td style=\"text-align:left\" align=\"left\">\n<p><span style=\"font-size:14px\"><span style=\"font-family:arial, helvetica, sans-serif\">Produktv\u00e6gt: 1,9 kg<br \/>Pakkev\u00e6gt: 2,5 kg<br \/>Foldet st\u00f8rrelse (L x B): 45,6 \u00d7 41,7 cm<br \/>Pakkest\u00f8rrelse (L x B x H): 50x46x6 cm<\/span><\/span><\/p>\n<\/td>\n<\/tr>\n<tr>\n<td style=\"text-align:left\" align=\"left\">\n<p><span style=\"font-size:14px\"><span style=\"font-family:arial, helvetica, sans-serif\"><strong>Pakkens indhold<\/strong><\/span><\/span><\/p>\n<\/td>\n<td style=\"text-align:left\" align=\"left\">\n<p><span style=\"font-size:14px\"><span style=\"font-family:arial, helvetica, sans-serif\">1 x 18V\/60W solpanel<br \/>1 x 18V DC-kabel (5,5 \u00d7 2,1 mm)<br \/>1 x 8 mm stik<br \/>1 x 5,5 \u00d7 2,5 mm stik<br \/>1 x 3,5 \u00d7 1,35 mm stik<br \/>1 x Brugermanual<\/span><\/span><\/p>\n<\/td>\n<\/tr>\n<\/tbody>\n<\/table>\n<p style=\"font-family:&quot;Microsoft YaHei&quot;;font-size:medium;font-weight:400;letter-spacing:normal;text-align:start;white-space:normal;color:rgb(0, 0, 0)\" align=\"start\"><img decoding=\"async\" src=\"https:\/\/ae01.alicdn.com\/kf\/S55203f2314d845daa45c6547825996bea.jpg\" slate-data-type=\"image\"\/><img decoding=\"async\" src=\"https:\/\/ae01.alicdn.com\/kf\/Scad2934a44eb418d9fa7631cc5dd3fdba.jpg\" slate-data-type=\"image\"\/><img decoding=\"async\" src=\"https:\/\/ae01.alicdn.com\/kf\/S8065f860dccf4c0b9b421d56a4c84f15l.jpg\" slate-data-type=\"image\"\/><img decoding=\"async\" src=\"https:\/\/ae01.alicdn.com\/kf\/S4e9cbb93eff445259f15ba45f5b0c15bP.jpg\" slate-data-type=\"image\"\/><img decoding=\"async\" src=\"https:\/\/ae01.alicdn.com\/kf\/S9301889262594f59822b0ac9521b038a6.jpg\" slate-data-type=\"image\"\/><img decoding=\"async\" src=\"https:\/\/ae01.alicdn.com\/kf\/S36b5f2f0ccee482d91b8a5511aad6049U.jpg\" slate-data-type=\"image\"\/><img decoding=\"async\" src=\"https:\/\/ae01.alicdn.com\/kf\/S44cab78585a44e9497d744abecf62945Q.jpg\" slate-data-type=\"image\"\/><img decoding=\"async\" src=\"https:\/\/ae01.alicdn.com\/kf\/S15bafe700c734fbd8e046fc2b602e14dB.jpg\" slate-data-type=\"image\"\/><img decoding=\"async\" src=\"https:\/\/ae01.alicdn.com\/kf\/S4c75e1997cf64a87ac6de4c1a75cef73j.jpg\" slate-data-type=\"image\"\/><img decoding=\"async\" src=\"https:\/\/ae01.alicdn.com\/kf\/S176a6a29fa1f40afa65654a8e1672d4fl.jpg\" slate-data-type=\"image\"\/><img decoding=\"async\" src=\"https:\/\/ae01.alicdn.com\/kf\/S6d032020a99b42da81b785aaeca4107aQ.jpg\" slate-data-type=\"image\"\/><img decoding=\"async\" src=\"https:\/\/ae01.alicdn.com\/kf\/S6b9acd51a29e46969d81634b2301588ci.jpg\" slate-data-type=\"image\"\/><img decoding=\"async\" src=\"https:\/\/ae01.alicdn.com\/kf\/Sd32c52d50ae140739776590aa6cd9accH.jpg\" slate-data-type=\"image\"\/><\/p>","protected":false},"excerpt":{"rendered":"<p>Brand:&nbsp;Flashfish Type:&nbsp;Solar Panel Model:&nbsp;TSP18V60W Rated Output:&nbsp;60W USB-C Output:&nbsp;45W Max Highlights DC Output for Most Solar GeneratorsFlashfish 60W foldable solar panel is designed for most solar generators. With a DC5521 cable<\/p>","protected":false},"featured_media":21825,"comment_status":"open","ping_status":"closed","template":"","meta":{"_acf_changed":false},"product_brand":[],"product_cat":[531],"product_tag":[],"class_list":{"0":"post-21824","1":"product","2":"type-product","3":"status-publish","4":"has-post-thumbnail","6":"product_cat-foldable-solar-panels","8":"first","9":"instock","10":"shipping-taxable","11":"purchasable","12":"product-type-simple"},"acf":[],"_links":{"self":[{"href":"https:\/\/www.electricstore.eu\/da\/wp-json\/wp\/v2\/product\/21824","targetHints":{"allow":["GET"]}}],"collection":[{"href":"https:\/\/www.electricstore.eu\/da\/wp-json\/wp\/v2\/product"}],"about":[{"href":"https:\/\/www.electricstore.eu\/da\/wp-json\/wp\/v2\/types\/product"}],"replies":[{"embeddable":true,"href":"https:\/\/www.electricstore.eu\/da\/wp-json\/wp\/v2\/comments?post=21824"}],"wp:featuredmedia":[{"embeddable":true,"href":"https:\/\/www.electricstore.eu\/da\/wp-json\/wp\/v2\/media\/21825"}],"wp:attachment":[{"href":"https:\/\/www.electricstore.eu\/da\/wp-json\/wp\/v2\/media?parent=21824"}],"wp:term":[{"taxonomy":"product_brand","embeddable":true,"href":"https:\/\/www.electricstore.eu\/da\/wp-json\/wp\/v2\/product_brand?post=21824"},{"taxonomy":"product_cat","embeddable":true,"href":"https:\/\/www.electricstore.eu\/da\/wp-json\/wp\/v2\/product_cat?post=21824"},{"taxonomy":"product_tag","embeddable":true,"href":"https:\/\/www.electricstore.eu\/da\/wp-json\/wp\/v2\/product_tag?post=21824"}],"curies":[{"name":"wp","href":"https:\/\/api.w.org\/{rel}","templated":true}]}}