{"id":21792,"date":"2025-05-20T18:27:06","date_gmt":"2025-05-20T18:27:06","guid":{"rendered":"https:\/\/electricstore.eu\/p\/uncategorized\/ampace-p600-pro-1800w-pure-sine-wave-584wh-lifepo4-battery-2000-cycles-app-control-600w-solar-generator-for-outdoor-camping\/"},"modified":"2025-05-20T18:27:07","modified_gmt":"2025-05-20T18:27:07","slug":"ampace-p600-pro-1800w-pure-sine-wave-584wh-lifepo4-battery-2000-cycles-app-control-600w-solar-generator-for-outdoor-camping","status":"publish","type":"product","link":"https:\/\/www.electricstore.eu\/da\/p\/batteries\/portable-power-stations\/ampace-p600-pro-1800w-pure-sine-wave-584wh-lifepo4-battery-2000-cycles-app-control-600w-solar-generator-for-outdoor-camping\/","title":{"rendered":"Ampace P600 Pro 1800W ren sinusb\u00f8lge 584Wh LiFePO4 batteri 2000 cyklusser APP-styring 600W solcellegenerator til udend\u00f8rs camping"},"content":{"rendered":"<div class=\"product-specs-list-container\">\n<ul class=\"product-specs-list util-clearfix\">\n<li class=\"product-prop line-limit-length\"><span\n                                        class=\"property-title\">Nominel kapacitet:&nbsp;<\/span><span\n                                        class=\"property-desc line-limit-length\">584Wh<\/span>\n                            <\/li>\n<li class=\"product-prop line-limit-length\"><span\n                                        class=\"property-title\">Modelnummer:&nbsp;<\/span><span\n                                        class=\"property-desc line-limit-length\">ANDES 600 Pro<\/span>\n                            <\/li>\n<li class=\"product-prop line-limit-length\"><span\n                                        class=\"property-title\">Type:&nbsp;<\/span><span\n                                        class=\"property-desc line-limit-length\">LiFePO4<\/span>\n                            <\/li>\n<li class=\"product-prop line-limit-length\"><span\n                                        class=\"property-title\">S\u00e6ttype:&nbsp;<\/span><span\n                                        class=\"property-desc line-limit-length\">Opladers\u00e6t<\/span>\n                            <\/li>\n<li class=\"product-prop line-limit-length\"><span\n                                        class=\"property-title\">M\u00e6rke:&nbsp;<\/span><span\n                                        class=\"property-desc line-limit-length\">Ampace<\/span>\n                            <\/li>\n<li class=\"product-prop line-limit-length\"><span\n                                        class=\"property-title\">Type:&nbsp;<\/span><span\n                                        class=\"property-desc line-limit-length\">B\u00e6rbart kraftv\u00e6rk<\/span>\n                            <\/li>\n<li class=\"product-prop line-limit-length\"><span\n                                        class=\"property-title\">Model:&nbsp;<\/span><span\n                                        class=\"property-desc line-limit-length\">ANDES 600 Pro<\/span>\n                            <\/li>\n<li class=\"product-prop line-limit-length\"><span\n                                        class=\"property-title\">Kapacitet:&nbsp;<\/span><span\n                                        class=\"property-desc line-limit-length\">584Wh<\/span>\n                            <\/li>\n<li class=\"product-prop line-limit-length\"><span\n                                        class=\"property-title\">Certificering:&nbsp;<\/span><span\n                                        class=\"property-desc line-limit-length\">UL, CE, FCC, PSE, RoHS<\/span>\n                            <\/li>\n<li class=\"product-prop line-limit-length\"><span\n                                        class=\"property-title\">Hjemme-EPS:&nbsp;<\/span><span\n                                        class=\"property-desc line-limit-length\">20 ms<\/span>\n                            <\/li>\n<li class=\"product-prop line-limit-length\"><span\n                                        class=\"property-title\">Lys:&nbsp;<\/span><span\n                                        class=\"property-desc line-limit-length\">LED-lys + omgivende lys<\/span>\n                            <\/li>\n<li class=\"product-prop line-limit-length\"><span\n                                        class=\"property-title\">Type A:&nbsp;<\/span><span\n                                        class=\"property-desc line-limit-length\">9 udgangsporte<\/span>\n                            <\/li>\n<\/ul><\/div>\n<p><\/p>\n<p style=\"font-family:&quot;Microsoft YaHei&quot;;font-size:medium;font-weight:400;letter-spacing:normal;text-align:start;white-space:normal;color:rgb(0, 0, 0)\" align=\"start\"><span style=\"font-size:x-large\">H\u00f8jdepunkter<\/span><\/p>\n<p><\/p>\n<h3 style=\"font-family:&quot;Microsoft YaHei&quot;;letter-spacing:normal;text-align:start;white-space:normal;color:rgb(0, 0, 0)\" align=\"start\">Milj\u00f8venlig, effektiv og b\u00e6rbar kraftv\u00e6rk<\/h3>\n<p style=\"font-family:&quot;Microsoft YaHei&quot;;font-size:medium;font-weight:400;letter-spacing:normal;text-align:start;white-space:normal;color:rgb(0, 0, 0)\" align=\"start\">Med en v\u00e6gt p\u00e5 kun 7 kg er Ampace ANDES 600 Pro-kraftv\u00e6rket en let og ultrab\u00e6rbar l\u00f8sning til str\u00f8m p\u00e5 farten. Bygget med avanceret SiC-teknologi opn\u00e5r det energieffektivitet p\u00e5 op til 95%, hvilket minimerer energitab og underst\u00f8tter b\u00e6redygtig energiforbrug. Perfekt til camping, vandreture eller n\u00f8dsituationer, leverer dette kompakte kraftv\u00e6rk enest\u00e5ende ydeevne uden at v\u00e6re for stort.<\/p>\n<h3 style=\"font-family:&quot;Microsoft YaHei&quot;;letter-spacing:normal;text-align:start;white-space:normal;color:rgb(0, 0, 0)\" align=\"start\">Alsidig kraft til ethvert behov<\/h3>\n<p style=\"font-family:&quot;Microsoft YaHei&quot;;font-size:medium;font-weight:400;letter-spacing:normal;text-align:start;white-space:normal;color:rgb(0, 0, 0)\" align=\"start\">Med 9 multifunktionelle porte kan ANDES 600 Pro str\u00f8mforsyne forskellige enheder, lige fra smartphones og b\u00e6rbare computere til minik\u00f8leskabe og CPAP-maskiner. Dens fleksible opladningsmuligheder \u2013 herunder AC, solcelleanl\u00e6g og bilopladning \u2013 g\u00f8r den til et tilpasningsdygtigt valg til forskellige scenarier som udend\u00f8rs eventyr eller n\u00f8dstr\u00f8m i hjemmet.<\/p>\n<h3 style=\"font-family:&quot;Microsoft YaHei&quot;;letter-spacing:normal;text-align:start;white-space:normal;color:rgb(0, 0, 0)\" align=\"start\">Hurtig opladning og lang batterilevetid<\/h3>\n<p style=\"font-family:&quot;Microsoft YaHei&quot;;font-size:medium;font-weight:400;letter-spacing:normal;text-align:start;white-space:normal;color:rgb(0, 0, 0)\" align=\"start\">Den b\u00e6rbare Ampace ANDES 600 Pro-kraftstation tilbyder lynhurtig genopladning med A-Boost-teknologi, der g\u00e5r fra 0 til 100% p\u00e5 bare 1,5 timer. Udstyret med avanceret LiFePO\u2084-batteriteknologi tilbyder den en imponerende levetid p\u00e5 op til 2.000 cyklusser, hvilket sikrer p\u00e5lidelig ydeevne i mange \u00e5r fremover. Integreret SiC-teknologi sikrer energieffektivitet p\u00e5 op til 95% og leverer overlegen ydeevne ved hver opladning.<\/p>\n<h3 style=\"font-family:&quot;Microsoft YaHei&quot;;letter-spacing:normal;text-align:start;white-space:normal;color:rgb(0, 0, 0)\" align=\"start\">Holdbar og p\u00e5lidelig str\u00f8ml\u00f8sning<\/h3>\n<p style=\"font-family:&quot;Microsoft YaHei&quot;;font-size:medium;font-weight:400;letter-spacing:normal;text-align:start;white-space:normal;color:rgb(0, 0, 0)\" align=\"start\">Dette kraftv\u00e6rk er designet til barske milj\u00f8er og fungerer p\u00e5lideligt i temperaturer helt ned til -20\u00b0C\/-4\u00b0F. EPS-autoswitchfunktionen aktiveres p\u00e5 under 30 ms, hvilket garanterer uafbrudt str\u00f8m under afbrydelser eller n\u00f8dsituationer. Med over 2.800 kvalitetskontroller og internationale certificeringer prioriterer Ampace ANDES 600 Pro sikkerhed og p\u00e5lidelighed. Det er en p\u00e5lidelig ledsager til hjemmet, rejser og udend\u00f8rsaktiviteter, der tilbyder p\u00e5lidelig str\u00f8m, n\u00e5r og hvor du har mest brug for det.<\/p>\n<h3 style=\"font-family:&quot;Microsoft YaHei&quot;;letter-spacing:normal;text-align:start;white-space:normal;color:rgb(0, 0, 0)\" align=\"start\">Smarte funktioner med stille drift<\/h3>\n<p style=\"font-family:&quot;Microsoft YaHei&quot;;font-size:medium;font-weight:400;letter-spacing:normal;text-align:start;white-space:normal;color:rgb(0, 0, 0)\" align=\"start\">Bevar fuld kontrol med en intelligent app, der giver ubesv\u00e6ret overv\u00e5gning og styring. Med et hviskende stille st\u00f8jniveau p\u00e5 under 30 dB er den b\u00e6rbare Ampace ANDES 600 Pro-kraftstation ideel til indend\u00f8rs brug eller fredelige udend\u00f8rsoplevelser. Dens intuitive design sikrer en problemfri brugeroplevelse, selv i de mest kr\u00e6vende scenarier.<\/p>\n<p><\/p>\n<h2 style=\"font-family:&quot;Microsoft YaHei&quot;;font-size:14px;letter-spacing:normal;text-align:start;white-space:normal;color:rgb(0, 0, 0);margin:10px 0px;margin-bottom:10px;margin-top:10px;margin-left:0px;margin-right:0px;padding:0px;padding-bottom:0px;padding-top:0px;padding-left:0px;padding-right:0px\" align=\"start\">Specifikation<\/h2>\n<p><\/p>\n<table style=\"border-collapse:collapse;font-family:&quot;Microsoft YaHei&quot;;width:1215.38px\" border=\"1\" cellpadding=\"8\">\n<tbody>\n<tr>\n<td style=\"width:308.788px;height:121px\" width=\"152\">\n<p><strong>Generel<\/strong><\/p>\n<\/td>\n<td style=\"width:872.188px;height:121px\" width=\"415\">\n<p>M\u00e6rke: Ampace<br \/>Type: B\u00e6rbart kraftv\u00e6rk<br \/>Model: ANDES 600 Pro<br \/>Farve: Sort<\/p>\n<\/td>\n<\/tr>\n<tr>\n<td style=\"width:308.788px;height:188px\" width=\"152\">\n<p><strong>Grundl\u00e6ggende specifikation<\/strong><\/p>\n<\/td>\n<td style=\"width:872.188px;height:188px\" width=\"415\">\n<p>Kapacitet: 584 Wh<br \/>APP-kontrol: Ja<br \/>Certificering: UL, CE, FCC, PSE, RoHS<br \/>Hjemme-EPS: 20ms<br \/>Lys: LED-lys + omgivende lys<br \/>Opladningstemperatur: -10\u2103~45\u2103 (14\u00b0F~113\u00b0F)<br \/>Afladningstemperatur: -20\u2103~45\u2103(-4\u00b0F~113\u00b0F)<\/p>\n<\/td>\n<\/tr>\n<tr>\n<td style=\"width:308.788px;height:233px\" width=\"152\">\n<p><strong>Produktion<\/strong><\/p>\n<\/td>\n<td style=\"width:872.188px;height:233px\" width=\"415\">\n<p>ACx2: Ren sinusb\u00f8lge, 600W (1800W oversp\u00e6nding) i alt, EU: 220~240V 50Hz<br \/>Maksimal enhedseffekt underst\u00f8ttet af A-turbo: 1.800 W til ohmske belastninger<br \/>USB-Cx1: 5V\/3A, 9V\/3A, 12V\/3A, 15V\/3A, 20V\/5A, maks. 100W<br \/>USB-Cx1: 5V\/3A, 9V\/3A, 12V\/3A, 15V\/3A, 20V\/3A, maks. 60W<br \/>USB-Ax2: 5V\/3A, 9V\/2A, 12V\/1,5A, maks. 18W pr. port<br \/>Bilstikd\u00e5se x1: 12V\/10A, maks. 120W<br \/>DC 5521 Udgang x 2: 12V\/10A, 120W maks.<\/p>\n<\/td>\n<\/tr>\n<tr>\n<td style=\"width:308.788px;height:121px\" width=\"152\">\n<p><strong>Input<\/strong><\/p>\n<\/td>\n<td style=\"width:872.188px;height:121px\" width=\"415\">\n<p>AC-opladningsindgang: EU 220~240V, 50Hz (A-Boost hurtigopladning: 550W, maks.)<br \/>Solpanelopladningsindgang: DC11~30V, 12A (maks. 200W)<br \/>Bilopladningsindgang: DC12V\/24V, 8A (maks. 96W)<\/p>\n<\/td>\n<\/tr>\n<tr>\n<td style=\"width:308.788px;height:166px\" width=\"152\">\n<p><strong>Batteriinfo<\/strong><\/p>\n<\/td>\n<td style=\"width:872.188px;height:166px\" width=\"415\">\n<p>Cellekemisystem: LiFePO\u2084 hybridsystem<br \/>Cykluslevetid: 2000 cyklusser<br \/>Beskyttelse: Lavtemperaturbeskyttelse; Lavsp\u00e6ndingsbeskyttelse; Overstr\u00f8msbeskyttelse; Overbelastningsbeskyttelse; Overtemperaturbeskyttelse; Oversp\u00e6ndingsbeskyttelse; Kortslutningsbeskyttelse.<\/p>\n<\/td>\n<\/tr>\n<tr>\n<td style=\"width:308.788px;height:121px\" width=\"152\">\n<p><strong>V\u00e6gt og st\u00f8rrelse<\/strong><\/p>\n<\/td>\n<td style=\"width:872.188px;height:121px\" width=\"415\">\n<p>Produktv\u00e6gt: 7,6 kg \/ 16,8 lbs<br \/>Pakkev\u00e6gt: 8,5 kg\/18,74 lbs<br \/>Produktst\u00f8rrelse: 28,5 \u00d7 20,9 \u00d7 21,4 cm \/ 11,2 \u00d7 8,2 \u00d7 8,4 tommer<br \/>Pakkest\u00f8rrelse: 34,5 \u00d7 26,0 x 27,0 cm \/ 13,58 \u00d7 10,24 \u00d7 10,63 tommer<\/p>\n<\/td>\n<\/tr>\n<tr>\n<td style=\"width:308.788px;height:166px\" width=\"152\">\n<p><strong>Pakkeliste<\/strong><\/p>\n<\/td>\n<td style=\"width:872.188px;height:166px\" width=\"415\">\n<p>1 x ANDES 600 PRO\u00a0<br \/>1 x AC-opladekabel\u00a0<br \/>1 x bilopladekabel\u00a0<br \/>1 x kabelpose\u00a0<br \/>1 x Brugermanual<br \/>1 x garantikort\u00a0<\/p>\n<\/td>\n<\/tr>\n<\/tbody>\n<\/table>\n<p><img decoding=\"async\" src=\"https:\/\/ae01.alicdn.com\/kf\/S50d3d270f5294728b9149c67860a3f7bx.jpeg\" slate-data-type=\"image\"\/><img decoding=\"async\" src=\"https:\/\/ae01.alicdn.com\/kf\/S50168e86323c40c98388461af7027665g.jpeg\" slate-data-type=\"image\"\/><img decoding=\"async\" src=\"https:\/\/ae01.alicdn.com\/kf\/S9fa55404a0024cd6aff399bc311b6eb6R.jpeg\" slate-data-type=\"image\"\/><img decoding=\"async\" src=\"https:\/\/ae01.alicdn.com\/kf\/Sd8798235e8724107b6df349ed0f7a126b.jpeg\" slate-data-type=\"image\"\/><img decoding=\"async\" src=\"https:\/\/ae01.alicdn.com\/kf\/Sb3a5778a14b6478ca2593583af84f59cE.jpeg\" slate-data-type=\"image\"\/><img decoding=\"async\" src=\"https:\/\/ae01.alicdn.com\/kf\/S290b776314044876a5540209782747556.jpeg\" slate-data-type=\"image\"\/><img decoding=\"async\" src=\"https:\/\/ae01.alicdn.com\/kf\/S1cb214553c204920b394721e63e235e9J.jpeg\" slate-data-type=\"image\"\/><img decoding=\"async\" src=\"https:\/\/ae01.alicdn.com\/kf\/Saf659a2ca7a54135a2bd9f0182780f48n.jpeg\" slate-data-type=\"image\"\/><img decoding=\"async\" src=\"https:\/\/ae01.alicdn.com\/kf\/S88a60e0ac3ad426d92e280d3d9d27666s.jpeg\" slate-data-type=\"image\"\/><img decoding=\"async\" src=\"https:\/\/ae01.alicdn.com\/kf\/Sdb31ccd65c9f48c88164abcb341cc3830.jpeg\" slate-data-type=\"image\"\/><img decoding=\"async\" src=\"https:\/\/ae01.alicdn.com\/kf\/Sb83ba7317365404b8ccd8f3b0e7d214ah.jpeg\" slate-data-type=\"image\"\/><img decoding=\"async\" src=\"https:\/\/ae01.alicdn.com\/kf\/Sb3eebfeb3a5445e6a4766c3375ef32edK.jpeg\" slate-data-type=\"image\"\/><\/p>","protected":false},"excerpt":{"rendered":"<p>Nominal Capacity:&nbsp;584Wh Model Number:&nbsp;ANDES 600 Pro Type:&nbsp;LiFePO4 Set Type:&nbsp;Charger Sets Brand:&nbsp;Ampace Type:&nbsp;Portable Power Station Model:&nbsp;ANDES 600 Pro Capacity:&nbsp;584Wh Certification:&nbsp;UL, CE, FCC, PSE, RoHS Home EPS:&nbsp;20ms Light:&nbsp;LED Light+Ambient Light Type A:&nbsp;9<\/p>","protected":false},"featured_media":21794,"comment_status":"open","ping_status":"closed","template":"","meta":{"_acf_changed":false},"product_brand":[],"product_cat":[515],"product_tag":[],"class_list":{"0":"post-21792","1":"product","2":"type-product","3":"status-publish","4":"has-post-thumbnail","6":"product_cat-portable-power-stations","8":"first","9":"instock","10":"shipping-taxable","11":"purchasable","12":"product-type-simple"},"acf":[],"_links":{"self":[{"href":"https:\/\/www.electricstore.eu\/da\/wp-json\/wp\/v2\/product\/21792","targetHints":{"allow":["GET"]}}],"collection":[{"href":"https:\/\/www.electricstore.eu\/da\/wp-json\/wp\/v2\/product"}],"about":[{"href":"https:\/\/www.electricstore.eu\/da\/wp-json\/wp\/v2\/types\/product"}],"replies":[{"embeddable":true,"href":"https:\/\/www.electricstore.eu\/da\/wp-json\/wp\/v2\/comments?post=21792"}],"wp:featuredmedia":[{"embeddable":true,"href":"https:\/\/www.electricstore.eu\/da\/wp-json\/wp\/v2\/media\/21794"}],"wp:attachment":[{"href":"https:\/\/www.electricstore.eu\/da\/wp-json\/wp\/v2\/media?parent=21792"}],"wp:term":[{"taxonomy":"product_brand","embeddable":true,"href":"https:\/\/www.electricstore.eu\/da\/wp-json\/wp\/v2\/product_brand?post=21792"},{"taxonomy":"product_cat","embeddable":true,"href":"https:\/\/www.electricstore.eu\/da\/wp-json\/wp\/v2\/product_cat?post=21792"},{"taxonomy":"product_tag","embeddable":true,"href":"https:\/\/www.electricstore.eu\/da\/wp-json\/wp\/v2\/product_tag?post=21792"}],"curies":[{"name":"wp","href":"https:\/\/api.w.org\/{rel}","templated":true}]}}