{"id":21784,"date":"2025-05-20T18:27:00","date_gmt":"2025-05-20T18:27:00","guid":{"rendered":"https:\/\/electricstore.eu\/p\/uncategorized\/oukitel-p5000-pro-solar-generator-160000mah-power-station-4000w-pure-sine-wave-smart-temperature-control-charging-stations\/"},"modified":"2025-05-20T18:27:10","modified_gmt":"2025-05-20T18:27:10","slug":"oukitel-p5000-pro-solar-generator-160000mah-power-station-4000w-pure-sine-wave-smart-temperature-control-charging-stations","status":"publish","type":"product","link":"https:\/\/www.electricstore.eu\/da\/p\/batteries\/portable-power-stations\/oukitel-p5000-pro-solar-generator-160000mah-power-station-4000w-pure-sine-wave-smart-temperature-control-charging-stations\/","title":{"rendered":"OUKITEL P5000 Pro Solcellegenerator 160000mAh Kraftv\u00e6rk 4000W Ren Sinusb\u00f8lge Smart Temperaturkontrol Ladestationer"},"content":{"rendered":"<div class=\"product-specs-list-container\">\n<ul class=\"product-specs-list util-clearfix\">\n<li class=\"product-prop line-limit-length\"><span\n                                        class=\"property-title\">Anvendelse:&nbsp;<\/span><span\n                                        class=\"property-desc line-limit-length\">Solenergilagring<\/span>\n                            <\/li>\n<li class=\"product-prop line-limit-length\"><span\n                                        class=\"property-title\">Nominel kapacitet:&nbsp;<\/span><span\n                                        class=\"property-desc line-limit-length\">160000 mAh<\/span>\n                            <\/li>\n<li class=\"product-prop line-limit-length\"><span\n                                        class=\"property-title\">Modelnummer:&nbsp;<\/span><span\n                                        class=\"property-desc line-limit-length\">OUKITEL P5000 Pro<\/span>\n                            <\/li>\n<li class=\"product-prop line-limit-length\"><span\n                                        class=\"property-title\">Type:&nbsp;<\/span><span\n                                        class=\"property-desc line-limit-length\">LiFePO4<\/span>\n                            <\/li>\n<li class=\"product-prop line-limit-length\"><span\n                                        class=\"property-title\">S\u00e6ttype:&nbsp;<\/span><span\n                                        class=\"property-desc line-limit-length\">Opladers\u00e6t<\/span>\n                            <\/li>\n<li class=\"product-prop line-limit-length\"><span\n                                        class=\"property-title\">M\u00e6rke:&nbsp;<\/span><span\n                                        class=\"property-desc line-limit-length\">OUKITEL<\/span>\n                            <\/li>\n<li class=\"product-prop line-limit-length\"><span\n                                        class=\"property-title\">Magt:&nbsp;<\/span><span\n                                        class=\"property-desc line-limit-length\">5120 Wh (51,2 V)<\/span>\n                            <\/li>\n<li class=\"product-prop line-limit-length\"><span\n                                        class=\"property-title\">Kapacitet:&nbsp;<\/span><span\n                                        class=\"property-desc line-limit-length\">160000 mAh<\/span>\n                            <\/li>\n<li class=\"product-prop line-limit-length\"><span\n                                        class=\"property-title\">Batteri:&nbsp;<\/span><span\n                                        class=\"property-desc line-limit-length\">LiFePO4<\/span>\n                            <\/li>\n<li class=\"product-prop line-limit-length\"><span\n                                        class=\"property-title\">Inverter:&nbsp;<\/span><span\n                                        class=\"property-desc line-limit-length\">Ren sinusb\u00f8lge<\/span>\n                            <\/li>\n<li class=\"product-prop line-limit-length\"><span\n                                        class=\"property-title\">Oversp\u00e6ndingseffekt:&nbsp;<\/span><span\n                                        class=\"property-desc line-limit-length\">8000W<\/span>\n                            <\/li>\n<li class=\"product-prop line-limit-length\"><span\n                                        class=\"property-title\">Funktioner 01:&nbsp;<\/span><span\n                                        class=\"property-desc line-limit-length\">b\u00e6rbart kraftv\u00e6rk<\/span>\n                            <\/li>\n<li class=\"product-prop line-limit-length\"><span\n                                        class=\"property-title\">Funktioner 02:&nbsp;<\/span><span\n                                        class=\"property-desc line-limit-length\">kraftv\u00e6rk<\/span>\n                            <\/li>\n<li class=\"product-prop line-limit-length\"><span\n                                        class=\"property-title\">Funktioner 03:&nbsp;<\/span><span\n                                        class=\"property-desc line-limit-length\">b\u00e6rbart solkraftv\u00e6rk<\/span>\n                            <\/li>\n<li class=\"product-prop line-limit-length\"><span\n                                        class=\"property-title\">Funktioner 04:&nbsp;<\/span><span\n                                        class=\"property-desc line-limit-length\">ladestationer<\/span>\n                            <\/li>\n<li class=\"product-prop line-limit-length\"><span\n                                        class=\"property-title\">Funktioner 05:&nbsp;<\/span><span\n                                        class=\"property-desc line-limit-length\">solgenerator<\/span>\n                            <\/li>\n<li class=\"product-prop line-limit-length\"><span\n                                        class=\"property-title\">Funktioner 06:&nbsp;<\/span><span\n                                        class=\"property-desc line-limit-length\">benzin elektrisk generator<\/span>\n                            <\/li>\n<li class=\"product-prop line-limit-length\"><span\n                                        class=\"property-title\">UPS-nominel effekt::&nbsp;<\/span><span\n                                        class=\"property-desc line-limit-length\">2800W<\/span>\n                            <\/li>\n<li class=\"product-prop line-limit-length\"><span\n                                        class=\"property-title\">Nominel effekt:&nbsp;<\/span><span\n                                        class=\"property-desc line-limit-length\">4000W<\/span>\n                            <\/li>\n<li class=\"product-prop line-limit-length\"><span\n                                        class=\"property-title\">Bilopladning:&nbsp;<\/span><span\n                                        class=\"property-desc line-limit-length\">12V\/8A, 24V\/10A<\/span>\n                            <\/li>\n<\/ul><\/div>\n<p><\/p>\n<p style=\"font-family:&quot;Noto Sans SC&quot;;font-size:medium;font-weight:400;letter-spacing:normal;text-align:start;white-space:normal;color:rgb(0, 0, 0)\" align=\"start\"><span style=\"font-size:x-large\">H\u00f8jdepunkter<\/span><\/p>\n<p><\/p>\n<h3 style=\"font-family:&quot;Noto Sans SC&quot;;letter-spacing:normal;text-align:start;white-space:normal;color:rgb(0, 0, 0)\" align=\"start\">AC 4000W effekt til kr\u00e6vende brug<\/h3>\n<p style=\"font-family:&quot;Noto Sans SC&quot;;font-size:medium;font-weight:400;letter-spacing:normal;text-align:start;white-space:normal;color:rgb(0, 0, 0)\" align=\"start\">Brug apparater med h\u00f8j effekt uden overbelastning, f.eks. kraftige elv\u00e6rkt\u00f8jer i sm\u00e5 virksomheder og private hjem.<\/p>\n<h3 style=\"font-family:&quot;Noto Sans SC&quot;;letter-spacing:normal;text-align:start;white-space:normal;color:rgb(0, 0, 0)\" align=\"start\">Ikke mere m\u00f8rke, ikke flere bekymringer<\/h3>\n<p style=\"font-family:&quot;Noto Sans SC&quot;;font-size:medium;font-weight:400;letter-spacing:normal;text-align:start;white-space:normal;color:rgb(0, 0, 0)\" align=\"start\">Kombiner den med en dobbelt automatisk omskifter, og P5000 Pro t\u00e6nder for str\u00f8mmen, n\u00e5r str\u00f8mmen g\u00e5r ud, s\u00e5 dine husholdningsapparater k\u00f8rer problemfrit og du f\u00e5r ro i sindet i n\u00f8dsituationer.<\/p>\n<h3 style=\"font-family:&quot;Noto Sans SC&quot;;letter-spacing:normal;text-align:start;white-space:normal;color:rgb(0, 0, 0)\" align=\"start\">80% Kun om 1 time<\/h3>\n<p style=\"font-family:&quot;Noto Sans SC&quot;;font-size:medium;font-weight:400;letter-spacing:normal;text-align:start;white-space:normal;color:rgb(0, 0, 0)\" align=\"start\">Kombin\u00e9r op til 1000 W solcelleanl\u00e6g med 3200 W AC-input for verdensf\u00f8rende opladningshastigheder. F\u00e5 en 80%-opladning p\u00e5 kun 1 time. Eller hold dig til AC for en 80%-opladning p\u00e5 kun 15 timer.<\/p>\n<h3 style=\"font-family:&quot;Noto Sans SC&quot;;letter-spacing:normal;text-align:start;white-space:normal;color:rgb(0, 0, 0)\" align=\"start\">5000 cyklusser batteri bygget til at holde i 10 \u00e5r<\/h3>\n<p style=\"font-family:&quot;Noto Sans SC&quot;;font-size:medium;font-weight:400;letter-spacing:normal;text-align:start;white-space:normal;color:rgb(0, 0, 0)\" align=\"start\">P5000 Pro v\u00e6lger det sikre, stabile og langtidsholdbare LiFePO4-batteri. Det giver dig 5000 cyklusser, s\u00e5 dit batteri holder i op til 10 \u00e5r.<\/p>\n<h3 style=\"font-family:&quot;Noto Sans SC&quot;;letter-spacing:normal;text-align:start;white-space:normal;color:rgb(0, 0, 0)\" align=\"start\">Smart temperaturstyring<\/h3>\n<p style=\"font-family:&quot;Noto Sans SC&quot;;font-size:medium;font-weight:400;letter-spacing:normal;text-align:start;white-space:normal;color:rgb(0, 0, 0)\" align=\"start\">Den konstante temperaturregulering sikrer, at P5000 Pro-kraftv\u00e6rket fungerer ved optimale temperaturer og beskytter det mod overophedning og potentielle tab.<\/p>\n<h3 style=\"font-family:&quot;Noto Sans SC&quot;;letter-spacing:normal;text-align:start;white-space:normal;color:rgb(0, 0, 0)\" align=\"start\">Kontrol i realtid lige ved h\u00e5nden<\/h3>\n<p style=\"font-family:&quot;Noto Sans SC&quot;;font-size:medium;font-weight:400;letter-spacing:normal;text-align:start;white-space:normal;color:rgb(0, 0, 0)\" align=\"start\">Uanset om du er hjemme eller p\u00e5 farten, kan du overv\u00e5ge og administrere batteriet direkte fra din telefon med appen via WiFi eller Bluetooth.<\/p>\n<p><\/p>\n<h2 style=\"font-family:&quot;Noto Sans SC&quot;;font-size:14px;letter-spacing:normal;text-align:start;white-space:normal;color:rgb(0, 0, 0);margin:10px 0px;margin-bottom:10px;margin-top:10px;margin-left:0px;margin-right:0px;padding:0px;padding-bottom:0px;padding-top:0px;padding-left:0px;padding-right:0px\" align=\"start\">Specifikation<\/h2>\n<p><\/p>\n<table style=\"border-collapse:collapse;font-family:&quot;Noto Sans SC&quot;;width:1000px\" class=\"jbEidtTable\" border=\"1\" cellpadding=\"5\" cellspacing=\"0\">\n<tbody>\n<tr>\n<td style=\"text-align:left\" align=\"left\">\n<p><strong>Generel<\/strong><\/p>\n<\/td>\n<td style=\"text-align:left\" align=\"left\">\n<p>M\u00e6rke: OUKITEL<br \/>Type: B\u00e6rbart kraftv\u00e6rk<br \/>Model: P5000 Pro<br \/>Farve: Sort<\/p>\n<\/td>\n<\/tr>\n<tr>\n<td style=\"text-align:left\" align=\"left\">\n<p><strong>Specifikation<\/strong><\/p>\n<\/td>\n<td style=\"text-align:left\" align=\"left\">\n<p>Elektriske specifikationer<br \/>Effekt: 5120 Wh (51,2 V)<br \/>Kapacitet: 160000 mAh<br \/>Batteri: LiFePO4<br \/>Cykluslevetid: 5000+<br \/>Inverter: Ren sinusb\u00f8lge<br \/>AC-adapter: 12V-120V \/ 15A, Maksimum 1000W<br \/>Superhurtig opladning: Maks. 3200 W, AC 200-240 V vekselstr\u00f8m Maks. 10 A<br \/>AC-opladningstid: 1,6 timer<br \/>Solpanelstik: 1* XT60-port, 12V-120V \/ 15A, MPPT MAX 1000W<br \/>Solopladning: 5 timer<br \/>Bilopladning: 12V\/8A, 24V\/10A<br \/>Samme tid opladning og afladning: Support<\/p>\n<p>AC-udgang<br \/>Nominel effekt: 4000W<br \/>UPS-nominel effekt: 2800W<br \/>St\u00f8dningsstr\u00f8m: 8000W<br \/>Sp\u00e6nding: 200-240 V vekselstr\u00f8m<br \/>Nominel frekvens: 60Hz\/50Hz<br \/>4000W belastning: &lt; 5000W konstant effekt<br \/>Overbelastning: 5000W \u2264 belastning 6000W @ 1s; 8000W \u2265 belastning @ 0,5s<br \/>Invertereffektivitet: \u03b7=92%<br \/>Udladningsdybde: DOD=90%<\/p>\n<p>DC-udgang<br \/>AC-udgang: 5 porte AC 4000W<br \/>USB-A: 2* 12W (5V\/2,4A)<br \/>USB-A, QC3.0: 2* 18W (5V\/3A; 9V\/2A; 12V\/1,5A)<br \/>Type-C: 2* PD100W (5V3A; 9V3A; 12V3A; 15V3A; 20V5A)<br \/>DC48V: 1* 48V15A stikkontakt<br \/>DC12V: 2* 12V3A stikkontakt<br \/>Cigaret\u00e6nderport: 1* 12V\/10A stikkontakt<br \/>LED-belysning: \/<br \/>Driftstilstand<br \/>Starttid: &lt; 10 mS<br \/>Styringssystem: BMS-styring<br \/>Opladningstemperatur: 0-40 \u00b0C \/ 32-104 \u00b0F<br \/>Afladningstemperatur: -10-40 \u00b0C \/ -4-104 \u00b0F<br \/>Luftfugtighed: 10%-90%<br \/>K\u00f8lestrategi: 6*Bl\u00e6sere<br \/>Beskyttelse: Redning og kortslutning, overstr\u00f8m, oversp\u00e6nding, lavsp\u00e6nding, overbelastning, overtemperatur, overopladning<\/p>\n<\/td>\n<\/tr>\n<tr>\n<td style=\"text-align:left\" align=\"left\">\n<p><strong>V\u00e6gt og st\u00f8rrelse<\/strong><\/p>\n<\/td>\n<td style=\"text-align:left\" align=\"left\">\n<p>Produktv\u00e6gt: 53 kg<br \/>Pakkev\u00e6gt: 58 kg<br \/>Pakkest\u00f8rrelse (L x B x H): 69,2 \u00d7 41,3 \u00d7 59,5 cm<\/p>\n<\/td>\n<\/tr>\n<tr>\n<td style=\"text-align:left\" align=\"left\">\n<p><strong>Pakkens indhold<\/strong><\/p>\n<\/td>\n<td style=\"text-align:left\" align=\"left\">\n<p>1 x B\u00e6rbar kraftstation<br \/>1 x MC4-kabel<br \/>1 x bilopladekabel<br \/>1 x Adapter<br \/>1 x Brugermanual<\/p>\n<\/td>\n<\/tr>\n<\/tbody>\n<\/table>\n<p><\/p>\n<table style=\"border-collapse:collapse;font-family:&quot;Noto Sans SC&quot;;width:1000px\" class=\"jbEidtTable\" border=\"1\" cellpadding=\"5\" cellspacing=\"0\">\n<tbody>\n<tr>\n<td style=\"text-align:left\" align=\"left\">\n<p><strong>Generel<\/strong><\/p>\n<\/td>\n<td style=\"text-align:left\" align=\"left\">\n<p>M\u00e6rke: OUKITEL<br \/>Type: B\u00e6rbart kraftv\u00e6rk<br \/>Model: P5000 Pro<br \/>Farve: Sort<\/p>\n<\/td>\n<\/tr>\n<tr>\n<td style=\"text-align:left\" align=\"left\">\n<p><strong>Specifikation<\/strong><\/p>\n<\/td>\n<td style=\"text-align:left\" align=\"left\">\n<p>Elektriske specifikationer<br \/>Effekt: 5120 Wh (51,2 V)<br \/>Kapacitet: 160000 mAh<br \/>Batteri: LiFePO4<br \/>Cykluslevetid: 5000+<br \/>Inverter: Ren sinusb\u00f8lge<br \/>AC-adapter: 12V-120V \/ 15A, Maksimum 1000W<br \/>Superhurtig opladning: Maks. 3200 W, AC 200-240 V vekselstr\u00f8m Maks. 10 A<br \/>AC-opladningstid: 1,6 timer<br \/>Solpanelstik: 1* XT60-port, 12V-120V \/ 15A, MPPT MAX 1000W<br \/>Solopladning: 5 timer<br \/>Bilopladning: 12V\/8A, 24V\/10A<br \/>Samme tid opladning og afladning: Support<\/p>\n<p>AC-udgang<br \/>Nominel effekt: 4000W<br \/>UPS-nominel effekt: 2800W<br \/>St\u00f8dningsstr\u00f8m: 8000W<br \/>Sp\u00e6nding: 200-240 V vekselstr\u00f8m<br \/>Nominel frekvens: 60Hz\/50Hz<br \/>4000W belastning: &lt; 5000W konstant effekt<br \/>Overbelastning: 5000W \u2264 belastning 6000W @ 1s; 8000W \u2265 belastning @ 0,5s<br \/>Invertereffektivitet: \u03b7=92%<br \/>Udladningsdybde: DOD=90%<\/p>\n<p>DC-udgang<br \/>AC-udgang: 5 porte AC 4000W<br \/>USB-A: 2* 12W (5V\/2,4A)<br \/>USB-A, QC3.0: 2* 18W (5V\/3A; 9V\/2A; 12V\/1,5A)<br \/>Type-C: 2* PD100W (5V3A; 9V3A; 12V3A; 15V3A; 20V5A)<br \/>DC48V: 1* 48V15A stikkontakt<br \/>DC12V: 2* 12V3A stikkontakt<br \/>Cigaret\u00e6nderport: 1* 12V\/10A stikkontakt<br \/>LED-belysning: \/<br \/>Driftstilstand<br \/>Starttid: &lt; 10 mS<br \/>Styringssystem: BMS-styring<br \/>Opladningstemperatur: 0-40 \u00b0C \/ 32-104 \u00b0F<br \/>Afladningstemperatur: -10-40 \u00b0C \/ -4-104 \u00b0F<br \/>Luftfugtighed: 10%-90%<br \/>K\u00f8lestrategi: 6*Bl\u00e6sere<br \/>Beskyttelse: Redning og kortslutning, overstr\u00f8m, oversp\u00e6nding, lavsp\u00e6nding, overbelastning, overtemperatur, overopladning<\/p>\n<\/td>\n<\/tr>\n<tr>\n<td style=\"text-align:left\" align=\"left\">\n<p><strong>V\u00e6gt og st\u00f8rrelse<\/strong><\/p>\n<\/td>\n<td style=\"text-align:left\" align=\"left\">\n<p>Produktv\u00e6gt: 53 kg<br \/>Pakkev\u00e6gt: 58 kg<br \/>Pakkest\u00f8rrelse (L x B x H): 69,2 \u00d7 41,3 \u00d7 59,5 cm<\/p>\n<\/td>\n<\/tr>\n<tr>\n<td style=\"text-align:left\" align=\"left\">\n<p><strong>Pakkens indhold<\/strong><\/p>\n<\/td>\n<td style=\"text-align:left\" align=\"left\">\n<p>1 x B\u00e6rbar kraftstation<br \/>1 x MC4-kabel<br \/>1 x bilopladekabel<br \/>1 x Adapter<br \/>1 x Brugermanual<\/p>\n<\/td>\n<\/tr>\n<\/tbody>\n<\/table>\n<p style=\"font-family:&quot;Open Sans&quot;, Roboto, Arial, Helvetica, sans-serif, SimSun;font-size:14px;font-weight:400;letter-spacing:normal;line-height:inherit;text-align:start;white-space:normal;color:rgb(34, 34, 34);margin:0px;margin-bottom:0px;margin-top:0px;margin-left:0px;margin-right:0px;padding:0px;padding-bottom:0px;padding-top:0px;padding-left:0px;padding-right:0px;box-sizing:border-box\" align=\"start\">\n<p><img decoding=\"async\" style=\"border:0px;margin:0px;margin-bottom:0px;margin-top:0px;margin-left:0px;margin-right:0px;padding:0px;padding-bottom:0px;padding-top:0px;padding-left:0px;padding-right:0px;max-width:100%;box-sizing:border-box\" src=\"https:\/\/ae01.alicdn.com\/kf\/S09b2fab3925b4b27879fab9daadc9a56L.jpg\" slate-data-type=\"image\"\/><img decoding=\"async\" style=\"border:0px;margin:0px;margin-bottom:0px;margin-top:0px;margin-left:0px;margin-right:0px;padding:0px;padding-bottom:0px;padding-top:0px;padding-left:0px;padding-right:0px;max-width:100%;box-sizing:border-box\" src=\"https:\/\/ae01.alicdn.com\/kf\/S58e352965bb242259d55f1337e84a67eX.jpg\" slate-data-type=\"image\"\/><img decoding=\"async\" style=\"border:0px;margin:0px;margin-bottom:0px;margin-top:0px;margin-left:0px;margin-right:0px;padding:0px;padding-bottom:0px;padding-top:0px;padding-left:0px;padding-right:0px;max-width:100%;box-sizing:border-box\" src=\"https:\/\/ae01.alicdn.com\/kf\/S03b425096d36428180b1f8f6e83ff2eb0.jpg\" slate-data-type=\"image\"\/><img decoding=\"async\" style=\"border:0px;margin:0px;margin-bottom:0px;margin-top:0px;margin-left:0px;margin-right:0px;padding:0px;padding-bottom:0px;padding-top:0px;padding-left:0px;padding-right:0px;max-width:100%;box-sizing:border-box\" src=\"https:\/\/ae01.alicdn.com\/kf\/S0b769d2595354d339a47d8e07aadc42dC.jpg\" slate-data-type=\"image\"\/><img decoding=\"async\" style=\"border:0px;margin:0px;margin-bottom:0px;margin-top:0px;margin-left:0px;margin-right:0px;padding:0px;padding-bottom:0px;padding-top:0px;padding-left:0px;padding-right:0px;max-width:100%;box-sizing:border-box\" src=\"https:\/\/ae01.alicdn.com\/kf\/S476920e94ac14d0b80af4da9093ad2b7k.jpg\" slate-data-type=\"image\"\/><img decoding=\"async\" style=\"border:0px;margin:0px;margin-bottom:0px;margin-top:0px;margin-left:0px;margin-right:0px;padding:0px;padding-bottom:0px;padding-top:0px;padding-left:0px;padding-right:0px;max-width:100%;box-sizing:border-box\" src=\"https:\/\/ae01.alicdn.com\/kf\/S07d9bb0ed87b46b0a6bd9356a64f753ch.jpg\" slate-data-type=\"image\"\/><img decoding=\"async\" style=\"border:0px;margin:0px;margin-bottom:0px;margin-top:0px;margin-left:0px;margin-right:0px;padding:0px;padding-bottom:0px;padding-top:0px;padding-left:0px;padding-right:0px;max-width:100%;box-sizing:border-box\" src=\"https:\/\/ae01.alicdn.com\/kf\/S9aa6ac8588694d70b64e44ecf933d6c9N.jpg\" slate-data-type=\"image\"\/><img decoding=\"async\" style=\"border:0px;margin:0px;margin-bottom:0px;margin-top:0px;margin-left:0px;margin-right:0px;padding:0px;padding-bottom:0px;padding-top:0px;padding-left:0px;padding-right:0px;max-width:100%;box-sizing:border-box\" src=\"https:\/\/ae01.alicdn.com\/kf\/S6c25fc76485f4e1080257e4284f1f47bk.jpg\" slate-data-type=\"image\"\/><img decoding=\"async\" style=\"border:0px;margin:0px;margin-bottom:0px;margin-top:0px;margin-left:0px;margin-right:0px;padding:0px;padding-bottom:0px;padding-top:0px;padding-left:0px;padding-right:0px;max-width:100%;box-sizing:border-box\" src=\"https:\/\/ae01.alicdn.com\/kf\/Sbe7150297da04ab2ad1468314555de3ab.jpg\" slate-data-type=\"image\"\/><img decoding=\"async\" style=\"border:0px;margin:0px;margin-bottom:0px;margin-top:0px;margin-left:0px;margin-right:0px;padding:0px;padding-bottom:0px;padding-top:0px;padding-left:0px;padding-right:0px;max-width:100%;box-sizing:border-box\" src=\"https:\/\/ae01.alicdn.com\/kf\/S262e0eacc4f849d4aa0d48453e3d6842d.jpg\" slate-data-type=\"image\"\/><img decoding=\"async\" style=\"border:0px;margin:0px;margin-bottom:0px;margin-top:0px;margin-left:0px;margin-right:0px;padding:0px;padding-bottom:0px;padding-top:0px;padding-left:0px;padding-right:0px;max-width:100%;box-sizing:border-box\" src=\"https:\/\/ae01.alicdn.com\/kf\/S437da8c96e264926ab17d698dddda1faF.jpg\" slate-data-type=\"image\"\/><img decoding=\"async\" style=\"border:0px;margin:0px;margin-bottom:0px;margin-top:0px;margin-left:0px;margin-right:0px;padding:0px;padding-bottom:0px;padding-top:0px;padding-left:0px;padding-right:0px;max-width:100%;box-sizing:border-box\" src=\"https:\/\/ae01.alicdn.com\/kf\/S523ef52daede4909b0424dce91e4cc9fK.jpg\" slate-data-type=\"image\"\/><img decoding=\"async\" style=\"border:0px;margin:0px;margin-bottom:0px;margin-top:0px;margin-left:0px;margin-right:0px;padding:0px;padding-bottom:0px;padding-top:0px;padding-left:0px;padding-right:0px;max-width:100%;box-sizing:border-box\" src=\"https:\/\/ae01.alicdn.com\/kf\/S0c89c49d09ca4061bca8cb27dbd3f2e0z.jpg\" slate-data-type=\"image\"\/><img decoding=\"async\" style=\"border:0px;margin:0px;margin-bottom:0px;margin-top:0px;margin-left:0px;margin-right:0px;padding:0px;padding-bottom:0px;padding-top:0px;padding-left:0px;padding-right:0px;max-width:100%;box-sizing:border-box\" src=\"https:\/\/ae01.alicdn.com\/kf\/S6b75bbccd0824fcd8f7c89c8e9c9bdb4o.jpg\" slate-data-type=\"image\"\/><img decoding=\"async\" style=\"border:0px;margin:0px;margin-bottom:0px;margin-top:0px;margin-left:0px;margin-right:0px;padding:0px;padding-bottom:0px;padding-top:0px;padding-left:0px;padding-right:0px;max-width:100%;box-sizing:border-box\" src=\"https:\/\/ae01.alicdn.com\/kf\/S8bda748ca20545e08d39c8781e14b2cbl.jpg\" slate-data-type=\"image\"\/><\/p>\n<p><\/p>","protected":false},"excerpt":{"rendered":"<p>Application:&nbsp;Solar Power Storage Nominal Capacity:&nbsp;160000 mAh Model Number:&nbsp;OUKITEL P5000 Pro Type:&nbsp;LiFePO4 Set Type:&nbsp;Charger Sets Brand:&nbsp;OUKITEL Power:&nbsp;5120Wh (51.2V) Capacity:&nbsp;160000 mAh Battery:&nbsp;LiFePO4 Inverter:&nbsp;Pure Sine Wave Surge Power:&nbsp;8000W Features 01:&nbsp;portable power station Features<\/p>","protected":false},"featured_media":21785,"comment_status":"open","ping_status":"closed","template":"","meta":{"_acf_changed":false},"product_brand":[],"product_cat":[515],"product_tag":[],"class_list":{"0":"post-21784","1":"product","2":"type-product","3":"status-publish","4":"has-post-thumbnail","6":"product_cat-portable-power-stations","8":"first","9":"instock","10":"shipping-taxable","11":"purchasable","12":"product-type-simple"},"acf":[],"_links":{"self":[{"href":"https:\/\/www.electricstore.eu\/da\/wp-json\/wp\/v2\/product\/21784","targetHints":{"allow":["GET"]}}],"collection":[{"href":"https:\/\/www.electricstore.eu\/da\/wp-json\/wp\/v2\/product"}],"about":[{"href":"https:\/\/www.electricstore.eu\/da\/wp-json\/wp\/v2\/types\/product"}],"replies":[{"embeddable":true,"href":"https:\/\/www.electricstore.eu\/da\/wp-json\/wp\/v2\/comments?post=21784"}],"wp:featuredmedia":[{"embeddable":true,"href":"https:\/\/www.electricstore.eu\/da\/wp-json\/wp\/v2\/media\/21785"}],"wp:attachment":[{"href":"https:\/\/www.electricstore.eu\/da\/wp-json\/wp\/v2\/media?parent=21784"}],"wp:term":[{"taxonomy":"product_brand","embeddable":true,"href":"https:\/\/www.electricstore.eu\/da\/wp-json\/wp\/v2\/product_brand?post=21784"},{"taxonomy":"product_cat","embeddable":true,"href":"https:\/\/www.electricstore.eu\/da\/wp-json\/wp\/v2\/product_cat?post=21784"},{"taxonomy":"product_tag","embeddable":true,"href":"https:\/\/www.electricstore.eu\/da\/wp-json\/wp\/v2\/product_tag?post=21784"}],"curies":[{"name":"wp","href":"https:\/\/api.w.org\/{rel}","templated":true}]}}