{"id":21779,"date":"2025-05-20T18:26:57","date_gmt":"2025-05-20T18:26:57","guid":{"rendered":"https:\/\/electricstore.eu\/p\/uncategorized\/monster-vmay-portable-outdoor-tv-with-tv-tuner-antenna-15-6-1080p-screen-60w-audio-12v-9a-built-in-recharged-battery\/"},"modified":"2025-05-20T18:27:06","modified_gmt":"2025-05-20T18:27:06","slug":"monster-vmay-portable-outdoor-tv-with-tv-tuner-antenna-15-6-1080p-screen-60w-audio-12v-9a-built-in-recharged-battery","status":"publish","type":"product","link":"https:\/\/www.electricstore.eu\/da\/p\/batteries\/portable-power-stations\/monster-vmay-portable-outdoor-tv-with-tv-tuner-antenna-15-6-1080p-screen-60w-audio-12v-9a-built-in-recharged-battery\/","title":{"rendered":"Monster VMay B\u00e6rbart Udend\u00f8rs TV Med TV-Tunerantenne 15,6&#039; 1080P Sk\u00e6rm 60W Lyd 12V\/9A Indbygget Opladeligt Batteri"},"content":{"rendered":"<div class=\"product-specs-list-container\">\n<ul class=\"product-specs-list util-clearfix\">\n<li class=\"product-prop line-limit-length\"><span\n                                        class=\"property-title\">Indgang\/udgang:&nbsp;<\/span><span\n                                        class=\"property-desc line-limit-length\">Aux<\/span>\n                            <\/li>\n<li class=\"product-prop line-limit-length\"><span\n                                        class=\"property-title\">Lydtilstand:&nbsp;<\/span><span\n                                        class=\"property-desc line-limit-length\">Hi-Res lydtilstand, 3D surround sound-tilstand, fordybende lydtilstand, stereolydtilstand, smart lydtilstand, live lydtilstand, ekstra bastilstand, gennemsigtighedstilstand, dvaletilstand, standardtilstand, 3 EQ-tilstande<\/span>\n                            <\/li>\n<li class=\"product-prop line-limit-length\"><span\n                                        class=\"property-title\">Kategori:&nbsp;<\/span><span\n                                        class=\"property-desc line-limit-length\">H\u00f8jttalere<\/span>\n                            <\/li>\n<li class=\"product-prop line-limit-length\"><span\n                                        class=\"property-title\">Bruge:&nbsp;<\/span><span\n                                        class=\"property-desc line-limit-length\">Camping<\/span>\n                            <\/li>\n<li class=\"product-prop line-limit-length\"><span\n                                        class=\"property-title\">Indgangseffekt (W):&nbsp;<\/span><span\n                                        class=\"property-desc line-limit-length\">400-499 W<\/span>\n                            <\/li>\n<li class=\"product-prop line-limit-length\"><span\n                                        class=\"property-title\">Stemmestyring:&nbsp;<\/span><span\n                                        class=\"property-desc line-limit-length\">Ja<\/span>\n                            <\/li>\n<li class=\"product-prop line-limit-length\"><span\n                                        class=\"property-title\">Vandt\u00e6t:&nbsp;<\/span><span\n                                        class=\"property-desc line-limit-length\">Ja<\/span>\n                            <\/li>\n<li class=\"product-prop line-limit-length\"><span\n                                        class=\"property-title\">Support-APP:&nbsp;<\/span><span\n                                        class=\"property-desc line-limit-length\">Ja<\/span>\n                            <\/li>\n<li class=\"product-prop line-limit-length\"><span\n                                        class=\"property-title\">Indbakkeadapter:&nbsp;<\/span><span\n                                        class=\"property-desc line-limit-length\">Ja<\/span>\n                            <\/li>\n<li class=\"product-prop line-limit-length\"><span\n                                        class=\"property-title\">Intelligent personlig assistent:&nbsp;<\/span><span\n                                        class=\"property-desc line-limit-length\">Facebooks M<\/span>\n                            <\/li>\n<li class=\"product-prop line-limit-length\"><span\n                                        class=\"property-title\">Meddelelse:&nbsp;<\/span><span\n                                        class=\"property-desc line-limit-length\">Induktion, optisk indgang, koaksial indgang, USB, Bluetooth, lydlinje<\/span>\n                            <\/li>\n<li class=\"product-prop line-limit-length\"><span\n                                        class=\"property-title\">H\u00f8jttalertype:&nbsp;<\/span><span\n                                        class=\"property-desc line-limit-length\">Transportabel<\/span>\n                            <\/li>\n<li class=\"product-prop line-limit-length\"><span\n                                        class=\"property-title\">Str\u00f8mkilde:&nbsp;<\/span><span\n                                        class=\"property-desc line-limit-length\">AC<\/span>\n                            <\/li>\n<li class=\"product-prop line-limit-length\"><span\n                                        class=\"property-title\">VMay-monsteret:&nbsp;<\/span><span\n                                        class=\"property-desc line-limit-length\">M\u00e6rke<\/span>\n                            <\/li>\n<li class=\"product-prop line-limit-length\"><span\n                                        class=\"property-title\">Type:&nbsp;<\/span><span\n                                        class=\"property-desc line-limit-length\">Udend\u00f8rs-tv<\/span>\n                            <\/li>\n<li class=\"product-prop line-limit-length\"><span\n                                        class=\"property-title\">Model:&nbsp;<\/span><span\n                                        class=\"property-desc line-limit-length\">VMaj<\/span>\n                            <\/li>\n<li class=\"product-prop line-limit-length\"><span\n                                        class=\"property-title\">Sk\u00e6rmst\u00f8rrelse:&nbsp;<\/span><span\n                                        class=\"property-desc line-limit-length\">15,6 tommer<\/span>\n                            <\/li>\n<li class=\"product-prop line-limit-length\"><span\n                                        class=\"property-title\">Vandt\u00e6thedsniveau:&nbsp;<\/span><span\n                                        class=\"property-desc line-limit-length\">IPX4<\/span>\n                            <\/li>\n<li class=\"product-prop line-limit-length\"><span\n                                        class=\"property-title\">Bluetooth-forbindelse:&nbsp;<\/span><span\n                                        class=\"property-desc line-limit-length\">BT 5.3<\/span>\n                            <\/li>\n<\/ul><\/div>\n<div class=\"detailmodule_html\">\n<div class=\"detail-desc-decorate-richtext\">\n<p><span style=\"color:rgb(0, 0, 0);font-size:medium;font-family:&quot;Microsoft YaHei&quot;\"><strong><span style=\"font-size:24px\"><span style=\"font-family:&quot;times new roman&quot;, times, serif\">&gt;&gt;H\u00f8jdepunkter<\/span><\/span><\/strong><\/span><\/p>\n<p><span style=\"font-size:18px;font-family:&quot;times new roman&quot;, times, serif\"><strong>Udend\u00f8rs-TV med fantastisk grafik og lyd<\/strong><\/span><\/p>\n<p><span style=\"font-size:18px;font-family:&quot;times new roman&quot;, times, serif\"><br \/>Monster VMay har en 15,6-tommer Full HD-sk\u00e6rm og IPS-panel,<br \/>Leverer naturtro billeder og j\u00e6vn afspilning. Forbedret med 60W lyd<br \/>Kraft, du kan m\u00e6rke hver lyd, hver hvisken og hver eksplosion<br \/>Omkring dig. Fordyb dig i fantastiske billeder og kraftfuld lyd.<br \/>Oplev en utrolig udend\u00f8rs oplevelse med Monster<br \/>VMay TV.<\/p>\n<p><\/span><span style=\"font-size:18px;font-family:&quot;times new roman&quot;, times, serif\"><strong>Lang driftstid og IPX4 vandt\u00e6t design til sjov udend\u00f8rs hele dagen<\/strong><\/span><\/p>\n<p><span style=\"font-size:18px;font-family:&quot;times new roman&quot;, times, serif\"><br \/>Med et 12V\/9A batteri underst\u00f8tter VMay TV&#039;et 25 timers lydafspilning eller 8<br \/>Timevis videoafspilning p\u00e5 en enkelt opladning, s\u00e5 du kan opleve<br \/>Non-stop underholdning. Dens IPX4 vandt\u00e6thed sikrer, at regnen<br \/>Stopper ikke din musik. Hold det sjovt i gang hele dagen lang!<\/p>\n<p><\/span><span style=\"font-size:18px;font-family:&quot;times new roman&quot;, times, serif\"><strong>Problemfri live-visning og sk\u00e6rmspejling<\/strong><\/span><\/p>\n<p><span style=\"font-size:18px;font-family:&quot;times new roman&quot;, times, serif\"><br \/>Med VMay kan du se sp\u00e6ndende live sportsbegivenheder, online tv-shows,<br \/>Film osv. via Fire TV Stick, Android TV Box eller TV Tuner<br \/>Antenne. Du kan ogs\u00e5 l\u00e5se op for magien ved sk\u00e6rmspejling og<br \/>Oplev en st\u00f8rre sk\u00e6rm p\u00e5 TV&#039;et. G\u00e5 ikke glip af action-<br \/>Start streaming i dag!<\/p>\n<p><\/span><span style=\"font-size:18px;font-family:&quot;times new roman&quot;, times, serif\"><strong>Rig forbindelse<\/strong><\/span><\/p>\n<p><span style=\"font-size:18px;font-family:&quot;times new roman&quot;, times, serif\"><br \/>Dette udend\u00f8rs-TV har Bluetooth 5.3-forbindelse for fejlfri lyd<br \/>Afspilning. Med mikrofon- og AUX 3,5 mm-indgange til sang og afspilning af<br \/>Guitar, to HDMI-porte til krystalklar videoafspilning til 5V\/2.1A USB<br \/>Opladningsudgang og en USB-A-port til afl\u00e6sning af USB-stick og enhed<br \/>Opladning: Dette TV er det ultimative underholdningscenter for al din lyd<br \/>Og video\u00f8nsker!<\/p>\n<p><\/span><span style=\"font-size:18px;font-family:&quot;times new roman&quot;, times, serif\"><strong>Let og b\u00e6rbar<\/strong><\/span><\/p>\n<p><span style=\"font-size:18px;font-family:&quot;times new roman&quot;, times, serif\"><br \/>Monster VMay TV er din ideelle ledsager til udend\u00f8rs underholdning,<br \/>Med en v\u00e6gt p\u00e5 kun 7,912 kg og et sikkert, skridsikkert h\u00e5ndtag. Uanset om du er<br \/>Uanset om du camperer eller holder fest, s\u00f8rger dette b\u00e6rbare TV for, at du aldrig g\u00e5r glip af en<br \/>Et sjovt \u00f8jeblik p\u00e5 farten.<\/span><\/p>\n<\/p>\n<p><span style=\"color:rgb(0, 0, 0);font-size:medium;font-family:&quot;Microsoft YaHei&quot;\"><strong><span style=\"font-size:24px\"><span style=\"font-family:&quot;times new roman&quot;, times, serif\">&gt;&gt;Specifikation<\/span><\/span><\/strong><\/span><\/p>\n<table style=\"border-collapse:collapse;font-family:&quot;Microsoft YaHei&quot;\" border=\"1\" cellpadding=\"8\">\n<tbody>\n<tr>\n<td style=\"font-size:14px;text-align:center\" width=\"114\" align=\"center\">\n<p><span style=\"font-size:18px;font-family:&quot;times new roman&quot;, times, serif\">Generel<\/span><\/p>\n<\/td>\n<td style=\"font-size:14px;text-align:center\" width=\"509\" align=\"center\">\n<p><span style=\"font-size:18px;font-family:&quot;times new roman&quot;, times, serif\">M\u00e6rke: Monster<br \/>Type: Udend\u00f8rs-TV<br \/>Model: VMay<br \/>Farve: Sort og armygr\u00f8n<\/span><\/p>\n<\/td>\n<\/tr>\n<tr>\n<td style=\"font-size:14px;text-align:center\" width=\"114\" align=\"center\">\n<p><span style=\"font-size:18px;font-family:&quot;times new roman&quot;, times, serif\">Grundl\u00e6ggende specifikation<\/span><\/p>\n<\/td>\n<td style=\"font-size:14px;text-align:center\" width=\"509\" align=\"center\">\n<p><span style=\"font-size:18px;font-family:&quot;times new roman&quot;, times, serif\">Sk\u00e6rmst\u00f8rrelse: 15,6 tommer<br \/>Paneltype: IPS<br \/>Billedformat: 16:9<br \/>Maksimal opl\u00f8sning: 1920\u00d71080<br \/>Pixelafstand: 0,17925 (H) x 0,17925 (V)<br \/>Pixelkonfiguration: Lodret RGB-stribe<br \/>Sk\u00e6rmoverflade: Antirefleks<br \/>Materialer: Metal og plastik<br \/>Vandt\u00e6thedsniveau: IPX4<br \/>Bluetooth-forbindelse: BT 5.3<br \/>H\u00f8jttalerudgang: 60W<br \/>H\u00f8jttalerdrivere: 3&quot; Full Range<br \/>Frekvensrespons: 40Hz-20KHz<\/span><\/p>\n<\/td>\n<\/tr>\n<tr>\n<td style=\"font-size:14px;text-align:center\" width=\"114\" align=\"center\">\n<p><span style=\"font-size:18px;font-family:&quot;times new roman&quot;, times, serif\">Gr\u00e6nseflader<\/span><\/p>\n<\/td>\n<td style=\"font-size:14px;text-align:center\" width=\"509\" align=\"center\">\n<p><span style=\"font-size:18px;font-family:&quot;times new roman&quot;, times, serif\">2 x HDMI<br \/>1 x USB-udgang (5V 2.1A)<br \/>1 x USB-A<br \/>1 x Aux (3,5 mm)<br \/>1 x Mikrofon-\/Guitarindgang (6,35 mm)<br \/>1 x TV-antenneport<br \/>1 x AC-indgang<br \/>1 x DC-indgang<\/span><\/p>\n<\/td>\n<\/tr>\n<tr>\n<td style=\"font-size:14px;text-align:center\" width=\"114\" align=\"center\">\n<p><span style=\"font-size:18px;font-family:&quot;times new roman&quot;, times, serif\">Funktion<\/span><\/p>\n<\/td>\n<td style=\"font-size:14px;text-align:center\" width=\"509\" align=\"center\">\n<p><span style=\"font-size:18px;font-family:&quot;times new roman&quot;, times, serif\">FM-radio: Support<br \/>Mikrofon: St\u00f8tte<br \/>Guitar: Support<\/span><\/p>\n<\/td>\n<\/tr>\n<tr>\n<td style=\"font-size:14px;text-align:center\" width=\"114\" align=\"center\">\n<p><span style=\"font-size:18px;font-family:&quot;times new roman&quot;, times, serif\">Str\u00f8m og batteri<\/span><\/p>\n<\/td>\n<td style=\"font-size:14px;text-align:center\" width=\"509\" align=\"center\">\n<p><span style=\"font-size:18px;font-family:&quot;times new roman&quot;, times, serif\">Str\u00f8mindgang: AC 120V-240V<br \/>Str\u00f8mforbrug: 0,561<br \/>Batteri: 12V, 9A<br \/>Opladningstid: Ca. 6 timer<br \/>Spilletid: 25 timer (kun lyd), 8 timer (video og lyd)<br \/>Standbytid: 15 minutter<\/span><\/p>\n<\/td>\n<\/tr>\n<tr>\n<td style=\"font-size:14px;text-align:center\" width=\"114\" align=\"center\">\n<p><span style=\"font-size:18px;font-family:&quot;times new roman&quot;, times, serif\">V\u00e6gt og st\u00f8rrelse<\/span><\/p>\n<\/td>\n<td style=\"font-size:14px;text-align:center\" width=\"509\" align=\"center\">\n<p><span style=\"font-size:18px;font-family:&quot;times new roman&quot;, times, serif\">Produktv\u00e6gt: 7,912 kg<br \/>Pakkev\u00e6gt: 10,5 kg<br \/>Produktst\u00f8rrelse (L x B x H): 452 \u00d7 230,5 x 476 mm<br \/>Pakkest\u00f8rrelse (L x B x H): 505 x 286 x 526 mm<\/span><\/p>\n<\/td>\n<\/tr>\n<\/tbody>\n<\/table>\n<p style=\"line-height:inherit;margin:0px;margin-bottom:0px;margin-top:0px;margin-left:0px;margin-right:0px;padding:0px;padding-bottom:0px;padding-top:0px;padding-left:0px;padding-right:0px;box-sizing:border-box\"><span style=\"color:rgb(0, 0, 0);font-size:medium;font-family:&quot;Microsoft YaHei&quot;\"><strong><span style=\"font-size:24px\"><span style=\"font-family:&quot;times new roman&quot;, times, serif\">&gt;&gt;Produktbilleder og beskrivelser<\/span><\/span><\/strong><\/span><\/p>\n<p style=\"line-height:inherit;margin:0px;margin-bottom:0px;margin-top:0px;margin-left:0px;margin-right:0px;padding:0px;padding-bottom:0px;padding-top:0px;padding-left:0px;padding-right:0px;box-sizing:border-box\"><img decoding=\"async\" src=\"https:\/\/ae01.alicdn.com\/kf\/Sf56cde8be645441fabf49d6bef37bb36B.jpg\" slate-data-type=\"image\" \/><img decoding=\"async\" src=\"https:\/\/ae01.alicdn.com\/kf\/S72164c2ef8ff4dcea624089af2793152t.jpg\" slate-data-type=\"image\" \/><img decoding=\"async\" src=\"https:\/\/ae01.alicdn.com\/kf\/S8c08e88f4c694b0f88b98f96a6247ac9j.jpg\" slate-data-type=\"image\" \/><br \/><img decoding=\"async\" style=\"font-family:&quot;Open Sans&quot;, sans-serif, Arial, Helvetica;margin:0px;margin-bottom:0px;margin-top:0px;margin-left:0px;margin-right:0px;padding:0px;padding-bottom:0px;padding-top:0px;padding-left:0px;padding-right:0px;display:inherit;width:1000px;height:auto\" class=\"lazy_img\" width=\"1000px\" height=\"auto\" src=\"https:\/\/img.gkbcdn.com\/d\/202406\/20591bb1-0e84-4a75-babe-a6f9cdaa27a2._p1_.jpg\" slate-data-type=\"image\" \/><img decoding=\"async\" src=\"https:\/\/ae01.alicdn.com\/kf\/Sbdf1db4301024348aa2b30bbbaaf8e075.jpg\" slate-data-type=\"image\" \/><\/p>\n<p style=\"font-family:&quot;Open Sans&quot;, sans-serif, Arial, Helvetica;font-size:14px;font-weight:400;letter-spacing:normal;line-height:22px;text-align:start;white-space:normal;color:rgb(46, 47, 50);background-color:rgb(255, 255, 255);margin:0px 0px 10px;margin-bottom:10px;margin-top:0px;margin-left:0px;margin-right:0px;padding:0px;padding-bottom:0px;padding-top:0px;padding-left:0px;padding-right:0px;max-width:1000px\" align=\"start\"><img decoding=\"async\" style=\"font-family:&quot;Open Sans&quot;, sans-serif, Arial, Helvetica;margin:0px;margin-bottom:0px;margin-top:0px;margin-left:0px;margin-right:0px;padding:0px;padding-bottom:0px;padding-top:0px;padding-left:0px;padding-right:0px;display:inherit;width:1000px;height:auto\" class=\"lazy_img\" width=\"1000px\" height=\"auto\" src=\"https:\/\/img.gkbcdn.com\/d\/202406\/36d30518-4b1d-4e12-bf62-f9ca70d45c1e._p1_.jpg\" slate-data-type=\"image\" \/><img decoding=\"async\" style=\"font-family:&quot;Open Sans&quot;, sans-serif, Arial, Helvetica;margin:0px;margin-bottom:0px;margin-top:0px;margin-left:0px;margin-right:0px;padding:0px;padding-bottom:0px;padding-top:0px;padding-left:0px;padding-right:0px;display:inherit;width:1000px;height:auto\" class=\"lazy_img\" width=\"1000px\" height=\"auto\" src=\"https:\/\/img.gkbcdn.com\/d\/202406\/6c488cf2-7fc8-41d8-9160-fdd9277bb7d8._p1_.jpg\" slate-data-type=\"image\" \/><img decoding=\"async\" style=\"font-family:&quot;Open Sans&quot;, sans-serif, Arial, Helvetica;margin:0px;margin-bottom:0px;margin-top:0px;margin-left:0px;margin-right:0px;padding:0px;padding-bottom:0px;padding-top:0px;padding-left:0px;padding-right:0px;display:inherit;width:1000px;height:auto\" class=\"lazy_img\" width=\"1000px\" height=\"auto\" src=\"https:\/\/img.gkbcdn.com\/d\/202406\/7329aa21-36a2-4bf3-8bd3-c685768225e4._p1_.jpg\" slate-data-type=\"image\" \/><img decoding=\"async\" style=\"font-family:&quot;Open Sans&quot;, sans-serif, Arial, Helvetica;margin:0px;margin-bottom:0px;margin-top:0px;margin-left:0px;margin-right:0px;padding:0px;padding-bottom:0px;padding-top:0px;padding-left:0px;padding-right:0px;display:inherit;width:1000px;height:auto\" class=\"lazy_img\" width=\"1000px\" height=\"auto\" src=\"https:\/\/img.gkbcdn.com\/d\/202406\/2ab058b5-c749-4758-b644-24db1fb64a08._p1_.jpg\" slate-data-type=\"image\" \/><img decoding=\"async\" style=\"font-family:&quot;Open Sans&quot;, sans-serif, Arial, Helvetica;margin:0px;margin-bottom:0px;margin-top:0px;margin-left:0px;margin-right:0px;padding:0px;padding-bottom:0px;padding-top:0px;padding-left:0px;padding-right:0px;display:inherit;width:1000px;height:auto\" class=\"lazy_img\" width=\"1000px\" height=\"auto\" src=\"https:\/\/img.gkbcdn.com\/d\/202406\/Monster-Vision156-Bluetooth-Speaker-with-Built-in-LCD-TV-524897-0._p1_.jpg\" slate-data-type=\"image\" \/><img decoding=\"async\" style=\"font-family:&quot;Open Sans&quot;, sans-serif, Arial, Helvetica;margin:0px;margin-bottom:0px;margin-top:0px;margin-left:0px;margin-right:0px;padding:0px;padding-bottom:0px;padding-top:0px;padding-left:0px;padding-right:0px;display:inherit;width:1000px;height:auto\" class=\"lazy_img\" width=\"1000px\" height=\"auto\" src=\"https:\/\/img.gkbcdn.com\/d\/202406\/Monster-Vision156-Bluetooth-Speaker-with-Built-in-LCD-TV-524897-1._p1_.jpg\" slate-data-type=\"image\" \/><img decoding=\"async\" style=\"font-family:&quot;Open Sans&quot;, sans-serif, Arial, Helvetica;margin:0px;margin-bottom:0px;margin-top:0px;margin-left:0px;margin-right:0px;padding:0px;padding-bottom:0px;padding-top:0px;padding-left:0px;padding-right:0px;display:inherit;width:1000px;height:auto\" class=\"lazy_img\" width=\"1000px\" height=\"auto\" src=\"https:\/\/img.gkbcdn.com\/d\/202406\/Monster-Vision156-Bluetooth-Speaker-with-Built-in-LCD-TV-524897-2._p1_.jpg\" slate-data-type=\"image\" \/><\/p>\n<p><\/div>\n<\/div>","protected":false},"excerpt":{"rendered":"<p>Input\/Output:&nbsp;Aux Sound Mode:&nbsp;Hi-Res Sound Mode,3D Surround Sound Mode,Immersive Sound Mode,Stereo Sound Mode,Smart Sound Mode,Live Sound Mode,Extra Bass Mode,Transparency Mode,Sleeping Mode,Standard Mode,3EQ Modes Category:&nbsp;Speakers Use:&nbsp;Camping Input Power(W):&nbsp;400-499 W Voice Control:&nbsp;Yes Waterproof:&nbsp;Yes<\/p>","protected":false},"featured_media":21780,"comment_status":"open","ping_status":"closed","template":"","meta":{"_acf_changed":false},"product_brand":[],"product_cat":[515],"product_tag":[],"class_list":{"0":"post-21779","1":"product","2":"type-product","3":"status-publish","4":"has-post-thumbnail","6":"product_cat-portable-power-stations","8":"first","9":"instock","10":"shipping-taxable","11":"purchasable","12":"product-type-simple"},"acf":[],"_links":{"self":[{"href":"https:\/\/www.electricstore.eu\/da\/wp-json\/wp\/v2\/product\/21779","targetHints":{"allow":["GET"]}}],"collection":[{"href":"https:\/\/www.electricstore.eu\/da\/wp-json\/wp\/v2\/product"}],"about":[{"href":"https:\/\/www.electricstore.eu\/da\/wp-json\/wp\/v2\/types\/product"}],"replies":[{"embeddable":true,"href":"https:\/\/www.electricstore.eu\/da\/wp-json\/wp\/v2\/comments?post=21779"}],"wp:featuredmedia":[{"embeddable":true,"href":"https:\/\/www.electricstore.eu\/da\/wp-json\/wp\/v2\/media\/21780"}],"wp:attachment":[{"href":"https:\/\/www.electricstore.eu\/da\/wp-json\/wp\/v2\/media?parent=21779"}],"wp:term":[{"taxonomy":"product_brand","embeddable":true,"href":"https:\/\/www.electricstore.eu\/da\/wp-json\/wp\/v2\/product_brand?post=21779"},{"taxonomy":"product_cat","embeddable":true,"href":"https:\/\/www.electricstore.eu\/da\/wp-json\/wp\/v2\/product_cat?post=21779"},{"taxonomy":"product_tag","embeddable":true,"href":"https:\/\/www.electricstore.eu\/da\/wp-json\/wp\/v2\/product_tag?post=21779"}],"curies":[{"name":"wp","href":"https:\/\/api.w.org\/{rel}","templated":true}]}}