{"id":21768,"date":"2025-05-20T18:26:51","date_gmt":"2025-05-20T18:26:51","guid":{"rendered":"https:\/\/electricstore.eu\/p\/uncategorized\/oscal-powermax6000-6000w-eu-plug-power-station-3600wh-to-57600wh-lifepo4-battery-14-outlets-120v-240v-dual-voltage-output\/"},"modified":"2025-05-20T18:26:59","modified_gmt":"2025-05-20T18:26:59","slug":"oscal-powermax6000-6000w-eu-plug-power-station-3600wh-to-57600wh-lifepo4-battery-14-outlets-120v-240v-dual-voltage-output","status":"publish","type":"product","link":"https:\/\/www.electricstore.eu\/da\/p\/batteries\/portable-power-stations\/oscal-powermax6000-6000w-eu-plug-power-station-3600wh-to-57600wh-lifepo4-battery-14-outlets-120v-240v-dual-voltage-output\/","title":{"rendered":"Oscal PowerMax6000 6000W EU-stik Kraftv\u00e6rk 3600Wh til 57600Wh LiFePO4 Batteri 14 Udgange 120V\/240V Dobbelt Sp\u00e6ndingsudgang"},"content":{"rendered":"<div class=\"product-specs-list-container\">\n<ul class=\"product-specs-list util-clearfix\">\n<li class=\"product-prop line-limit-length\"><span\n                                        class=\"property-title\">Nominel kapacitet:&nbsp;<\/span><span\n                                        class=\"property-desc line-limit-length\">3.600 Wh<\/span>\n                            <\/li>\n<li class=\"product-prop line-limit-length\"><span\n                                        class=\"property-title\">Modelnummer:&nbsp;<\/span><span\n                                        class=\"property-desc line-limit-length\">PowerMax 6000<\/span>\n                            <\/li>\n<li class=\"product-prop line-limit-length\"><span\n                                        class=\"property-title\">Type:&nbsp;<\/span><span\n                                        class=\"property-desc line-limit-length\">LiFePO4<\/span>\n                            <\/li>\n<li class=\"product-prop line-limit-length\"><span\n                                        class=\"property-title\">S\u00e6ttype:&nbsp;<\/span><span\n                                        class=\"property-desc line-limit-length\">Opladers\u00e6t<\/span>\n                            <\/li>\n<li class=\"product-prop line-limit-length\"><span\n                                        class=\"property-title\">M\u00e6rke:&nbsp;<\/span><span\n                                        class=\"property-desc line-limit-length\">Oscal<\/span>\n                            <\/li>\n<li class=\"product-prop line-limit-length\"><span\n                                        class=\"property-title\">Model:&nbsp;<\/span><span\n                                        class=\"property-desc line-limit-length\">PowerMax 6000<\/span>\n                            <\/li>\n<li class=\"product-prop line-limit-length\"><span\n                                        class=\"property-title\">Batterikapacitet:&nbsp;<\/span><span\n                                        class=\"property-desc line-limit-length\">3.600 Wh<\/span>\n                            <\/li>\n<li class=\"product-prop line-limit-length\"><span\n                                        class=\"property-title\">Livscyklus:&nbsp;<\/span><span\n                                        class=\"property-desc line-limit-length\">3500+ cyklusser til 80% af original kapacitet<\/span>\n                            <\/li>\n<li class=\"product-prop line-limit-length\"><span\n                                        class=\"property-title\">AC-indgang:&nbsp;<\/span><span\n                                        class=\"property-desc line-limit-length\">op til 2200W<\/span>\n                            <\/li>\n<li class=\"product-prop line-limit-length\"><span\n                                        class=\"property-title\">Solenergiindgang:&nbsp;<\/span><span\n                                        class=\"property-desc line-limit-length\">op til 2400W maks.<\/span>\n                            <\/li>\n<li class=\"product-prop line-limit-length\"><span\n                                        class=\"property-title\">Funktioner 02:&nbsp;<\/span><span\n                                        class=\"property-desc line-limit-length\">b\u00e6rbart kraftv\u00e6rk<\/span>\n                            <\/li>\n<li class=\"product-prop line-limit-length\"><span\n                                        class=\"property-title\">Funktioner 03:&nbsp;<\/span><span\n                                        class=\"property-desc line-limit-length\">kraftv\u00e6rk<\/span>\n                            <\/li>\n<li class=\"product-prop line-limit-length\"><span\n                                        class=\"property-title\">Funktioner 04:&nbsp;<\/span><span\n                                        class=\"property-desc line-limit-length\">b\u00e6rbart campingbatteri<\/span>\n                            <\/li>\n<li class=\"product-prop line-limit-length\"><span\n                                        class=\"property-title\">Funktioner 05:&nbsp;<\/span><span\n                                        class=\"property-desc line-limit-length\">b\u00e6rbar generator<\/span>\n                            <\/li>\n<li class=\"product-prop line-limit-length\"><span\n                                        class=\"property-title\">Funktioner 06:&nbsp;<\/span><span\n                                        class=\"property-desc line-limit-length\">kraftv\u00e6rker<\/span>\n                            <\/li>\n<\/ul><\/div>\n<p><\/p>\n<p style=\"font-family:&quot;Microsoft YaHei&quot;;font-size:medium;font-weight:400;letter-spacing:normal;text-align:start;white-space:normal;color:rgb(0, 0, 0)\" align=\"start\"><span style=\"font-size:x-large\">H\u00f8jdepunkter<\/span><\/p>\n<p><\/p>\n<h3 style=\"font-family:&quot;Microsoft YaHei&quot;;letter-spacing:normal;text-align:start;white-space:normal;color:rgb(0, 0, 0)\" align=\"start\">LiFePO4-batteri med forbedret ydelse<\/h3>\n<p style=\"font-family:&quot;Microsoft YaHei&quot;;font-size:medium;font-weight:400;letter-spacing:normal;text-align:start;white-space:normal;color:rgb(0, 0, 0)\" align=\"start\">PowerMax 6000 bruger den samme LiFePO4 (lithiumjernfosfat) batteriteknologi som PowerMax 3600 og tilbyder en kapacitet p\u00e5 3.600 Wh og en betydelig stigning i den samlede udgangseffekt til 6.000 W, med en st\u00f8dkapacitet p\u00e5 9.000 W.<\/p>\n<h3 style=\"font-family:&quot;Microsoft YaHei&quot;;letter-spacing:normal;text-align:start;white-space:normal;color:rgb(0, 0, 0)\" align=\"start\">Forbedrede opladningsmuligheder<\/h3>\n<p style=\"font-family:&quot;Microsoft YaHei&quot;;font-size:medium;font-weight:400;letter-spacing:normal;text-align:start;white-space:normal;color:rgb(0, 0, 0)\" align=\"start\">Forbedrede opladningsmuligheder inkluderer en \u00f8get AC-indgangseffekt til 2200 W, en solcellekapacitet h\u00e6vet til 2400 W og en fordoblet bileffekt til 240 W. Disse forbedringer f\u00f8rer til hurtigere opladningstider: 1,96 timer via AC, 1,5 timer via solcelle under optimale forhold og en maksimal kombineret AC- og solcelleopladningstid p\u00e5 1,44 timer.<\/p>\n<h3 style=\"font-family:&quot;Microsoft YaHei&quot;;letter-spacing:normal;text-align:start;white-space:normal;color:rgb(0, 0, 0)\" align=\"start\">Alsidige udgangsporte<\/h3>\n<p style=\"font-family:&quot;Microsoft YaHei&quot;;font-size:medium;font-weight:400;letter-spacing:normal;text-align:start;white-space:normal;color:rgb(0, 0, 0)\" align=\"start\">PowerMax 6000 underst\u00f8tter en samlet udgangseffekt p\u00e5 6.000 W gennem fire AC-udgange, sammen med 2x PD 100 W USB Type-C, 3x PD 18 W USB Type-A, 1x PD 12 W USB Type-A og et 120 W cigarett\u00e6nderstik. Den har ogs\u00e5 1x 12V\/25A (Anderson 378 W stikkontakt) og 2x 12V\/3A DC5521 (5,5 mm stikkontakt) DC-udgange.<\/p>\n<h3 style=\"font-family:&quot;Microsoft YaHei&quot;;letter-spacing:normal;text-align:start;white-space:normal;color:rgb(0, 0, 0)\" align=\"start\">Forbedret mobilitets- og styringssystem<\/h3>\n<p style=\"font-family:&quot;Microsoft YaHei&quot;;font-size:medium;font-weight:400;letter-spacing:normal;text-align:start;white-space:normal;color:rgb(0, 0, 0)\" align=\"start\">PowerMax 6000 er udstyret med industrielle hjul og et udtr\u00e6kkeligt h\u00e5ndtag for nem mobilitet og inkluderer en 5-niveau LED-lampe, en opgradering fra det grundl\u00e6ggende LED-lys p\u00e5 PowerMax 3600. Begge modeller styres af T1-chippen, som overv\u00e5ger belastning, sp\u00e6nding, opladning og temperatur for optimal ydeevne og sikkerhed.<\/p>\n<h3 style=\"font-family:&quot;Microsoft YaHei&quot;;letter-spacing:normal;text-align:start;white-space:normal;color:rgb(0, 0, 0)\" align=\"start\">Kompakt og robust design<\/h3>\n<p style=\"font-family:&quot;Microsoft YaHei&quot;;font-size:medium;font-weight:400;letter-spacing:normal;text-align:start;white-space:normal;color:rgb(0, 0, 0)\" align=\"start\">PowerMax 6000 har de samme kompakte dimensioner som PowerMax 3600 (590 x 350 x 441 mm), men vejer lidt mere p\u00e5 46 kg. Begge modeller har st\u00e6nk- og st\u00f8vt\u00e6t beskyttelse, hvilket g\u00f8r dem ideelle til udend\u00f8rs brug og barske milj\u00f8er.<\/p>\n<p><\/p>\n<h2 style=\"font-family:&quot;Microsoft YaHei&quot;;font-size:14px;letter-spacing:normal;text-align:start;white-space:normal;color:rgb(0, 0, 0);margin:10px 0px;margin-bottom:10px;margin-top:10px;margin-left:0px;margin-right:0px;padding:0px;padding-bottom:0px;padding-top:0px;padding-left:0px;padding-right:0px\" align=\"start\">Specifikation<\/h2>\n<p><\/p>\n<table style=\"border-collapse:collapse;font-family:&quot;Microsoft YaHei&quot;;width:1000px\" class=\"jbEidtTable\" border=\"1\" cellpadding=\"5\" cellspacing=\"0\">\n<tbody>\n<tr>\n<td style=\"text-align:left\" align=\"left\">\n<p>Generel<\/p>\n<\/td>\n<td style=\"text-align:left\" align=\"left\">\n<p>M\u00e6rke: Oscal<br \/>Type: Robust kraftv\u00e6rk<br \/>Model: PowerMax 6000<br \/>Farve: Gr\u00e5<\/p>\n<\/td>\n<\/tr>\n<tr>\n<td style=\"text-align:left\" align=\"left\">\n<p>Specifikation<\/p>\n<\/td>\n<td style=\"text-align:left\" align=\"left\">\n<p>Temperatur<br \/>Opbevaring: -10 \u2103 til 45 \u2103 eller (14 \u00b0F til 113 \u00b0F)<br \/>Opladning: 0\u2103 til 50\u2103 eller (32\u00b0F til 122\u00b0F)<br \/>Afladning: -20 \u2103 til 55 \u2103 eller (-4 \u00b0F til 131 \u00b0F)<\/p>\n<p>Batteridetaljer<br \/>Batteritype: LiFePO4 (lithiumjernfosfat)<br \/>Batterikapacitet: 3.600 Wh<br \/>Livscyklus: 3500+ cyklusser til 80% af original kapacitet<br \/>Holdbarhed: Genoplad til over 50% hver 3. m\u00e5ned<br \/>Ledelsessystem:\u00a0<br \/>T1-chip integreret med BMS<br \/>Belastnings-\/sp\u00e6ndingsoverv\u00e5gning<br \/>Opladningsoverv\u00e5gning<br \/>Temperaturoverv\u00e5gning<\/p>\n<p>Opladningsoplysninger.<br \/>Opladningstype (indgangsmulighed):<br \/>AC-indgang: op til 2200W<br \/>Solenergiindgang: op til 2400W maks.<br \/>Bilindgang: op til 240W fra cigarett\u00e6nderporten<br \/>AC-opladningstid: 1,96 timer<br \/>Solcelleopladningstid: 1,5 timer (prim\u00e6rt solskin)<br \/>AC + Solcelleopladningstid: Maks. 3000W underst\u00f8ttet; 1,44 timer<br \/>Bilopladningstid: 15 timer<\/p>\n<p>Outputindstillinger<br \/>Samlet udgangseffekt: 6.000 W<br \/>Invertertype: Ren sinusb\u00f8lge<br \/>St\u00f8dningsstr\u00f8m: 9.000 W<br \/>AC-udtag: 4 x AC-udtag (i alt 6000 W)<br \/>USB-porte:<br \/>2x PD 100W \u2013 USB Type-C<br \/>3x PD 18W \u2013 USB Type-A<br \/>1x PD 12W \u2013 USB Type-A<br \/>Cigarett\u00e6nderstik: 1 x Cigarett\u00e6nder \u2013 120W (bilstik)<br \/>LED-lys: Ja; 5-niveau LED-lampe<br \/>DC-udtag:\u00a0<br \/>1 x 12V\/25A (Anderson 378W stikkontakt)<br \/>2 x 12V\/3A DC5521 (5,5 mm udgang)<\/p>\n<\/td>\n<\/tr>\n<tr>\n<td style=\"text-align:left\" align=\"left\">\n<p>V\u00e6gt og st\u00f8rrelse<\/p>\n<\/td>\n<td style=\"text-align:left\" align=\"left\">\n<p>Produktv\u00e6gt: 46 kg<br \/>Pakkev\u00e6gt: 51 kg<br \/>Produktst\u00f8rrelse (L x B x H): 59 x 35 x 44,1 cm<br \/>Pakkest\u00f8rrelse (L x B x H): 66 \u00d7 40,5 \u00d7 52,5 cm<\/p>\n<\/td>\n<\/tr>\n<tr>\n<td style=\"text-align:left\" align=\"left\">\n<p>Pakkens indhold<\/p>\n<\/td>\n<td style=\"text-align:left\" align=\"left\">\n<p>1 x Oscal PowerMax 6000<br \/>1 x AC-opladekabel<br \/>1 x Solcellekabel til opladning<br \/>1 x Bilopladekabel<br \/>1 x Brugermanual<\/p>\n<\/td>\n<\/tr>\n<\/tbody>\n<\/table>\n<p><img decoding=\"async\" src=\"https:\/\/ae-pic-a1.aliexpress-media.com\/kf\/Sa0d3570041c94251814a082aaa44c3beJ.jpeg\" slate-data-type=\"image\"\/><img decoding=\"async\" src=\"https:\/\/ae-pic-a1.aliexpress-media.com\/kf\/Sa78e54c4bb5a44ad8913d1dadeaa9426o.jpeg\" slate-data-type=\"image\"\/><img decoding=\"async\" src=\"https:\/\/ae-pic-a1.aliexpress-media.com\/kf\/S10ba0dc14a164d08845650ef187428bfq.jpeg\" slate-data-type=\"image\"\/><img decoding=\"async\" src=\"https:\/\/ae-pic-a1.aliexpress-media.com\/kf\/S712ed252fb854e2c9f8cd8cc9aaf19a82.jpeg\" slate-data-type=\"image\"\/><img decoding=\"async\" src=\"https:\/\/ae-pic-a1.aliexpress-media.com\/kf\/S01e1e91dbe584111b2bd0b5140719acbZ.jpeg\" slate-data-type=\"image\"\/><img decoding=\"async\" src=\"https:\/\/ae-pic-a1.aliexpress-media.com\/kf\/Sf7b307a815764ee8a991d433d1513323J.jpeg\" slate-data-type=\"image\"\/><img decoding=\"async\" src=\"https:\/\/ae-pic-a1.aliexpress-media.com\/kf\/Sa6555ddae1654ec5bccdf184eb30de22J.jpeg\" slate-data-type=\"image\"\/><img decoding=\"async\" src=\"https:\/\/ae-pic-a1.aliexpress-media.com\/kf\/S7f3a2327f6084c719104c8ff89e3d941b.jpeg\" slate-data-type=\"image\"\/><img decoding=\"async\" src=\"https:\/\/ae-pic-a1.aliexpress-media.com\/kf\/Sb52a589b1d0c4c828c4bd3c5d9c5b7caq.jpeg\" slate-data-type=\"image\"\/><img decoding=\"async\" src=\"https:\/\/ae-pic-a1.aliexpress-media.com\/kf\/Sc6d497e8a9934d72951ff44c0a5435b9g.jpeg\" slate-data-type=\"image\"\/><img decoding=\"async\" src=\"https:\/\/ae-pic-a1.aliexpress-media.com\/kf\/S98a787ec87f343b6a285bdd8aa1a0730w.jpeg\" slate-data-type=\"image\"\/><img decoding=\"async\" src=\"https:\/\/ae-pic-a1.aliexpress-media.com\/kf\/S4470fd41d0284bf1affc9c6a837c25e5e.jpeg\" slate-data-type=\"image\"\/><img decoding=\"async\" src=\"https:\/\/ae-pic-a1.aliexpress-media.com\/kf\/S408f629bf8bf43539777bd6018f8902ew.jpeg\" slate-data-type=\"image\"\/><img decoding=\"async\" src=\"https:\/\/ae-pic-a1.aliexpress-media.com\/kf\/Scf788d4e0a2e4ceca2ea8719ed20aec4g.jpeg\" slate-data-type=\"image\"\/><img decoding=\"async\" src=\"https:\/\/ae-pic-a1.aliexpress-media.com\/kf\/S9d494a1923c847a1b1d9c83fe6064db3V.jpeg\" slate-data-type=\"image\"\/><img decoding=\"async\" src=\"https:\/\/ae-pic-a1.aliexpress-media.com\/kf\/S38ef95ca2fee4da6b933fd1cd33a37b6A.jpeg\" slate-data-type=\"image\"\/><img decoding=\"async\" src=\"https:\/\/ae-pic-a1.aliexpress-media.com\/kf\/Sbb6c79e392324f97845afeaa7a9aacado.jpeg\" slate-data-type=\"image\"\/><img decoding=\"async\" src=\"https:\/\/ae-pic-a1.aliexpress-media.com\/kf\/S5e9a5c9a64a242459d6ea22ff6b1592bv.jpeg\" slate-data-type=\"image\"\/><img decoding=\"async\" src=\"https:\/\/ae-pic-a1.aliexpress-media.com\/kf\/S3ab9156930e641b294e12b467b845c979.jpeg\" slate-data-type=\"image\"\/><\/p>","protected":false},"excerpt":{"rendered":"<p>Nominal Capacity:&nbsp;3,600Wh Model Number:&nbsp;PowerMax 6000 Type:&nbsp;LiFePO4 Set Type:&nbsp;Charger Sets Brand:&nbsp;Oscal Model:&nbsp;PowerMax 6000 Battery Capacity:&nbsp;3,600Wh Lifecycle:&nbsp;3500+ Cycles to 80% of Original Capacity AC Input:&nbsp;up 2200W Solar Input:&nbsp;up 2400W Max Features 02:&nbsp;portable<\/p>","protected":false},"featured_media":21769,"comment_status":"open","ping_status":"closed","template":"","meta":{"_acf_changed":false},"product_brand":[],"product_cat":[515],"product_tag":[],"class_list":{"0":"post-21768","1":"product","2":"type-product","3":"status-publish","4":"has-post-thumbnail","6":"product_cat-portable-power-stations","8":"first","9":"instock","10":"shipping-taxable","11":"purchasable","12":"product-type-simple"},"acf":[],"_links":{"self":[{"href":"https:\/\/www.electricstore.eu\/da\/wp-json\/wp\/v2\/product\/21768","targetHints":{"allow":["GET"]}}],"collection":[{"href":"https:\/\/www.electricstore.eu\/da\/wp-json\/wp\/v2\/product"}],"about":[{"href":"https:\/\/www.electricstore.eu\/da\/wp-json\/wp\/v2\/types\/product"}],"replies":[{"embeddable":true,"href":"https:\/\/www.electricstore.eu\/da\/wp-json\/wp\/v2\/comments?post=21768"}],"wp:featuredmedia":[{"embeddable":true,"href":"https:\/\/www.electricstore.eu\/da\/wp-json\/wp\/v2\/media\/21769"}],"wp:attachment":[{"href":"https:\/\/www.electricstore.eu\/da\/wp-json\/wp\/v2\/media?parent=21768"}],"wp:term":[{"taxonomy":"product_brand","embeddable":true,"href":"https:\/\/www.electricstore.eu\/da\/wp-json\/wp\/v2\/product_brand?post=21768"},{"taxonomy":"product_cat","embeddable":true,"href":"https:\/\/www.electricstore.eu\/da\/wp-json\/wp\/v2\/product_cat?post=21768"},{"taxonomy":"product_tag","embeddable":true,"href":"https:\/\/www.electricstore.eu\/da\/wp-json\/wp\/v2\/product_tag?post=21768"}],"curies":[{"name":"wp","href":"https:\/\/api.w.org\/{rel}","templated":true}]}}