{"id":21727,"date":"2025-05-20T18:21:37","date_gmt":"2025-05-20T18:21:37","guid":{"rendered":"https:\/\/electricstore.eu\/p\/uncategorized\/lanpwr-24v-100ah-lifepo4-lithium-battery-pack-backup-power-2560wh-energy-4000-deep-cycles-built-in-100a-bms\/"},"modified":"2025-05-20T18:21:37","modified_gmt":"2025-05-20T18:21:37","slug":"lanpwr-24v-100ah-lifepo4-lithium-battery-pack-backup-power-2560wh-energy-4000-deep-cycles-built-in-100a-bms","status":"publish","type":"product","link":"https:\/\/www.electricstore.eu\/da\/p\/batteries\/lifepo4-batteries\/100-200ah-lifepo4-batteries\/lanpwr-24v-100ah-lifepo4-lithium-battery-pack-backup-power-2560wh-energy-4000-deep-cycles-built-in-100a-bms\/","title":{"rendered":"LANPWR 24V 100Ah LiFePO4 Lithium-batteripakke med backup-str\u00f8m, 2560Wh energi, 4000+ dybe cyklusser, indbygget 100A BMS"},"content":{"rendered":"<div class=\"product-specs-list-container\">\n<ul class=\"product-specs-list util-clearfix\">\n<li class=\"product-prop line-limit-length\"><span\n                                        class=\"property-title\">Nominel kapacitet:&nbsp;<\/span><span\n                                        class=\"property-desc line-limit-length\">&gt;3500mAh<\/span>\n                            <\/li>\n<li class=\"product-prop line-limit-length\"><span\n                                        class=\"property-title\">Modelnummer:&nbsp;<\/span><span\n                                        class=\"property-desc line-limit-length\">LANPWRN 24V<\/span>\n                            <\/li>\n<li class=\"product-prop line-limit-length\"><span\n                                        class=\"property-title\">Type:&nbsp;<\/span><span\n                                        class=\"property-desc line-limit-length\">LiFePO4<\/span>\n                            <\/li>\n<li class=\"product-prop line-limit-length\"><span\n                                        class=\"property-title\">S\u00e6ttype:&nbsp;<\/span><span\n                                        class=\"property-desc line-limit-length\">Opladers\u00e6t<\/span>\n                            <\/li>\n<\/ul><\/div>\n<div class=\"detailmodule_html\">\n<div class=\"detail-desc-decorate-richtext\">\n<p><\/p>\n<p><span style=\"color:rgb(244, 78, 59);font-size:26px;font-family:georgia, serif\"><strong>Es-hot Sale Store \u2014 Produkter af h\u00f8j kvalitet og tilfredsstillende eftersalgsservice<\/strong><\/span><\/p>\n<\/p>\n<ul style=\"font-family:&quot;Microsoft YaHei&quot;;font-size:medium;font-weight:400;letter-spacing:normal;text-align:start;white-space:normal;color:rgb(0, 0, 0);margin-bottom:10px;padding-left:0px\" class=\"clearfix\" align=\"start\">\n<li style=\"font-size:14px;font-weight:bold;margin-right:10px;padding-left:18px;list-style:none;float:left\">\n<p><span style=\"font-size:22px\"><strong>Produkth\u00f8jdepunkter &gt;&gt;&gt;<\/strong><\/span>:<\/p>\n<\/li>\n<\/ul>\n<ul style=\"font-family:&quot;Microsoft YaHei&quot;;font-size:medium;font-weight:400;letter-spacing:normal;text-align:start;white-space:normal;color:rgb(0, 0, 0);margin-bottom:10px;padding-left:0px\" class=\"clearfix\" align=\"start\">\n<li style=\"font-size:14px;margin-right:10px;padding-left:18px;list-style:none;position:relative;float:left\">\n<h3><strong>10 \u00e5rs levetid og 1\/3 letv\u00e6gt<\/strong><\/h3>\n<p>LANPWR LiFePO4-batteriet leverer 4000 cyklusser, hvilket er mere end 10 gange blysyre med 200-500 cyklusser, hvilket hj\u00e6lper med at minimere udskiftningsomkostningerne og reducere de samlede ejeromkostninger. Vejer kun 1\/3 af blysyrebatterier, hvilket g\u00f8r det til et nemt valg til campingvogne, marine og off-grid-applikationer, n\u00e5r montering eller mobilitet er i betragtning.<\/p>\n<h3><strong>Lithiumbatteri i bilkvalitet og milj\u00f8venligt<\/strong><\/h3>\n<p>24V 100Ah LANPWR lithium-jernfosfatbatterier har enest\u00e5ende kvalitet, da de er fremstillet af LiFePO4-celler i bilkvalitet med h\u00f8jere energit\u00e6thed, mere stabil ydeevne og st\u00f8rre effekt. Da batteriet ikke indeholder syre, kan du sikkert montere det i enhver position. LiFePO4-batterier kan genbruges og producerer ikke elementer, der er skadelige for milj\u00f8et, men blybatterier forurener milj\u00f8et.<\/p>\n<h3><strong>Kapacitetsudvidelse<\/strong><\/h3>\n<p>LANPWR LiFePO4-batterier kan tilsluttes parallelt og i serie for st\u00f8rre kapacitet og sp\u00e6nding. Maks. serietilslutning: Op til 2 identiske batterier for op til 51,2V ved serietilslutning. Paralleltilslutning: Det er muligt at tilslutte flere batterier, hvilket er h\u00f8jst 4 stk. parallelt. Det er muligt at udvide det til op til 2 i serie og 4 parallelt (maks. 2S4P) for at opn\u00e5 mere kapacitet (maks. 400Ah) og h\u00f8jere sp\u00e6nding (24V, 48V). N\u00e5r batterierne bruges parallelt eller i serie, skal batterisp\u00e6ndingen og -kapaciteten v\u00e6re den samme og bruges inden for kort tid (inden for 3 m\u00e5neder).<\/p>\n<h3><strong>Indbygget 100A BMS<\/strong><\/h3>\n<p>LANPWR LiFePO4-batteriet har et indbygget 100A BMS (Battery Management System), der beskytter det mod overopladning, overafladning, overstr\u00f8m og kortslutninger med en fremragende selvafladningshastighed. Indbygget h\u00f8jtemperaturafbrydelse ved opladning over 50 \u00b0C. Uden hukommelseseffekt kan det bruges, s\u00e5 snart det er opladet, uanset batteriets tilstand. LANPWR LiFePO4-batteriet er IP65-klassificeret.<\/p>\n<\/li>\n<\/ul>\n<p><\/p>\n<ul style=\"font-family:&quot;Microsoft YaHei&quot;;font-size:medium;font-weight:400;letter-spacing:normal;text-align:start;white-space:normal;color:rgb(0, 0, 0);margin-bottom:10px;padding-left:0px\" class=\"clearfix\" align=\"start\">\n<li style=\"font-size:14px;font-weight:bold;margin-right:10px;padding-left:18px;list-style:none;float:left\">\n<p><span style=\"font-size:22px\"><strong>Specifikation &gt;&gt;&gt;:<\/strong><\/span><\/p>\n<\/li>\n<\/ul>\n<table style=\"border-collapse:collapse;font-family:&quot;Microsoft YaHei&quot;;width:900px\" class=\"jbEidtTable\" border=\"1\" cellpadding=\"5\" cellspacing=\"0\">\n<tbody>\n<tr>\n<td style=\"font-size:14px;text-align:left\" align=\"left\">\n<p><strong>Generel<\/strong><\/p>\n<\/td>\n<td style=\"font-size:14px;text-align:left\" align=\"left\">\n<p>M\u00e6rke: LANPWR<br \/>Type: LiFePO4-batteri<br \/>Model: LFP24-100<br \/>Farve: Sort<\/p>\n<\/td>\n<\/tr>\n<tr>\n<td style=\"font-size:14px;text-align:left\" align=\"left\">\n<p><strong>Specifikation<\/strong><\/p>\n<\/td>\n<td style=\"font-size:14px;text-align:left\" align=\"left\">\n<p>Nominel sp\u00e6nding: 25,6V<br \/>Nominel kapacitet: 100 Ah (C5, 25 Celsius)<br \/>Energi: 2560 Wh<br \/>Intern modstand: \u2264 60m\u03a9<br \/>Cykluslevetid: \u2265 4000 cyklusser@0,2c 100% DOD<br \/>M\u00e5neder Selvudladning: &lt;3%<br \/>Opladningseffektivitet: 100% @ 0,2C<br \/>Udledningseffektivitet: 96-99% @ 0,5C<br \/>Opladningstilstand: 29,2 \u00b1 0,2V<br \/>Ladesp\u00e6nding: 0,2C opladning til 29,2V<br \/>Ladestr\u00f8m: 20A<br \/>Kontinuerlig str\u00f8m: 100A<br \/>Maks. pressestr\u00f8m: 300A (&lt;3s)<br \/>Afbrydelsessp\u00e6nding for udladning: 20V<br \/>Opbevaringstemperatur: -10 til 40 grader Celsius (14 til 104 grader Fahrenheit)<br \/>Opladningstemperatur: -5 til 45 grader Celsius (23 til 113 grader Fahrenheit)<br \/>Udladningstemperatur: -20 til 60 Celsius (-4 til 140 Fahrenheit)<br \/>Kombinationsmetode: 2S4P<br \/>Plastikhus: ABS<br \/>Terminal: M8<\/p>\n<\/td>\n<\/tr>\n<tr>\n<td style=\"font-size:14px;text-align:left\" align=\"left\">\n<p><strong>V\u00e6gt og st\u00f8rrelse<\/strong><\/p>\n<\/td>\n<td style=\"font-size:14px;text-align:left\" align=\"left\">\n<p>Produktv\u00e6gt: 21 kg<br \/>Pakkev\u00e6gt: 22,5 kg<br \/>Produktst\u00f8rrelse (L x B x H): 49 x 23 x 22 cm<br \/>Pakkest\u00f8rrelse (L x B x H): 57 x 28 x 30 cm<\/p>\n<\/td>\n<\/tr>\n<tr>\n<td style=\"font-size:14px;text-align:left\" align=\"left\">\n<p><strong>Containerpakke<\/strong><\/p>\n<\/td>\n<td style=\"font-size:14px;text-align:left\" align=\"left\">\n<p>1 x LiFePO4-batteri<br \/>1 x Brugermanual<\/p>\n<\/td>\n<\/tr>\n<\/tbody>\n<\/table>\n<ul style=\"font-family:&quot;Microsoft YaHei&quot;;font-size:medium;font-weight:400;letter-spacing:normal;text-align:start;white-space:normal;color:rgb(0, 0, 0);margin-bottom:10px;padding-left:0px\" class=\"clearfix\" align=\"start\">\n<li style=\"font-size:14px;font-weight:bold;margin-right:10px;padding-left:18px;list-style:none\">\n<p><span style=\"font-size:22px\"><strong>Billeder &gt;&gt;&gt;:<\/strong><\/span><\/p>\n<\/li>\n<\/ul>\n<p><img decoding=\"async\" src=\"https:\/\/ae01.alicdn.com\/kf\/S0a9293712d704d1b845d7a40c5501b03O.jpg\" slate-data-type=\"image\"\/><img decoding=\"async\" src=\"https:\/\/ae01.alicdn.com\/kf\/S080050f029494da2acfa43210f8a1af0D.jpg\" slate-data-type=\"image\"\/><img decoding=\"async\" src=\"https:\/\/ae01.alicdn.com\/kf\/Sdd99554ef16a471585f48c399cf5ca59G.jpg\" slate-data-type=\"image\"\/><img decoding=\"async\" src=\"https:\/\/ae01.alicdn.com\/kf\/S2d7400ad0445451aae7e3f61b25cc1cet.jpg\" slate-data-type=\"image\"\/><img decoding=\"async\" src=\"https:\/\/ae01.alicdn.com\/kf\/Sf02c1ec6d6e94848b1ace0d7d1a5bdd1J.jpg\" slate-data-type=\"image\"\/><\/p>\n<\/div>\n<\/div>","protected":false},"excerpt":{"rendered":"<p>Nominal Capacity:&nbsp;&gt;3500mAh Model Number:&nbsp;LANPWRN 24V Type:&nbsp;LiFePO4 Set Type:&nbsp;Charger Sets Es-hot Sale Store &#8212; High quality products and satisfaction after-sales service Product Highlights &gt;&gt;&gt;: 10 Years Lifetime &amp; 1\/3 light weight<\/p>","protected":false},"featured_media":21728,"comment_status":"open","ping_status":"closed","template":"","meta":{"_acf_changed":false},"product_brand":[],"product_cat":[237],"product_tag":[],"class_list":{"0":"post-21727","1":"product","2":"type-product","3":"status-publish","4":"has-post-thumbnail","6":"product_cat-100-200ah-lifepo4-batteries","8":"first","9":"instock","10":"shipping-taxable","11":"purchasable","12":"product-type-simple"},"acf":[],"_links":{"self":[{"href":"https:\/\/www.electricstore.eu\/da\/wp-json\/wp\/v2\/product\/21727","targetHints":{"allow":["GET"]}}],"collection":[{"href":"https:\/\/www.electricstore.eu\/da\/wp-json\/wp\/v2\/product"}],"about":[{"href":"https:\/\/www.electricstore.eu\/da\/wp-json\/wp\/v2\/types\/product"}],"replies":[{"embeddable":true,"href":"https:\/\/www.electricstore.eu\/da\/wp-json\/wp\/v2\/comments?post=21727"}],"wp:featuredmedia":[{"embeddable":true,"href":"https:\/\/www.electricstore.eu\/da\/wp-json\/wp\/v2\/media\/21728"}],"wp:attachment":[{"href":"https:\/\/www.electricstore.eu\/da\/wp-json\/wp\/v2\/media?parent=21727"}],"wp:term":[{"taxonomy":"product_brand","embeddable":true,"href":"https:\/\/www.electricstore.eu\/da\/wp-json\/wp\/v2\/product_brand?post=21727"},{"taxonomy":"product_cat","embeddable":true,"href":"https:\/\/www.electricstore.eu\/da\/wp-json\/wp\/v2\/product_cat?post=21727"},{"taxonomy":"product_tag","embeddable":true,"href":"https:\/\/www.electricstore.eu\/da\/wp-json\/wp\/v2\/product_tag?post=21727"}],"curies":[{"name":"wp","href":"https:\/\/api.w.org\/{rel}","templated":true}]}}