{"id":21723,"date":"2025-05-20T18:21:32","date_gmt":"2025-05-20T18:21:32","guid":{"rendered":"https:\/\/electricstore.eu\/p\/uncategorized\/oukitel-pv400-400w-foldable-portable-solar-panel-with-kickstand-23-energy-conversion-rate-ip65-waterproof\/"},"modified":"2025-05-20T18:21:33","modified_gmt":"2025-05-20T18:21:33","slug":"oukitel-pv400-400w-foldable-portable-solar-panel-with-kickstand-23-energy-conversion-rate-ip65-waterproof","status":"publish","type":"product","link":"https:\/\/www.electricstore.eu\/da\/p\/batteries\/foldable-solar-panels\/oukitel-pv400-400w-foldable-portable-solar-panel-with-kickstand-23-energy-conversion-rate-ip65-waterproof\/","title":{"rendered":"OUKITEL PV400 400W foldbart, b\u00e6rbart solpanel med st\u00f8tteben, 23% energikonverteringshastighed, IP65 vandt\u00e6t"},"content":{"rendered":"<div class=\"product-specs-list-container\">\n<ul class=\"product-specs-list util-clearfix\">\n<li class=\"product-prop line-limit-length\"><span\n                                        class=\"property-title\">M\u00e6rke:&nbsp;<\/span><span\n                                        class=\"property-desc line-limit-length\">OUKITEL<\/span>\n                            <\/li>\n<li class=\"product-prop line-limit-length\"><span\n                                        class=\"property-title\">Model:&nbsp;<\/span><span\n                                        class=\"property-desc line-limit-length\">PV400<\/span>\n                            <\/li>\n<li class=\"product-prop line-limit-length\"><span\n                                        class=\"property-title\">Type:&nbsp;<\/span><span\n                                        class=\"property-desc line-limit-length\">Solpanel<\/span>\n                            <\/li>\n<li class=\"product-prop line-limit-length\"><span\n                                        class=\"property-title\">Nominel effekt:&nbsp;<\/span><span\n                                        class=\"property-desc line-limit-length\">400W<\/span>\n                            <\/li>\n<li class=\"product-prop line-limit-length\"><span\n                                        class=\"property-title\">Effektivitet:&nbsp;<\/span><span\n                                        class=\"property-desc line-limit-length\">23%<\/span>\n                            <\/li>\n<li class=\"product-prop line-limit-length\"><span\n                                        class=\"property-title\">Celletype:&nbsp;<\/span><span\n                                        class=\"property-desc line-limit-length\">Monokrystallinsk silicium<\/span>\n                            <\/li>\n<li class=\"product-prop line-limit-length\"><span\n                                        class=\"property-title\">\u00c5ben kredsl\u00f8bssp\u00e6nding:&nbsp;<\/span><span\n                                        class=\"property-desc line-limit-length\">48V<\/span>\n                            <\/li>\n<li class=\"product-prop line-limit-length\"><span\n                                        class=\"property-title\">Kortslutningsstr\u00f8m:&nbsp;<\/span><span\n                                        class=\"property-desc line-limit-length\">12A<\/span>\n                            <\/li>\n<\/ul><\/div>\n<p style=\"font-family:&quot;Microsoft YaHei&quot;;font-size:medium;font-weight:400;letter-spacing:normal;text-align:start;white-space:normal;color:rgb(0, 0, 0)\" align=\"start\"><span style=\"font-size:x-large\">H\u00f8jdepunkter<\/span><\/p>\n<p><\/p>\n<p style=\"font-family:&quot;Microsoft YaHei&quot;;font-size:medium;font-weight:400;letter-spacing:normal;text-align:start;white-space:normal;color:rgb(0, 0, 0)\" align=\"start\"><strong>23% H\u00f8j konverteringseffektivitet<\/strong><br \/>OUKITEL PV400 er konstrueret af h\u00f8jeffektive monokrystallinske solceller og kan tilbyde en effektivitet p\u00e5 op til 23%, og den kan omdanne mere solenergi til brugbar energi.<\/p>\n<p><\/p>\n<p style=\"font-family:&quot;Microsoft YaHei&quot;;font-size:medium;font-weight:400;letter-spacing:normal;text-align:start;white-space:normal;color:rgb(0, 0, 0)\" align=\"start\"><strong>Holdbar og st\u00e6nkt\u00e6t<\/strong><br \/>Har en langvarig ETFE-bel\u00e6gning, der kan forl\u00e6nge solpanelets levetid. IP65 vandafvisende design beskytter det mod vandspr\u00f8jt (placer det ikke i regn).<\/p>\n<p><\/p>\n<p style=\"font-family:&quot;Microsoft YaHei&quot;;font-size:medium;font-weight:400;letter-spacing:normal;text-align:start;white-space:normal;color:rgb(0, 0, 0)\" align=\"start\"><strong>Nem at b\u00e6re og st\u00f8tteben medf\u00f8lger<\/strong><br \/>OUKITEL PV400 solpanelet er foldbart, s\u00e5 du kan tage det med overalt. St\u00f8ttebenet h\u00e6lder i en vinkel, der g\u00f8r, at solpanelet nemt absorberer energi fra sollyset.<\/p>\n<p><\/p>\n<p style=\"font-family:&quot;Microsoft YaHei&quot;;font-size:medium;font-weight:400;letter-spacing:normal;text-align:start;white-space:normal;color:rgb(0, 0, 0)\" align=\"start\"><strong>Bred kompatibilitet<\/strong><br \/>Med et MC4-stik er dette solpanel kompatibelt med mange kraftv\u00e6rker og andre generatorer p\u00e5 markedet, ideelt til off-grid camping og uventede str\u00f8mafbrydelser.<\/p>\n<p><\/p>\n<h2 style=\"font-family:&quot;Microsoft YaHei&quot;;font-size:14px;letter-spacing:normal;text-align:start;white-space:normal;color:rgb(0, 0, 0);margin:10px 0px;margin-bottom:10px;margin-top:10px;margin-left:0px;margin-right:0px;padding:0px;padding-bottom:0px;padding-top:0px;padding-left:0px;padding-right:0px\" align=\"start\"><span style=\"font-size:28px\"><strong>Specifikation<\/strong><\/span><\/h2>\n<p><\/p>\n<table style=\"border-collapse:collapse;font-family:&quot;Microsoft YaHei&quot;;width:1000px\" class=\"jbEidtTable\" border=\"1\" cellpadding=\"5\" cellspacing=\"0\">\n<tbody>\n<tr>\n<td style=\"text-align:left\" align=\"left\">\n<p><strong>Generel<\/strong><\/p>\n<\/td>\n<td style=\"text-align:left\" align=\"left\">\n<p>M\u00e6rke: OUKITEL<br \/>Type: Solpanel<br \/>Model: PV400<br \/>Farve: Sort<\/p>\n<\/td>\n<\/tr>\n<tr>\n<td style=\"text-align:left\" align=\"left\">\n<p><strong>Specifikation<\/strong><\/p>\n<\/td>\n<td style=\"text-align:left\" align=\"left\">\n<p>Nominel effekt: 400W<br \/>Celletype: Monokrystallinsk silicium<br \/>Effektivitet: 23%<br \/>\u00c5ben kredsl\u00f8bssp\u00e6nding: 48V<br \/>Kortslutningsstr\u00f8m: 12A<\/p>\n<\/td>\n<\/tr>\n<tr>\n<td style=\"text-align:left\" align=\"left\">\n<p><strong>V\u00e6gt og st\u00f8rrelse<\/strong><\/p>\n<\/td>\n<td style=\"text-align:left\" align=\"left\">\n<p>Produktv\u00e6gt: 15 kg<br \/>Pakkev\u00e6gt: 15,5 kg<br \/>Udfoldet st\u00f8rrelse: 1048 * 2333 * 25 mm<br \/>Pakkest\u00f8rrelse (L x B x H): 1100 * 88 * 700 mm<\/p>\n<\/td>\n<\/tr>\n<tr>\n<td style=\"text-align:left\" align=\"left\">\n<p><strong>Pakkens indhold<\/strong><\/p>\n<\/td>\n<td style=\"text-align:left\" align=\"left\">\n<p>1 x solpanel<br \/>1 x MC4 solcellekabel<br \/>1 x Brugermanual<\/p>\n<\/td>\n<\/tr>\n<\/tbody>\n<\/table>\n<h2 style=\"font-family:&quot;Microsoft YaHei&quot;;font-size:14px;letter-spacing:normal;text-align:start;white-space:normal;color:rgb(0, 0, 0);margin:10px 0px;margin-bottom:10px;margin-top:10px;margin-left:0px;margin-right:0px;padding:0px;padding-bottom:0px;padding-top:0px;padding-left:0px;padding-right:0px\" align=\"start\"><img decoding=\"async\" src=\"https:\/\/ae01.alicdn.com\/kf\/S00927ec687f04ba3a0681c059a3799ec0.jpg\" slate-data-type=\"image\"\/><img decoding=\"async\" src=\"https:\/\/ae01.alicdn.com\/kf\/Sd056d3aeabba405280479a901a28fbd82.jpg\" slate-data-type=\"image\"\/><img decoding=\"async\" src=\"https:\/\/ae01.alicdn.com\/kf\/S8da4e07d9b76432a847f5fa4224ded9f8.jpg\" slate-data-type=\"image\"\/><img decoding=\"async\" src=\"https:\/\/ae01.alicdn.com\/kf\/Sb2e4b6038b87439da696edc8c0fe7f81u.jpg\" slate-data-type=\"image\"\/><img decoding=\"async\" src=\"https:\/\/ae01.alicdn.com\/kf\/S0462a0564c1f4ec5899c3e99bbb2a7b39.jpg\" slate-data-type=\"image\"\/><img decoding=\"async\" src=\"https:\/\/ae01.alicdn.com\/kf\/Sec5c9d14e4f54934950d5986b760362e9.jpg\" slate-data-type=\"image\"\/><img decoding=\"async\" src=\"https:\/\/ae01.alicdn.com\/kf\/Sdfb7d4187bab41c9bd2c24c4552a43bdw.jpg\" slate-data-type=\"image\"\/><img decoding=\"async\" src=\"https:\/\/ae01.alicdn.com\/kf\/Sd97f77eecaaf42f5a2e98eba052b1d0fH.jpg\" slate-data-type=\"image\"\/><img decoding=\"async\" src=\"https:\/\/ae01.alicdn.com\/kf\/Sba0b157dbaab49b0a03aca789cb6cab5z.jpg\" slate-data-type=\"image\"\/><\/h2>\n<p style=\"font-family:&quot;Microsoft YaHei&quot;;font-size:medium;font-weight:400;letter-spacing:normal;text-align:start;white-space:normal;color:rgb(0, 0, 0)\" align=\"start\"><\/p>","protected":false},"excerpt":{"rendered":"<p>Brand:&nbsp;OUKITEL Model:&nbsp;PV400 Type:&nbsp;Solar Panel Rated Power:&nbsp;400W Efficiency:&nbsp;23% Cell Type:&nbsp;Monocrystalline Silicon Open Circuit Voltage:&nbsp;48V Short Circuit Current:&nbsp;12A Highlights 23% High Conversion EfficiencyConstructed from high-efficiency monocrystalline solar cells, OUKITEL PV400 can offer<\/p>","protected":false},"featured_media":21724,"comment_status":"open","ping_status":"closed","template":"","meta":{"_acf_changed":false},"product_brand":[],"product_cat":[531],"product_tag":[],"class_list":{"0":"post-21723","1":"product","2":"type-product","3":"status-publish","4":"has-post-thumbnail","6":"product_cat-foldable-solar-panels","8":"first","9":"instock","10":"shipping-taxable","11":"purchasable","12":"product-type-simple"},"acf":[],"_links":{"self":[{"href":"https:\/\/www.electricstore.eu\/da\/wp-json\/wp\/v2\/product\/21723","targetHints":{"allow":["GET"]}}],"collection":[{"href":"https:\/\/www.electricstore.eu\/da\/wp-json\/wp\/v2\/product"}],"about":[{"href":"https:\/\/www.electricstore.eu\/da\/wp-json\/wp\/v2\/types\/product"}],"replies":[{"embeddable":true,"href":"https:\/\/www.electricstore.eu\/da\/wp-json\/wp\/v2\/comments?post=21723"}],"wp:featuredmedia":[{"embeddable":true,"href":"https:\/\/www.electricstore.eu\/da\/wp-json\/wp\/v2\/media\/21724"}],"wp:attachment":[{"href":"https:\/\/www.electricstore.eu\/da\/wp-json\/wp\/v2\/media?parent=21723"}],"wp:term":[{"taxonomy":"product_brand","embeddable":true,"href":"https:\/\/www.electricstore.eu\/da\/wp-json\/wp\/v2\/product_brand?post=21723"},{"taxonomy":"product_cat","embeddable":true,"href":"https:\/\/www.electricstore.eu\/da\/wp-json\/wp\/v2\/product_cat?post=21723"},{"taxonomy":"product_tag","embeddable":true,"href":"https:\/\/www.electricstore.eu\/da\/wp-json\/wp\/v2\/product_tag?post=21723"}],"curies":[{"name":"wp","href":"https:\/\/api.w.org\/{rel}","templated":true}]}}