{"id":21685,"date":"2025-05-20T18:21:09","date_gmt":"2025-05-20T18:21:09","guid":{"rendered":"https:\/\/electricstore.eu\/p\/uncategorized\/haniwinner-hd009-12-12-8v-200ah-lifepo4-lithium-battery-pack-backup-power-2560wh-energy-2000-cycles-built-in-bms\/"},"modified":"2025-05-20T18:21:10","modified_gmt":"2025-05-20T18:21:10","slug":"haniwinner-hd009-12-12-8v-200ah-lifepo4-lithium-battery-pack-backup-power-2560wh-energy-2000-cycles-built-in-bms","status":"publish","type":"product","link":"https:\/\/www.electricstore.eu\/da\/p\/batteries\/lifepo4-batteries\/200ah-lifepo4-batteries\/haniwinner-hd009-12-12-8v-200ah-lifepo4-lithium-battery-pack-backup-power-2560wh-energy-2000-cycles-built-in-bms\/","title":{"rendered":"HANIWINNER HD009-12 12,8V 200Ah LiFePO4 Lithium Batteripakke Backup Str\u00f8m 2560Wh Energi 2000+ cyklusser Indbygget BMS"},"content":{"rendered":"<div class=\"product-specs-list-container\">\n<ul class=\"product-specs-list util-clearfix\">\n<li class=\"product-prop line-limit-length\"><span\n                                        class=\"property-title\">Nominel kapacitet:&nbsp;<\/span><span\n                                        class=\"property-desc line-limit-length\">2560Wh<\/span>\n                            <\/li>\n<li class=\"product-prop line-limit-length\"><span\n                                        class=\"property-title\">Modelnummer:&nbsp;<\/span><span\n                                        class=\"property-desc line-limit-length\">HD009-12<\/span>\n                            <\/li>\n<li class=\"product-prop line-limit-length\"><span\n                                        class=\"property-title\">Type:&nbsp;<\/span><span\n                                        class=\"property-desc line-limit-length\">LiFePO4<\/span>\n                            <\/li>\n<li class=\"product-prop line-limit-length\"><span\n                                        class=\"property-title\">S\u00e6ttype:&nbsp;<\/span><span\n                                        class=\"property-desc line-limit-length\">Opladers\u00e6t<\/span>\n                            <\/li>\n<li class=\"product-prop line-limit-length\"><span\n                                        class=\"property-title\">M\u00e6rke:&nbsp;<\/span><span\n                                        class=\"property-desc line-limit-length\">HANIVINNER<\/span>\n                            <\/li>\n<li class=\"product-prop line-limit-length\"><span\n                                        class=\"property-title\">Model:&nbsp;<\/span><span\n                                        class=\"property-desc line-limit-length\">HD009-12<\/span>\n                            <\/li>\n<li class=\"product-prop line-limit-length\"><span\n                                        class=\"property-title\">Nominel sp\u00e6nding:&nbsp;<\/span><span\n                                        class=\"property-desc line-limit-length\">12,8V<\/span>\n                            <\/li>\n<li class=\"product-prop line-limit-length\"><span\n                                        class=\"property-title\">Magt:&nbsp;<\/span><span\n                                        class=\"property-desc line-limit-length\">2560Wh<\/span>\n                            <\/li>\n<li class=\"product-prop line-limit-length\"><span\n                                        class=\"property-title\">Ende:&nbsp;<\/span><span\n                                        class=\"property-desc line-limit-length\">M8<\/span>\n                            <\/li>\n<li class=\"product-prop line-limit-length\"><span\n                                        class=\"property-title\">Hus:&nbsp;<\/span><span\n                                        class=\"property-desc line-limit-length\">ABS<\/span>\n                            <\/li>\n<li class=\"product-prop line-limit-length\"><span\n                                        class=\"property-title\">Maks. ladestr\u00f8m:&nbsp;<\/span><span\n                                        class=\"property-desc line-limit-length\">80A<\/span>\n                            <\/li>\n<li class=\"product-prop line-limit-length\"><span\n                                        class=\"property-title\">Funktioner 01:&nbsp;<\/span><span\n                                        class=\"property-desc line-limit-length\">B\u00e6rbart batteri<\/span>\n                            <\/li>\n<li class=\"product-prop line-limit-length\"><span\n                                        class=\"property-title\">Funktioner 02:&nbsp;<\/span><span\n                                        class=\"property-desc line-limit-length\">B\u00e6rbar, rapporterbar str\u00f8m<\/span>\n                            <\/li>\n<li class=\"product-prop line-limit-length\"><span\n                                        class=\"property-title\">Funktioner 03:&nbsp;<\/span><span\n                                        class=\"property-desc line-limit-length\">Bluetti kraftv\u00e6rk<\/span>\n                            <\/li>\n<li class=\"product-prop line-limit-length\"><span\n                                        class=\"property-title\">Funktioner 04:&nbsp;<\/span><span\n                                        class=\"property-desc line-limit-length\">B\u00e6rbart campingbatteri<\/span>\n                            <\/li>\n<li class=\"product-prop line-limit-length\"><span\n                                        class=\"property-title\">Funktioner 05:&nbsp;<\/span><span\n                                        class=\"property-desc line-limit-length\">3600w b\u00e6rbar kraftstation<\/span>\n                            <\/li>\n<\/ul><\/div>\n<div class=\"detailmodule_html\">\n<div class=\"detail-desc-decorate-richtext\">\n<p><span style=\"font-size:24px\"><strong>H\u00f8jdepunkter:<\/strong><\/span><\/p>\n<ul style=\"font-family:&quot;Microsoft YaHei&quot;;font-size:medium;font-weight:400;letter-spacing:normal;text-align:start;white-space:normal;color:rgb(0, 0, 0);margin-bottom:10px;padding-left:0px\" class=\"clearfix\" align=\"start\">\n<li style=\"font-size:14px;margin-right:10px;padding-left:18px;list-style:none;position:relative;float:left\">\n<p><strong>Sikkert LiFePO4-batteri, 2000+ cyklusser<\/strong><br \/>Ved hj\u00e6lp af lithium-jernfosfatbatterier og moden teknologi har denne batteripakke h\u00f8j sikkerhed og kan tilbyde 100% DOD-opladning og -afladning under normale forhold, mere end 2000 cyklusser.<\/p>\n<div><\/div>\n<p><strong>10 \u00e5rs levetid og letv\u00e6gtsdesign<\/strong><br \/>HANIWINNER 12,8V 200Ah LiFePO4 lithium-batteripakke har en levetid p\u00e5 op til 10 \u00e5r. Og den er en perfekt erstatning for blybatterier, da den er 40-50% lettere end blybatterier og er vedligeholdelsesfri.<\/p>\n<div><\/div>\n<p><strong>Indbygget BMS<\/strong><br \/>HANIWINNER LiFePO4-batteripakken har et indbygget BMS-intelligent modul til overopladningsbeskyttelse, overafladningsbeskyttelse, overstr\u00f8msbeskyttelse, overtemperaturbeskyttelse og kortslutningsbeskyttelse osv.<\/p>\n<div><\/div>\n<p><strong>Underst\u00f8ttelse i serie\/parallel<\/strong><br \/>Den underst\u00f8tter et bredt temperaturomr\u00e5de p\u00e5 -20 til 60 Celsius og kan tilsluttes parallelt og i serie for st\u00f8rre kapacitet og sp\u00e6nding. (underst\u00f8tter 4S34P, skal fungere under teknisk vejledning), perfekt anvendt i solcelledrevne gadelamper og belysningssystemer, elbiler, UPS-backupstr\u00f8mforsyninger, solceller, vindkraft, vandkraft, boliger og andre energilagringssystemer.<\/p>\n<\/li>\n<li style=\"font-size:14px;margin-right:10px;padding-left:18px;list-style:none;position:relative;float:left\">\n<p><\/p>\n<\/li>\n<\/ul>\n<p><span style=\"font-size:24px\"><strong>Specifikation:<\/strong><\/span><\/p>\n<ul style=\"font-family:&quot;Microsoft YaHei&quot;;font-size:medium;font-weight:400;letter-spacing:normal;text-align:start;white-space:normal;color:rgb(0, 0, 0);margin-bottom:10px;padding-left:0px\" class=\"clearfix\" align=\"start\">\n<li style=\"font-size:14px;margin-right:10px;padding-left:18px;list-style:none;position:relative;float:left\">\n<table style=\"border-collapse:collapse;width:1000px\" class=\"jbEidtTable\" border=\"1\" cellpadding=\"5\" cellspacing=\"0\">\n<tbody>\n<tr>\n<td style=\"font-size:14px;text-align:left\" align=\"left\">\n<p><strong>Generel<\/strong><\/p>\n<\/td>\n<td style=\"font-size:14px;text-align:left\" align=\"left\">\n<p>M\u00e6rke: HANIWINNER<br \/>Type: Batteripakke<br \/>Model: HD009-12<br \/>Farve: Sort<\/p>\n<\/td>\n<\/tr>\n<tr>\n<td style=\"font-size:14px;text-align:left\" align=\"left\">\n<p><strong>Specifikation<\/strong><\/p>\n<\/td>\n<td style=\"font-size:14px;text-align:left\" align=\"left\">\n<p>Nominel sp\u00e6nding: 12,8V<br \/>Nominel kapacitet: 200 Ah ved 0,2 \u00b0C<br \/>Effekt: 2560 Wh<br \/>Intern modstand: \u2264 40m\u03a9<br \/>Levetid: \u2265 2000 cyklusser (0,2C 100% DOD opladnings-\/afladningscyklus indtil kapaciteten falder til 70%)<br \/>Selvafladning: \u2264 3,5% pr. m\u00e5ned (25 \u00b1 5 Celsius)<br \/>Maks. ladesp\u00e6nding: 14,6 \u00b1 0,2V<br \/>Opladningstilstand: Ved 0-45 Celsius oplades der med konstant str\u00f8m 0,2c5A til 14,6V, derefter oplades der med konstant sp\u00e6nding 14,6V, indtil str\u00f8mmen er reduceret til 0,02c5A, og derefter stoppes opladningen.<br \/>Ladestr\u00f8m: 40A<br \/>Maks. ladestr\u00f8m: 80A<br \/>Afladningsafbrydelsessp\u00e6nding: 10,0 V<br \/>Afladningsstr\u00f8m: 40A<br \/>Maks. kontinuerlig afladningsstr\u00f8m: 100A<br \/>Opladningstemperatur: 0 \u2013 45 Celsius (40-75% luftfugtighed)<br \/>Udladningstemperatur: -20 \u2013 60 Celsius (40-75% luftfugtighed)<br \/>Opbevaringstemperatur: 0 \u2013 45 Celsius (40-75\u00b0C luftfugtighed)<br \/>Vandst\u00f8vmodstand: IP55<br \/>Intern kombinationstilstand: IFR32700\/6000mAh, 4S34P<br \/>Kabinet: ABS<br \/>Ender: M8<\/p>\n<\/td>\n<\/tr>\n<tr>\n<td style=\"font-size:14px;text-align:left\" align=\"left\">\n<p><strong>V\u00e6gt og st\u00f8rrelse<\/strong><\/p>\n<\/td>\n<td style=\"font-size:14px;text-align:left\" align=\"left\">\n<p>Produktv\u00e6gt: 25,85 kg<br \/>Pakkev\u00e6gt: 26,8 kg<br \/>Produktst\u00f8rrelse (L x B x H): 52,2 \u00d7 23,8 \u00d7 21,8 cm<br \/>Pakkest\u00f8rrelse (L x B x H): 57 \u00d7 28,5 x 27 cm<\/p>\n<\/td>\n<\/tr>\n<tr>\n<td style=\"font-size:14px;text-align:left\" align=\"left\">\n<p><strong>Containerpakke<\/strong><\/p>\n<\/td>\n<td style=\"font-size:14px;text-align:left\" align=\"left\">\n<p>1 x batteripakke<br \/>1 x Brugermanual<\/p>\n<\/td>\n<\/tr>\n<\/tbody>\n<\/table>\n<\/li>\n<li style=\"font-size:14px;font-weight:bold;margin-right:10px;padding-left:18px;list-style:none;float:left\">\n<p><\/p>\n<\/li>\n<\/ul>\n<p><img decoding=\"async\" src=\"https:\/\/ae01.alicdn.com\/kf\/Seef00909edbb4c5ea7afa325e5d3eb91e.jpg\" slate-data-type=\"image\"\/><img decoding=\"async\" src=\"https:\/\/ae01.alicdn.com\/kf\/S8352bcb61dcc41c5b1867822757f066a6.jpg\" slate-data-type=\"image\"\/><img decoding=\"async\" src=\"https:\/\/ae01.alicdn.com\/kf\/S1c1389bd689c469aa1c4867e05dae07aw.jpg\" slate-data-type=\"image\"\/><img decoding=\"async\" src=\"https:\/\/ae01.alicdn.com\/kf\/Sdf551ac6393d42099287ed0c9406b28eR.jpg\" slate-data-type=\"image\"\/><img decoding=\"async\" src=\"https:\/\/ae01.alicdn.com\/kf\/Sa691897e8bf141fba45be62d61a8bc1cO.jpg\" slate-data-type=\"image\"\/><img decoding=\"async\" src=\"https:\/\/ae01.alicdn.com\/kf\/S6fad17dde9564e47a8c95f3846c4dd2dI.jpg\" slate-data-type=\"image\"\/><img decoding=\"async\" src=\"https:\/\/ae01.alicdn.com\/kf\/Sf44b0443dc4b48c1b93523220e5416e67.jpg\" slate-data-type=\"image\"\/><img decoding=\"async\" src=\"https:\/\/ae01.alicdn.com\/kf\/Sae9e7bb5abea418daa861f46cdc6fcdfn.jpg\" slate-data-type=\"image\"\/><img decoding=\"async\" src=\"https:\/\/ae01.alicdn.com\/kf\/Sde867c397b364f618bb94e5f8e60ab17W.jpg\" slate-data-type=\"image\"\/><img decoding=\"async\" src=\"https:\/\/ae01.alicdn.com\/kf\/Se53e151537fc41e38414ca9901b365afK.jpg\" slate-data-type=\"image\"\/><img decoding=\"async\" src=\"https:\/\/ae01.alicdn.com\/kf\/Sd17a239107284815a2c0054ad3f0ed3bv.jpg\" slate-data-type=\"image\"\/><img decoding=\"async\" src=\"https:\/\/ae01.alicdn.com\/kf\/Sef2fe4553efc4263885956aa11918ec9O.jpg\" slate-data-type=\"image\"\/><img decoding=\"async\" src=\"https:\/\/ae01.alicdn.com\/kf\/S17dd05909116480ca61c6256ecf628bf7.jpg\" slate-data-type=\"image\"\/><img decoding=\"async\" src=\"https:\/\/ae01.alicdn.com\/kf\/S118b8859d6c84834b861e7230bc4233c8.jpg\" slate-data-type=\"image\"\/><\/p>\n<\/div>\n<\/div>","protected":false},"excerpt":{"rendered":"<p>Nominal Capacity:&nbsp;2560Wh Model Number:&nbsp;HD009-12 Type:&nbsp;LiFePO4 Set Type:&nbsp;Charger Sets Brand:&nbsp;HANIWINNER Model:&nbsp;HD009-12 Nominal Voltage:&nbsp;12.8V Power:&nbsp;2560Wh End:&nbsp;M8 Casing:&nbsp;ABS Max.Charging Current:&nbsp;80A Features 01:&nbsp;Portable battery Features 02:&nbsp;Portable reportable power Features 03:&nbsp;Bluetti power station Features 04:&nbsp;Portable<\/p>","protected":false},"featured_media":21687,"comment_status":"open","ping_status":"closed","template":"","meta":{"_acf_changed":false},"product_brand":[],"product_cat":[238],"product_tag":[],"class_list":{"0":"post-21685","1":"product","2":"type-product","3":"status-publish","4":"has-post-thumbnail","6":"product_cat-200ah-lifepo4-batteries","8":"first","9":"instock","10":"shipping-taxable","11":"purchasable","12":"product-type-simple"},"acf":[],"_links":{"self":[{"href":"https:\/\/www.electricstore.eu\/da\/wp-json\/wp\/v2\/product\/21685","targetHints":{"allow":["GET"]}}],"collection":[{"href":"https:\/\/www.electricstore.eu\/da\/wp-json\/wp\/v2\/product"}],"about":[{"href":"https:\/\/www.electricstore.eu\/da\/wp-json\/wp\/v2\/types\/product"}],"replies":[{"embeddable":true,"href":"https:\/\/www.electricstore.eu\/da\/wp-json\/wp\/v2\/comments?post=21685"}],"wp:featuredmedia":[{"embeddable":true,"href":"https:\/\/www.electricstore.eu\/da\/wp-json\/wp\/v2\/media\/21687"}],"wp:attachment":[{"href":"https:\/\/www.electricstore.eu\/da\/wp-json\/wp\/v2\/media?parent=21685"}],"wp:term":[{"taxonomy":"product_brand","embeddable":true,"href":"https:\/\/www.electricstore.eu\/da\/wp-json\/wp\/v2\/product_brand?post=21685"},{"taxonomy":"product_cat","embeddable":true,"href":"https:\/\/www.electricstore.eu\/da\/wp-json\/wp\/v2\/product_cat?post=21685"},{"taxonomy":"product_tag","embeddable":true,"href":"https:\/\/www.electricstore.eu\/da\/wp-json\/wp\/v2\/product_tag?post=21685"}],"curies":[{"name":"wp","href":"https:\/\/api.w.org\/{rel}","templated":true}]}}