{"id":21676,"date":"2025-05-20T18:21:03","date_gmt":"2025-05-20T18:21:03","guid":{"rendered":"https:\/\/electricstore.eu\/p\/uncategorized\/flashfish-f132-1000w-pure-sine-wave-power-station-1041-6wh-19-outlets-lifepo4-230v-ac-outlet-energy-storage-portable-generator\/"},"modified":"2025-05-20T18:21:09","modified_gmt":"2025-05-20T18:21:09","slug":"flashfish-f132-1000w-pure-sine-wave-power-station-1041-6wh-19-outlets-lifepo4-230v-ac-outlet-energy-storage-portable-generator","status":"publish","type":"product","link":"https:\/\/www.electricstore.eu\/da\/p\/batteries\/portable-power-stations\/flashfish-f132-1000w-pure-sine-wave-power-station-1041-6wh-19-outlets-lifepo4-230v-ac-outlet-energy-storage-portable-generator\/","title":{"rendered":"Flashfish F132 1000W ren sinusb\u00f8lge kraftv\u00e6rk 1041,6Wh 19 udgange LiFePo4 230V AC udgang energilagring b\u00e6rbar generator"},"content":{"rendered":"<div class=\"product-specs-list-container\">\n<ul class=\"product-specs-list util-clearfix\">\n<li class=\"product-prop line-limit-length\"><span\n                                        class=\"property-title\">Anvendelse:&nbsp;<\/span><span\n                                        class=\"property-desc line-limit-length\">Solenergilagring<\/span>\n                            <\/li>\n<li class=\"product-prop line-limit-length\"><span\n                                        class=\"property-title\">Nominel kapacitet:&nbsp;<\/span><span\n                                        class=\"property-desc line-limit-length\">1041,6 Wh<\/span>\n                            <\/li>\n<li class=\"product-prop line-limit-length\"><span\n                                        class=\"property-title\">Modelnummer:&nbsp;<\/span><span\n                                        class=\"property-desc line-limit-length\">PowerMax 3600<\/span>\n                            <\/li>\n<li class=\"product-prop line-limit-length\"><span\n                                        class=\"property-title\">Type:&nbsp;<\/span><span\n                                        class=\"property-desc line-limit-length\">LiFePO4<\/span>\n                            <\/li>\n<li class=\"product-prop line-limit-length\"><span\n                                        class=\"property-title\">S\u00e6ttype:&nbsp;<\/span><span\n                                        class=\"property-desc line-limit-length\">Opladers\u00e6t<\/span>\n                            <\/li>\n<li class=\"product-prop line-limit-length\"><span\n                                        class=\"property-title\">M\u00e6rke:&nbsp;<\/span><span\n                                        class=\"property-desc line-limit-length\">Flashfish<\/span>\n                            <\/li>\n<li class=\"product-prop line-limit-length\"><span\n                                        class=\"property-title\">Model:&nbsp;<\/span><span\n                                        class=\"property-desc line-limit-length\">F132<\/span>\n                            <\/li>\n<li class=\"product-prop line-limit-length\"><span\n                                        class=\"property-title\">Farve:&nbsp;<\/span><span\n                                        class=\"property-desc line-limit-length\">Sort<\/span>\n                            <\/li>\n<li class=\"product-prop line-limit-length\"><span\n                                        class=\"property-title\">Batteri:&nbsp;<\/span><span\n                                        class=\"property-desc line-limit-length\">LiFePO4<\/span>\n                            <\/li>\n<li class=\"product-prop line-limit-length\"><span\n                                        class=\"property-title\">Kapacitet:&nbsp;<\/span><span\n                                        class=\"property-desc line-limit-length\">1041,6 Wh\/325500 mAh<\/span>\n                            <\/li>\n<li class=\"product-prop line-limit-length\"><span\n                                        class=\"property-title\">Udgangssp\u00e6nding:&nbsp;<\/span><span\n                                        class=\"property-desc line-limit-length\">AC 220-240V<\/span>\n                            <\/li>\n<li class=\"product-prop line-limit-length\"><span\n                                        class=\"property-title\">B\u00f8lgetype:&nbsp;<\/span><span\n                                        class=\"property-desc line-limit-length\">Ren sinusb\u00f8lge<\/span>\n                            <\/li>\n<li class=\"product-prop line-limit-length\"><span\n                                        class=\"property-title\">Funktioner 01:&nbsp;<\/span><span\n                                        class=\"property-desc line-limit-length\">B\u00e6rbart batteri<\/span>\n                            <\/li>\n<li class=\"product-prop line-limit-length\"><span\n                                        class=\"property-title\">Funktioner 02:&nbsp;<\/span><span\n                                        class=\"property-desc line-limit-length\">B\u00e6rbar, rapporterbar str\u00f8m<\/span>\n                            <\/li>\n<li class=\"product-prop line-limit-length\"><span\n                                        class=\"property-title\">Funktioner 03:&nbsp;<\/span><span\n                                        class=\"property-desc line-limit-length\">Bluetti kraftv\u00e6rk<\/span>\n                            <\/li>\n<li class=\"product-prop line-limit-length\"><span\n                                        class=\"property-title\">Funktioner 04:&nbsp;<\/span><span\n                                        class=\"property-desc line-limit-length\">B\u00e6rbart campingbatteri<\/span>\n                            <\/li>\n<li class=\"product-prop line-limit-length\"><span\n                                        class=\"property-title\">Str\u00f8mindikator:&nbsp;<\/span><span\n                                        class=\"property-desc line-limit-length\">LED-sk\u00e6rm<\/span>\n                            <\/li>\n<\/ul><\/div>\n<div class=\"detailmodule_html\">\n<div class=\"detail-desc-decorate-richtext\">\n<p><span style=\"font-size:24px\"><strong>H\u00f8jdepunkter:<\/strong><\/span><\/p>\n<ul style=\"font-family:&quot;Microsoft YaHei&quot;;font-size:medium;font-weight:400;letter-spacing:normal;text-align:start;white-space:normal;color:rgb(0, 0, 0);margin-bottom:10px;padding-left:0px\" class=\"clearfix\" align=\"start\">\n<li style=\"font-size:14px;margin-right:10px;padding-left:18px;list-style:none;position:relative;float:left\">\n<h3><strong>14 alsidige udsalgssteder<\/strong><\/h3>\n<p>Med en h\u00f8jkvalitets 3600W ren sinusb\u00f8lge AC inverter kan 14 udgangskilder p\u00e5 Blackview Oscal PowerMax 3600 opfylde alle dine behov for stikkontakter, s\u00e5 du kan k\u00f8re hele din fest, campingtur eller endda hele dit hus i tilf\u00e6lde af et uventet str\u00f8mafbrydelse.<\/p>\n<h3><strong>57600Wh maks. batteri<\/strong><\/h3>\n<p>Blackview ASCAL PowerMax 3600 d\u00e6kker dine forskellige energibehov fra udend\u00f8rs- til indend\u00f8rsaktiviteter og tilbyder fleksibiliteten til at skr\u00e6ddersy din batterikapacitet med et 100% modul\u00e6rt design, der sp\u00e6nder fra 3,6 kWh til 57,6 kWh med op til 15 batteripakker (3600 Wh\/pr. pakke).<\/p>\n<h3><strong>LED-lystilstande og morsekodesignal<\/strong><\/h3>\n<p>Ud over 5 standard LED-lystilstande kan information sendes via lyssignaler ved at variere lysstyrken og blinkem\u00f8nstrene, hvilket er nyttigt om natten, i d\u00e5rligt vejr eller i situationer med lav sigtbarhed til at formidle tegn, is\u00e6r n\u00f8dopkald.<\/p>\n<h3><strong>UV- og UL94V-0-klassificeret brandh\u00e6mmende hus<\/strong><\/h3>\n<p>Uanset om det er midt i havetrimning eller \u00f8rkenudforskning, beskytter PowerMax 3600&#039;s UV-beskyttelse den mod falmning og langvarig soleksponering, og dens UL94V-0 flammeforsinkelseskabinet sikrer, at der ikke er risiko for brand som f\u00f8lge af varmeudvikling.<\/p>\n<h3><strong>0,8M vertikalt faldsikkert design<\/strong><\/h3>\n<p>PowerMax 3600 er smedet til at passe til det barske terr\u00e6n p\u00e5 dine ekspeditioner og er omhyggeligt fremstillet til at modst\u00e5 lodrette fald fra h\u00f8jder p\u00e5 op til 0,8 meter. Dette mindsker bekymringer om utilsigtede fald fra gr\u00e6sset, n\u00e5r den tages af bilen eller trappen.<\/p>\n<h3><strong>St\u00e6nksikkert og st\u00f8vt\u00e6t hus<\/strong><\/h3>\n<p>Fra s\u00f8bredder i den dugfriske morgen til st\u00f8vet \u00f8rken i skumringen, kan du tage den med overalt uden problemer - den beskytter effektivt mod lodrette vanddr\u00e5ber og visse faste parametre fra at blive indesluttet.<\/p>\n<\/li>\n<\/ul>\n<p><span style=\"font-size:26px\"><strong>Specifikation:<\/strong><\/span><\/p>\n<ul style=\"font-family:&quot;Microsoft YaHei&quot;;font-size:medium;font-weight:400;letter-spacing:normal;text-align:start;white-space:normal;color:rgb(0, 0, 0);margin-bottom:10px;padding-left:0px\" class=\"clearfix\" align=\"start\">\n<li style=\"font-size:14px;margin-right:10px;padding-left:18px;list-style:none;position:relative;float:left\">\n<table style=\"border-collapse:collapse;width:1000px\" class=\"jbEidtTable\" border=\"1\" cellpadding=\"5\" cellspacing=\"0\">\n<tbody>\n<tr>\n<td style=\"font-size:14px;text-align:left;width:373px;height:89px\" align=\"left\">\n<p>Generel<\/p>\n<\/td>\n<td style=\"font-size:14px;text-align:left;width:603px;height:89px\" align=\"left\">\n<p>M\u00e6rke: Blackview Oscal<br \/>Type: Robust kraftv\u00e6rk<br \/>Model: PowerMax 3600 EU<br \/>Farve: Gr\u00e5 + R\u00f8d<\/p>\n<\/td>\n<\/tr>\n<tr>\n<td style=\"font-size:14px;text-align:left;width:373px;height:646px\" align=\"left\">\n<p>Specifikation<\/p>\n<\/td>\n<td style=\"font-size:14px;text-align:left;width:603px;height:646px\" align=\"left\">\n<div>Batteri<br \/>Batterikapacitet: 3600 Wh<br \/>Batteritype: LiFePO4-batteri<br \/>Batterilevetid: 3500+ cyklusser til 80% af original kapacitet<\/div>\n<p>Produktion<br \/>AC-udgang:<br \/>4x3600W effekt (maks.)<br \/>Invertertype: Ren sinusb\u00f8lge<br \/>St\u00f8dningsstr\u00f8m: 7200W<br \/>USB-C-port: USB-C 100W x2<br \/>USB-A-port: USB-A 12W x1, USB-A 18W x3<br \/>DC-udgang: Anderson 378W x1, DC 5521 36W x2<br \/>Cigarett\u00e6nderport: Cigarett\u00e6nder 120W x1<\/p>\n<p>Input<br \/>AC-adapterindgang: 2200W (maks.), genopladningstider: 1,96 timer<br \/>Solenergiindgang: 1600 W (maks.), genopladningstider: 2,25 timer<br \/>(Med optimalt solskin, ideel orientering og lav temperatur)<br \/>Bilforbrug: 120W (maks.), genopladningstider: 30 timer<br \/>Dobbelt opladning<br \/>-AC-opladning + DC-solcelleopladning 1,2 timer<br \/>-AC-opladning + DC-bilopladning 1,86 timer<\/p>\n<p>Opladningstemperatur: 0-50 \u00b0C (32 \u00b0F-122 \u00b0F). Bedst under forhold fra 0 \u00b0C til 45 \u00b0C. (32 \u00b0F-113 \u00b0F)<br \/>Afladningstemperatur: -20-55 \u00b0C (-4 \u00b0F-131 \u00b0F). Bedst under forhold fra -10 \u00b0C til 45 \u00b0C (14. F-113 \u00b0F).<br \/>Opbevaringstemperatur: -10 \u00b0C-45 \u00b0C (14 \u00b0F-113 \u00b0F)<br \/>App-styring: Ja, via WiFi og Bluetooth<\/p>\n<\/td>\n<\/tr>\n<tr>\n<td style=\"font-size:14px;text-align:left;width:373px;height:89px\" align=\"left\">\n<p>V\u00e6gt og st\u00f8rrelse<\/p>\n<\/td>\n<td style=\"font-size:14px;text-align:left;width:603px;height:89px\" align=\"left\">\n<p>Produktv\u00e6gt: 44,5 kg<br \/>Pakkev\u00e6gt: 47,6 kg<br \/>Produktst\u00f8rrelse (L x B x H): 59 x 35 x 44,1 cm<br \/>Pakkest\u00f8rrelse (L x B x H): 66 \u00d7 40,5 \u00d7 52,5 cm<\/p>\n<\/td>\n<\/tr>\n<tr>\n<td style=\"font-size:14px;text-align:left;width:373px;height:44px\" align=\"left\">\n<p>Containerpakke<\/p>\n<\/td>\n<td style=\"font-size:14px;text-align:left;width:603px;height:44px\" align=\"left\">\n<p>1 x Robust kraftv\u00e6rk<br \/>1 x Brugermanual<\/p>\n<\/td>\n<\/tr>\n<\/tbody>\n<\/table>\n<\/li>\n<\/ul>\n<p style=\"font-family:&quot;Open Sans&quot;, Roboto, Arial, Helvetica, sans-serif, SimSun;font-size:14px;font-weight:400;letter-spacing:normal;line-height:inherit;text-align:start;white-space:normal;color:rgb(34, 34, 34);margin:0px;margin-bottom:0px;margin-top:0px;margin-left:0px;margin-right:0px;padding:0px;padding-bottom:0px;padding-top:0px;padding-left:0px;padding-right:0px;box-sizing:border-box\" align=\"start\"><img decoding=\"async\" style=\"border:0px;margin:0px;margin-bottom:0px;margin-top:0px;margin-left:0px;margin-right:0px;padding:0px;padding-bottom:0px;padding-top:0px;padding-left:0px;padding-right:0px;max-width:100%;box-sizing:border-box\" src=\"https:\/\/ae01.alicdn.com\/kf\/S0ce6c6794dcf4f219b9275f4a2600d5dw.jpg\" slate-data-type=\"image\"\/><img decoding=\"async\" style=\"border:0px;margin:0px;margin-bottom:0px;margin-top:0px;margin-left:0px;margin-right:0px;padding:0px;padding-bottom:0px;padding-top:0px;padding-left:0px;padding-right:0px;max-width:100%;box-sizing:border-box\" src=\"https:\/\/ae01.alicdn.com\/kf\/S34093e5c4ac14ddca61be76f4d1894e05.jpg\" slate-data-type=\"image\"\/><img decoding=\"async\" style=\"border:0px;margin:0px;margin-bottom:0px;margin-top:0px;margin-left:0px;margin-right:0px;padding:0px;padding-bottom:0px;padding-top:0px;padding-left:0px;padding-right:0px;max-width:100%;box-sizing:border-box\" src=\"https:\/\/ae01.alicdn.com\/kf\/S670ce43903c04e87819e48904da439890.jpg\" slate-data-type=\"image\"\/><img decoding=\"async\" style=\"border:0px;margin:0px;margin-bottom:0px;margin-top:0px;margin-left:0px;margin-right:0px;padding:0px;padding-bottom:0px;padding-top:0px;padding-left:0px;padding-right:0px;max-width:100%;box-sizing:border-box\" src=\"https:\/\/ae01.alicdn.com\/kf\/Sb20c7746cd904b1b844e4ee0c150488fX.jpg\" slate-data-type=\"image\"\/><img decoding=\"async\" style=\"border:0px;margin:0px;margin-bottom:0px;margin-top:0px;margin-left:0px;margin-right:0px;padding:0px;padding-bottom:0px;padding-top:0px;padding-left:0px;padding-right:0px;max-width:100%;box-sizing:border-box\" src=\"https:\/\/ae01.alicdn.com\/kf\/S82786340e56b44d789e1ee011573f323s.jpg\" slate-data-type=\"image\"\/><img decoding=\"async\" style=\"border:0px;margin:0px;margin-bottom:0px;margin-top:0px;margin-left:0px;margin-right:0px;padding:0px;padding-bottom:0px;padding-top:0px;padding-left:0px;padding-right:0px;max-width:100%;box-sizing:border-box\" src=\"https:\/\/ae01.alicdn.com\/kf\/S611dd1a6874643bf8e632682860a9b338.jpg\" slate-data-type=\"image\"\/><img decoding=\"async\" style=\"border:0px;margin:0px;margin-bottom:0px;margin-top:0px;margin-left:0px;margin-right:0px;padding:0px;padding-bottom:0px;padding-top:0px;padding-left:0px;padding-right:0px;max-width:100%;box-sizing:border-box\" src=\"https:\/\/ae01.alicdn.com\/kf\/S76bf54b7699040239ea08619914ece92o.jpg\" slate-data-type=\"image\"\/><img decoding=\"async\" style=\"border:0px;margin:0px;margin-bottom:0px;margin-top:0px;margin-left:0px;margin-right:0px;padding:0px;padding-bottom:0px;padding-top:0px;padding-left:0px;padding-right:0px;max-width:100%;box-sizing:border-box\" src=\"https:\/\/ae01.alicdn.com\/kf\/S6642edd4b37e4669985c9ec58387f5b18.jpg\" slate-data-type=\"image\"\/><img decoding=\"async\" style=\"border:0px;margin:0px;margin-bottom:0px;margin-top:0px;margin-left:0px;margin-right:0px;padding:0px;padding-bottom:0px;padding-top:0px;padding-left:0px;padding-right:0px;max-width:100%;box-sizing:border-box\" src=\"https:\/\/ae01.alicdn.com\/kf\/S11ccf7a13c0043128be3d23faa955f50Q.jpg\" slate-data-type=\"image\"\/><img decoding=\"async\" style=\"border:0px;margin:0px;margin-bottom:0px;margin-top:0px;margin-left:0px;margin-right:0px;padding:0px;padding-bottom:0px;padding-top:0px;padding-left:0px;padding-right:0px;max-width:100%;box-sizing:border-box\" src=\"https:\/\/ae01.alicdn.com\/kf\/S53b072c2c7bb43a79f5277a9713e939cR.jpg\" slate-data-type=\"image\"\/><img decoding=\"async\" style=\"border:0px;margin:0px;margin-bottom:0px;margin-top:0px;margin-left:0px;margin-right:0px;padding:0px;padding-bottom:0px;padding-top:0px;padding-left:0px;padding-right:0px;max-width:100%;box-sizing:border-box\" src=\"https:\/\/ae01.alicdn.com\/kf\/Sa9781c2f51bd402b9b0f2f2a9a4056cb2.jpg\" slate-data-type=\"image\"\/><\/p>\n<\/div>\n<\/div>","protected":false},"excerpt":{"rendered":"<p>Application:&nbsp;Solar Power Storage Nominal Capacity:&nbsp;1041.6Wh Model Number:&nbsp;PowerMax 3600 Type:&nbsp;LiFePO4 Set Type:&nbsp;Charger Sets Brand:&nbsp;Flashfish Model:&nbsp;F132 Color:&nbsp;Black Battery:&nbsp;LiFePO4 Capacity:&nbsp;1041.6Wh\/325500mAh Output Voltage:&nbsp;AC 220-240V Wave Type:&nbsp;Pure Sine Wave Features 01:&nbsp;Portable battery Features 02:&nbsp;Portable reportable<\/p>","protected":false},"featured_media":21677,"comment_status":"open","ping_status":"closed","template":"","meta":{"_acf_changed":false},"product_brand":[],"product_cat":[515],"product_tag":[],"class_list":{"0":"post-21676","1":"product","2":"type-product","3":"status-publish","4":"has-post-thumbnail","6":"product_cat-portable-power-stations","8":"first","9":"instock","10":"shipping-taxable","11":"purchasable","12":"product-type-simple"},"acf":[],"_links":{"self":[{"href":"https:\/\/www.electricstore.eu\/da\/wp-json\/wp\/v2\/product\/21676","targetHints":{"allow":["GET"]}}],"collection":[{"href":"https:\/\/www.electricstore.eu\/da\/wp-json\/wp\/v2\/product"}],"about":[{"href":"https:\/\/www.electricstore.eu\/da\/wp-json\/wp\/v2\/types\/product"}],"replies":[{"embeddable":true,"href":"https:\/\/www.electricstore.eu\/da\/wp-json\/wp\/v2\/comments?post=21676"}],"wp:featuredmedia":[{"embeddable":true,"href":"https:\/\/www.electricstore.eu\/da\/wp-json\/wp\/v2\/media\/21677"}],"wp:attachment":[{"href":"https:\/\/www.electricstore.eu\/da\/wp-json\/wp\/v2\/media?parent=21676"}],"wp:term":[{"taxonomy":"product_brand","embeddable":true,"href":"https:\/\/www.electricstore.eu\/da\/wp-json\/wp\/v2\/product_brand?post=21676"},{"taxonomy":"product_cat","embeddable":true,"href":"https:\/\/www.electricstore.eu\/da\/wp-json\/wp\/v2\/product_cat?post=21676"},{"taxonomy":"product_tag","embeddable":true,"href":"https:\/\/www.electricstore.eu\/da\/wp-json\/wp\/v2\/product_tag?post=21676"}],"curies":[{"name":"wp","href":"https:\/\/api.w.org\/{rel}","templated":true}]}}