{"id":21645,"date":"2025-05-20T18:20:41","date_gmt":"2025-05-20T18:20:41","guid":{"rendered":"https:\/\/electricstore.eu\/p\/uncategorized\/vtoman-jump-600x-299wh-portable-power-station-600w-output-pure-sine-wave-expandable-939wh-capacity-9-ports-pd-60w-usb-c\/"},"modified":"2025-05-20T18:20:41","modified_gmt":"2025-05-20T18:20:41","slug":"vtoman-jump-600x-299wh-portable-power-station-600w-output-pure-sine-wave-expandable-939wh-capacity-9-ports-pd-60w-usb-c","status":"publish","type":"product","link":"https:\/\/www.electricstore.eu\/da\/p\/batteries\/portable-power-stations\/vtoman-jump-600x-299wh-portable-power-station-600w-output-pure-sine-wave-expandable-939wh-capacity-9-ports-pd-60w-usb-c\/","title":{"rendered":"VTOMAN JUMP 600X 299Wh b\u00e6rbar str\u00f8mstation, 600W udgang, ren sinusb\u00f8lge, udvidelig 939Wh kapacitet, 9 porte, PD 60W USB-C"},"content":{"rendered":"<div class=\"product-specs-list-container\">\n<ul class=\"product-specs-list util-clearfix\">\n<li class=\"product-prop line-limit-length\"><span\n                                        class=\"property-title\">Anvendelse:&nbsp;<\/span><span\n                                        class=\"property-desc line-limit-length\">Solenergilagring<\/span>\n                            <\/li>\n<li class=\"product-prop line-limit-length\"><span\n                                        class=\"property-title\">Nominel kapacitet:&nbsp;<\/span><span\n                                        class=\"property-desc line-limit-length\">299Wh<\/span>\n                            <\/li>\n<li class=\"product-prop line-limit-length\"><span\n                                        class=\"property-title\">Modelnummer:&nbsp;<\/span><span\n                                        class=\"property-desc line-limit-length\">JUMP 600X<\/span>\n                            <\/li>\n<li class=\"product-prop line-limit-length\"><span\n                                        class=\"property-title\">Type:&nbsp;<\/span><span\n                                        class=\"property-desc line-limit-length\">LiFePO4<\/span>\n                            <\/li>\n<li class=\"product-prop line-limit-length\"><span\n                                        class=\"property-title\">S\u00e6ttype:&nbsp;<\/span><span\n                                        class=\"property-desc line-limit-length\">Opladers\u00e6t<\/span>\n                            <\/li>\n<li class=\"product-prop line-limit-length\"><span\n                                        class=\"property-title\">Funktioner 01:&nbsp;<\/span><span\n                                        class=\"property-desc line-limit-length\">b\u00e6rbart kraftv\u00e6rk<\/span>\n                            <\/li>\n<li class=\"product-prop line-limit-length\"><span\n                                        class=\"property-title\">Funktioner 02:&nbsp;<\/span><span\n                                        class=\"property-desc line-limit-length\">kraftv\u00e6rk<\/span>\n                            <\/li>\n<li class=\"product-prop line-limit-length\"><span\n                                        class=\"property-title\">Funktioner 03:&nbsp;<\/span><span\n                                        class=\"property-desc line-limit-length\">b\u00e6rbart solkraftv\u00e6rk<\/span>\n                            <\/li>\n<li class=\"product-prop line-limit-length\"><span\n                                        class=\"property-title\">Funktioner 05:&nbsp;<\/span><span\n                                        class=\"property-desc line-limit-length\">ladestationer<\/span>\n                            <\/li>\n<li class=\"product-prop line-limit-length\"><span\n                                        class=\"property-title\">Funktioner 06:&nbsp;<\/span><span\n                                        class=\"property-desc line-limit-length\">solgenerator<\/span>\n                            <\/li>\n<li class=\"product-prop line-limit-length\"><span\n                                        class=\"property-title\">Funktioner 07:&nbsp;<\/span><span\n                                        class=\"property-desc line-limit-length\">benzin elektrisk generator<\/span>\n                            <\/li>\n<li class=\"product-prop line-limit-length\"><span\n                                        class=\"property-title\">M\u00e6rke:&nbsp;<\/span><span\n                                        class=\"property-desc line-limit-length\">VTOMAN<\/span>\n                            <\/li>\n<li class=\"product-prop line-limit-length\"><span\n                                        class=\"property-title\">Model:&nbsp;<\/span><span\n                                        class=\"property-desc line-limit-length\">JUMP 600X<\/span>\n                            <\/li>\n<li class=\"product-prop line-limit-length\"><span\n                                        class=\"property-title\">Kapacitet:&nbsp;<\/span><span\n                                        class=\"property-desc line-limit-length\">299Wh<\/span>\n                            <\/li>\n<li class=\"product-prop line-limit-length\"><span\n                                        class=\"property-title\">Batteritype:&nbsp;<\/span><span\n                                        class=\"property-desc line-limit-length\">LiFePO4<\/span>\n                            <\/li>\n<li class=\"product-prop line-limit-length\"><span\n                                        class=\"property-title\">Cykluslevetid:&nbsp;<\/span><span\n                                        class=\"property-desc line-limit-length\">3000 cycles to 80%<\/span>\n                            <\/li>\n<\/ul><\/div>\n<p><\/p>\n<p style=\"font-family:&quot;Microsoft YaHei&quot;;font-size:medium;font-weight:400;letter-spacing:normal;text-align:start;white-space:normal;color:rgb(0, 0, 0)\" align=\"start\"><strong><span style=\"font-size:x-large\">H\u00f8jdepunkter<\/span><\/strong><\/p>\n<p><\/p>\n<h3 style=\"font-family:&quot;Microsoft YaHei&quot;;letter-spacing:normal;text-align:start;white-space:normal;color:rgb(0, 0, 0)\" align=\"start\"><strong>SuperSafe LIFEBMS Power Station<\/strong><\/h3>\n<p style=\"font-family:&quot;Microsoft YaHei&quot;;font-size:medium;font-weight:400;letter-spacing:normal;text-align:start;white-space:normal;color:rgb(0, 0, 0)\" align=\"start\">VTOMAN Jump 600X portable power station features a Supersafe LIFEBMS protection system developed by VTOMAN, which provides multiple protection for the battery, including Over-Charge Protection, Over-Discharge Protection, Over-Voltage Protection, Over-Current Protection, Short-Circuit Protection, High-Temperature Protection, etc. Also thanks to the built-in LiFePO4 battery, the safety of the battery is further improved, which is much safer than NCM batteries.<\/p>\n<h3 style=\"font-family:&quot;Microsoft YaHei&quot;;letter-spacing:normal;text-align:start;white-space:normal;color:rgb(0, 0, 0)\" align=\"start\"><strong>Capacity Expandable to 939Wh<\/strong><\/h3>\n<p style=\"font-family:&quot;Microsoft YaHei&quot;;font-size:medium;font-weight:400;letter-spacing:normal;text-align:start;white-space:normal;color:rgb(0, 0, 0)\" align=\"start\">VTOMAN Jump 600X portable power station has a capacity of 299Wh, and it can be further expanded to 939Wh with VTOMAN Jump 600X Extra Battery (Sold separately) to meet more of your daily power needs, like outdoor camping, fishing and RV travel. Besides, the built-in premium LiFePO4 battery features 3,000 full life cycles before getting down to 80% of its original capacity, which is a long-lasting battery power station that can meet both daily needs and long-term use.<\/p>\n<h3 style=\"font-family:&quot;Microsoft YaHei&quot;;letter-spacing:normal;text-align:start;white-space:normal;color:rgb(0, 0, 0)\" align=\"start\">600W Constant-Power Power Station<\/h3>\n<p style=\"font-family:&quot;Microsoft YaHei&quot;;font-size:medium;font-weight:400;letter-spacing:normal;text-align:start;white-space:normal;color:rgb(0, 0, 0)\" align=\"start\">VTOMAN Jump 600X solar power station with 2 AC outlets for rated 600W(Surge 1200W) output power. In addition to being able to power devices below rated 600W like most portable power stations do, the Jump 600X portable power generator will also output 600W constant power when powering over 600W appliances instead of turning off its output. It provides you an alternative emergency solution when powering appliances over 600W, such as water heaters, space heaters, etc.<\/p>\n<h3 style=\"font-family:&quot;Microsoft YaHei&quot;;letter-spacing:normal;text-align:start;white-space:normal;color:rgb(0, 0, 0)\" align=\"start\">Charging Up To 9 Devices Simultaneously<\/h3>\n<p style=\"font-family:&quot;Microsoft YaHei&quot;;font-size:medium;font-weight:400;letter-spacing:normal;text-align:start;white-space:normal;color:rgb(0, 0, 0)\" align=\"start\">Jump 600X 600W portable power station has a complete output port including 2*230V\/600W AC Outlets, 2*12V\/10A DC5521 Outputs, 1*12V\/10A Car Port, 3*USB-A Outputs and 1*TYPE-C PD 60W Output. It can charge up to 9 devices simultaneously while it gets charged (Supports Pass-Through Charging), enough to power most of your electric devices and effectively save your space on the wall! Suitable for outdoor activities such as camping, RV, outdoor party, fishing, etc.<\/p>\n<h3 style=\"font-family:&quot;Microsoft YaHei&quot;;letter-spacing:normal;text-align:start;white-space:normal;color:rgb(0, 0, 0)\" align=\"start\">PD 60W Type-C Output<\/h3>\n<p style=\"font-family:&quot;Microsoft YaHei&quot;;font-size:medium;font-weight:400;letter-spacing:normal;text-align:start;white-space:normal;color:rgb(0, 0, 0)\" align=\"start\">VTOMAN Jump 600X solar power station features multiple USB output ports, including 3* USB-A ports and 1* Type-C(USB-C) port. The Type-C port can provide a fast charge of 60W Max for your electric devices, perfect for laptop office workers; the USB-A ports include a QC 3.0 fast charge port that can output 18W max, great for powering electronic devices like smartphones, tablets, and Macbook, Laptop, earphone, etc. Perfect suit as the backup power supply for home or office use.<\/p>\n<h3 style=\"font-family:&quot;Microsoft YaHei&quot;;letter-spacing:normal;text-align:start;white-space:normal;color:rgb(0, 0, 0)\" align=\"start\">Regulated 12V DC Output<\/h3>\n<p style=\"font-family:&quot;Microsoft YaHei&quot;;font-size:medium;font-weight:400;letter-spacing:normal;text-align:start;white-space:normal;color:rgb(0, 0, 0)\" align=\"start\">VTOMAN Jump 600X portable power generator features 2x DC5521 output ports(12V\/10A, total 120W Max) and 1x car cigarette lighter port(12V\/10A, 120W Max). All of them are regulated 12V output with a max output power of 120W in total. The DC ports are suitable for powering equipment that supports 12V DC input, such as car refrigerators, CPAP machines, portable tire inflators, etc.<\/p>\n<h3 style=\"font-family:&quot;Microsoft YaHei&quot;;letter-spacing:normal;text-align:start;white-space:normal;color:rgb(0, 0, 0)\" align=\"start\">Recharge to 80% Within 2.7 Hrs<\/h3>\n<p style=\"font-family:&quot;Microsoft YaHei&quot;;font-size:medium;font-weight:400;letter-spacing:normal;text-align:start;white-space:normal;color:rgb(0, 0, 0)\" align=\"start\">VTOMAN Jump 600X portable solar power station features a DC5521(5.5mm*2.1mm) input port that supports 100W Max input power. It can be recharged in three ways: 1. Recharging by wall charger (included): about 3 hours to full. 2. Recharging by car outlet (car charger included): about 3 hours to full. 3. Recharging by 110W\/220W solar panel: about 5-6 hours (110W solar panel) or 4-5 hours (220W solar panel) to full.<\/p>\n<p><\/p>\n<h2 style=\"font-family:&quot;Microsoft YaHei&quot;;font-size:14px;letter-spacing:normal;text-align:start;white-space:normal;color:rgb(0, 0, 0);margin:10px 0px;margin-bottom:10px;margin-top:10px;margin-left:0px;margin-right:0px;padding:0px;padding-bottom:0px;padding-top:0px;padding-left:0px;padding-right:0px\" align=\"start\">Specifikation<\/h2>\n<p><\/p>\n<table style=\"border-collapse:collapse;font-family:&quot;Microsoft YaHei&quot;;width:672px\" class=\"jbEidtTable\" border=\"1\" cellpadding=\"5\" cellspacing=\"0\">\n<tbody>\n<tr>\n<td style=\"text-align:left;width:97px;height:96px\" align=\"left\">\n<p><strong>Generel<\/strong><\/p>\n<\/td>\n<td style=\"text-align:left;width:550px;height:96px\" align=\"left\">\n<p>M\u00e6rke: VTOMAN<br \/>Type: Kraftv\u00e6rk<br \/>Model: JUMP 600X<br \/>Color: Yellow Black<\/p>\n<\/td>\n<\/tr>\n<tr>\n<td style=\"text-align:left;width:97px;height:405px\" align=\"left\">\n<p><strong>Specifikation<\/strong><\/p>\n<\/td>\n<td style=\"text-align:left;width:550px;height:405px\" align=\"left\">\n<div>Capacity: 299Wh<\/div>\n<div>Battery Type: \u00a0LiFePO4<\/div>\n<div>Cycle Life: 3000 cycles to 80%<\/div>\n<div>Output Ports :\u00a0<\/div>\n<div>AC (x2) Total 600W(Peak 1200W), 110V~60Hz,<\/div>\n<div>Ren sinusb\u00f8lge<\/div>\n<div>USB-A (x2) 5V 2.4A, 12W Max per port<\/div>\n<div>USB-A (x1) 5V 3A, 9V 2A, 12V 1.5A, 18W Max<\/div>\n<div>USB-C (x1) 5V 3A, 9V 3A, 12V 3A, 15V 3A, 20V 3A, 60W Max<\/div>\n<div>DC5521 (x2) 12V 10A, total 120W for all DC ports<\/div>\n<div>Car Charger (x1) 12V 10A, total 120W for all DC ports<\/div>\n<div>Input Ports :\u00a0<\/div>\n<div>DC5521 (x1) DC12-30V (100W Max )<\/div>\n<div>Environment Operating Temperature :\u00a0<\/div>\n<div>Operating Temperature : \u00a0-20\u00b0C\uff5e55\u00b0C (-4\u00b0F to 131\u00b0F)<\/div>\n<div>Charging Temperature :\u00a0 0\u00b0C\uff5e55\u00b0C (32\u00b0F to 131\u00b0F)<\/div>\n<\/td>\n<\/tr>\n<tr>\n<td style=\"text-align:left;width:97px;height:64px\" align=\"left\">\n<p><strong>V\u00e6gt og st\u00f8rrelse<\/strong><\/p>\n<\/td>\n<td style=\"text-align:left;width:550px;height:64px\" align=\"left\">\n<p>Product Weight: 6.64kg (14.8lbs)\u00a0<br \/>Package Weight: 9kg<br \/>Product Size(L x W x H): 260*220*215 mm (10.2*8.7*8.6 inch)\u00a0<\/p>\n<\/td>\n<\/tr>\n<tr>\n<td style=\"text-align:left;width:97px;height:141px\" align=\"left\">\n<p><strong>Pakkens indhold<\/strong><\/p>\n<\/td>\n<td style=\"text-align:left;width:550px;height:141px\" align=\"left\">\n<p>1 x\u00a0Jump 600X Power Station<br \/>1 x\u00a0Car Charger Cable<br \/>1 x AC Charger &amp; Charging Cable<br \/>1 x USB-C to USB-C Cable<br \/>1 x USB-A til USB-C-kabel<br \/>1 x Brugermanual<\/p>\n<\/td>\n<\/tr>\n<\/tbody>\n<\/table>\n<p><img decoding=\"async\" src=\"https:\/\/ae01.alicdn.com\/kf\/S18fa95f831974cb18694508197d1dd3bl.jpeg\" slate-data-type=\"image\"\/><img decoding=\"async\" src=\"https:\/\/ae01.alicdn.com\/kf\/Se088f53e67084a01839e6fd10ce930b7Q.jpeg\" slate-data-type=\"image\"\/><img decoding=\"async\" src=\"https:\/\/ae01.alicdn.com\/kf\/S5f800903a4a84621aae5430c40b5f25ey.jpeg\" slate-data-type=\"image\"\/><img decoding=\"async\" src=\"https:\/\/ae01.alicdn.com\/kf\/Sa85b96327a184e809903befb4fb83d76Z.jpeg\" slate-data-type=\"image\"\/><img decoding=\"async\" src=\"https:\/\/ae01.alicdn.com\/kf\/S2f3004ef39cc4c99902a94f3da6cc56dj.jpeg\" slate-data-type=\"image\"\/><img decoding=\"async\" src=\"https:\/\/ae01.alicdn.com\/kf\/S7a8b49fa5fed4e7498b94a0c23c3e161I.jpeg\" slate-data-type=\"image\"\/><img decoding=\"async\" src=\"https:\/\/ae01.alicdn.com\/kf\/Sa9c3fd9402884349813f0e1041292e4ec.jpeg\" slate-data-type=\"image\"\/><img decoding=\"async\" src=\"https:\/\/ae01.alicdn.com\/kf\/Se35e5609cbf143ce81187419deb333067.jpeg\" slate-data-type=\"image\"\/><img decoding=\"async\" src=\"https:\/\/ae01.alicdn.com\/kf\/S6ce4b09e7bec4e8984780af64f638e79P.jpeg\" slate-data-type=\"image\"\/><img decoding=\"async\" src=\"https:\/\/ae01.alicdn.com\/kf\/Sd09db8e669544b3f97fd47dcd569be0cc.jpeg\" slate-data-type=\"image\"\/><img decoding=\"async\" src=\"https:\/\/ae01.alicdn.com\/kf\/S8b36a83bcad94f129d58ff9b72f606d29.jpeg\" slate-data-type=\"image\"\/><img decoding=\"async\" src=\"https:\/\/ae01.alicdn.com\/kf\/S30fedaf444564c58a9c0d3475db185a7a.jpeg\" slate-data-type=\"image\"\/><img decoding=\"async\" src=\"https:\/\/ae01.alicdn.com\/kf\/Se8186241bfd24bb586ed41909bfedf93l.jpeg\" slate-data-type=\"image\"\/><img decoding=\"async\" src=\"https:\/\/ae01.alicdn.com\/kf\/Sc79a05223b314dd39fc7b450466c3d98Z.jpeg\" slate-data-type=\"image\"\/><\/p>","protected":false},"excerpt":{"rendered":"<p>Application:&nbsp;Solar Power Storage Nominal Capacity:&nbsp;299Wh Model Number:&nbsp;JUMP 600X Type:&nbsp;LiFePO4 Set Type:&nbsp;Charger Sets Features 01:&nbsp;portable power station Features 02:&nbsp;power station Features 03:&nbsp;portable solar power station Features 05:&nbsp;charging stations Features 06:&nbsp;solar generator<\/p>","protected":false},"featured_media":21646,"comment_status":"open","ping_status":"closed","template":"","meta":{"_acf_changed":false},"product_brand":[],"product_cat":[515],"product_tag":[],"class_list":{"0":"post-21645","1":"product","2":"type-product","3":"status-publish","4":"has-post-thumbnail","6":"product_cat-portable-power-stations","8":"first","9":"instock","10":"shipping-taxable","11":"purchasable","12":"product-type-simple"},"acf":[],"_links":{"self":[{"href":"https:\/\/www.electricstore.eu\/da\/wp-json\/wp\/v2\/product\/21645","targetHints":{"allow":["GET"]}}],"collection":[{"href":"https:\/\/www.electricstore.eu\/da\/wp-json\/wp\/v2\/product"}],"about":[{"href":"https:\/\/www.electricstore.eu\/da\/wp-json\/wp\/v2\/types\/product"}],"replies":[{"embeddable":true,"href":"https:\/\/www.electricstore.eu\/da\/wp-json\/wp\/v2\/comments?post=21645"}],"wp:featuredmedia":[{"embeddable":true,"href":"https:\/\/www.electricstore.eu\/da\/wp-json\/wp\/v2\/media\/21646"}],"wp:attachment":[{"href":"https:\/\/www.electricstore.eu\/da\/wp-json\/wp\/v2\/media?parent=21645"}],"wp:term":[{"taxonomy":"product_brand","embeddable":true,"href":"https:\/\/www.electricstore.eu\/da\/wp-json\/wp\/v2\/product_brand?post=21645"},{"taxonomy":"product_cat","embeddable":true,"href":"https:\/\/www.electricstore.eu\/da\/wp-json\/wp\/v2\/product_cat?post=21645"},{"taxonomy":"product_tag","embeddable":true,"href":"https:\/\/www.electricstore.eu\/da\/wp-json\/wp\/v2\/product_tag?post=21645"}],"curies":[{"name":"wp","href":"https:\/\/api.w.org\/{rel}","templated":true}]}}