{"id":21638,"date":"2025-05-20T18:20:36","date_gmt":"2025-05-20T18:20:36","guid":{"rendered":"https:\/\/electricstore.eu\/p\/uncategorized\/touroll-b1-electric-bike-25km-h-250w-45nm-torque-36v-15-6ah-90km-range-7-speed-shimano-gear-electric-bicycles\/"},"modified":"2025-05-20T18:20:42","modified_gmt":"2025-05-20T18:20:42","slug":"touroll-b1-electric-bike-25km-h-250w-45nm-torque-36v-15-6ah-90km-range-7-speed-shimano-gear-electric-bicycles","status":"publish","type":"product","link":"https:\/\/www.electricstore.eu\/da\/p\/bikes\/touroll-b1-electric-bike-25km-h-250w-45nm-torque-36v-15-6ah-90km-range-7-speed-shimano-gear-electric-bicycles\/","title":{"rendered":"Touroll B1 Elcykel 25 km\/t 250W 45 Nm Drejningsmoment 36V 15,6Ah 90 km R\u00e6kkevidde 7-Speed Shimano Gear Elcykler"},"content":{"rendered":"<div class=\"product-specs-list-container\">\n<ul class=\"product-specs-list util-clearfix\">\n<li class=\"product-prop line-limit-length\"><span\n                                        class=\"property-title\">Cykeloph\u00e6ngstyper:&nbsp;<\/span><span\n                                        class=\"property-desc line-limit-length\">Robust<\/span>\n                            <\/li>\n<li class=\"product-prop line-limit-length\"><span\n                                        class=\"property-title\">Bremsesystem:&nbsp;<\/span><span\n                                        class=\"property-desc line-limit-length\">Mekanisk skivebremse for og bag<\/span>\n                            <\/li>\n<li class=\"product-prop line-limit-length\"><span\n                                        class=\"property-title\">Hjulst\u00f8rrelse:&nbsp;<\/span><span\n                                        class=\"property-desc line-limit-length\">26&quot;<\/span>\n                            <\/li>\n<li class=\"product-prop line-limit-length\"><span\n                                        class=\"property-title\">M\u00e6rke:&nbsp;<\/span><span\n                                        class=\"property-desc line-limit-length\">Touroll<\/span>\n                            <\/li>\n<li class=\"product-prop line-limit-length\"><span\n                                        class=\"property-title\">Navn:&nbsp;<\/span><span\n                                        class=\"property-desc line-limit-length\">Breezi<\/span>\n                            <\/li>\n<li class=\"product-prop line-limit-length\"><span\n                                        class=\"property-title\">Model:&nbsp;<\/span><span\n                                        class=\"property-desc line-limit-length\">B1<\/span>\n                            <\/li>\n<li class=\"product-prop line-limit-length\"><span\n                                        class=\"property-title\">Maks. r\u00e6kkevidde:&nbsp;<\/span><span\n                                        class=\"property-desc line-limit-length\">90 km (assistancetilstand)<\/span>\n                            <\/li>\n<li class=\"product-prop line-limit-length\"><span\n                                        class=\"property-title\">Udfoldet st\u00f8rrelse:&nbsp;<\/span><span\n                                        class=\"property-desc line-limit-length\">1915x640x1200mm<\/span>\n                            <\/li>\n<li class=\"product-prop line-limit-length\"><span\n                                        class=\"property-title\">Rammens st\u00f8rrelse:&nbsp;<\/span><span\n                                        class=\"property-desc line-limit-length\">26&quot;x18&quot;<\/span>\n                            <\/li>\n<li class=\"product-prop line-limit-length\"><span\n                                        class=\"property-title\">Maksimal belastning p\u00e5 cykel:&nbsp;<\/span><span\n                                        class=\"property-desc line-limit-length\">120 kg<\/span>\n                            <\/li>\n<li class=\"product-prop line-limit-length\"><span\n                                        class=\"property-title\">Afsk\u00e6ringshastighed:&nbsp;<\/span><span\n                                        class=\"property-desc line-limit-length\">25 km\/t<\/span>\n                            <\/li>\n<\/ul><\/div>\n<p style=\"font-family:&quot;Noto Sans SC&quot;;font-size:medium;font-weight:400;letter-spacing:normal;text-align:start;white-space:normal;color:rgb(0, 0, 0)\" align=\"start\"><span style=\"font-size:x-large\">H\u00f8jdepunkter<\/span><\/p>\n<p><\/p>\n<p style=\"font-family:&quot;Noto Sans SC&quot;;font-size:medium;font-weight:400;letter-spacing:normal;text-align:start;white-space:normal;color:rgb(0, 0, 0)\" align=\"start\"><strong>Kraftig motor<br \/><\/strong>Touroll B1 har en kraftfuld 250W b\u00f8rstel\u00f8s motor, der producerer et drejningsmoment p\u00e5 45Nm og kan n\u00e5 en hastighed p\u00e5 25 km\/t. Med sin kraftfulde motor kan den give en mere sp\u00e6ndende k\u00f8reoplevelse.<\/p>\n<p><strong>90 km udvidet r\u00e6kkevidde<br \/><\/strong>Med et aftageligt 15,6 Ah batteri og en maksimal r\u00e6kkevidde p\u00e5 90 km, opfylder Touroll B1 elcyklen alle dine behov, fra daglig pendling til dagsture.<\/p>\n<p><strong>Stabil k\u00f8rsel og 7-trins j\u00e6vn gearskiftning<br \/><\/strong>Udstyret med 26&quot;x1,95&quot; premium pneumatiske gummid\u00e6k og p\u00e5lidelig affjedring, tilbyder B1 elcyklen forbedret tr\u00e6kkraft og stabilitet. Og Shimanos 7-speed gearskiftesystem giver rigelige gearmuligheder til at tilpasse sig forskellige k\u00f8reforhold.<\/p>\n<p><strong>5 assistanceniveauer og LED-styring<br \/><\/strong>B1 elcyklen tilbyder 5 pedalassistanceniveauer, herunder 12, 15, 18, 21 og 25 km\/t, samt en 6 km\/t g\u00e5tilstand til brugerdefinerede ture. Hold dig informeret med LED-instrumentet, der viser gear- og effektniveauer, og berig din k\u00f8reoplevelse.<\/p>\n<p><strong>Sikkerhed StVZO lys og justerbar frempind<br \/><\/strong>StVZO-certificerede sikkerhedslamper garanterer synlighed og sikkerhed under d\u00e5rlige lysforhold, samtidig med at de forhindrer bl\u00e6nding for at sikre andre forbipasserendes sikkerhed. Disse milj\u00f8venlige lamper opfylder de strenge standarder i de tyske f\u00e6rdselsregler. Det ergonomiske steldesign og den justerbare frempind garanterer en behagelig k\u00f8restilling.<\/p>\n<p><strong>Praktisk opbevaring og robuste sk\u00e6rme<br \/><\/strong>Bagstativet har nem plads til din rygs\u00e6k og dine vigtigste ting, hvilket forbedrer k\u00f8rekomforten. For- og bagsk\u00e6rme beskytter mod vand- og mudderst\u00e6nk, hvilket g\u00f8r B1 elcyklen til din ideelle daglige f\u00f8lgesvend!<\/p>\n<p><\/p>\n<h2 style=\"font-family:&quot;Noto Sans SC&quot;;font-size:14px;letter-spacing:normal;text-align:start;white-space:normal;color:rgb(0, 0, 0);margin:10px 0px;margin-bottom:10px;margin-top:10px;margin-left:0px;margin-right:0px;padding:0px;padding-bottom:0px;padding-top:0px;padding-left:0px;padding-right:0px\" align=\"start\">Specifikation<\/h2>\n<p><\/p>\n<table style=\"border-collapse:collapse;font-family:&quot;Noto Sans SC&quot;;width:2016.8px\" border=\"1\" cellpadding=\"8\">\n<tbody>\n<tr>\n<td style=\"width:552.225px;height:54px\" width=\"28.2200%\">\n<p>Generel<\/p>\n<\/td>\n<td style=\"width:1430.18px;height:54px\" width=\"71.7600%\">\n<p>M\u00e6rke: Touroll<br \/>Navn: Breezi<br \/>Model: B1\u00a0<br \/>Farve: Bl\u00e5<\/p>\n<\/td>\n<\/tr>\n<tr>\n<td style=\"width:552.225px;height:54px\" width=\"28.2200%\">\n<p>Grundl\u00e6ggende specifikation<\/p>\n<\/td>\n<td style=\"width:1430.18px;height:54px\" width=\"71.7600%\">\n<p>Nettov\u00e6gt: 27,1 kg<br \/>Udfoldet st\u00f8rrelse: 1915x640x1200mm<br \/>Rammens st\u00f8rrelse: 26&quot;x18&quot;<br \/>Styrl\u00e6ngde: 630 mm (24,8&quot;)<br \/>Anbefalet rytterh\u00f8jde: 155-195 cm (ca. 1,55-1,88 m)<br \/>Maksimal belastning p\u00e5 cykel: 120 kg<br \/>Afsk\u00e6ringshastighed: 25 km\/t<br \/>Maks. r\u00e6kkevidde: 90 km (assistancetilstand)<br \/>Pedalhj\u00e6lpsniveauer: 12\/15\/18\/21\/25 km\/t<br \/>G\u00e5tilstand: 6 km\/t<br \/>Vandt\u00e6thedsniveau: IPX4<br \/>Materiale: STL<br \/>Bremsesystem: Mekanisk skivebremse og elbremse<br \/>Affjedring: Mekanisk st\u00f8dd\u00e6mper<br \/>Fjedervej: 80 mm<\/p>\n<\/td>\n<\/tr>\n<tr>\n<td style=\"width:552.225px;height:76px\" width=\"28.2200%\">\n<p>Motor<\/p>\n<\/td>\n<td style=\"width:1430.18px;height:76px\" width=\"71.7600%\">\n<p>Nominel effekt\/sp\u00e6nding: 250W \/ 36V<br \/>Maks. udgangsmoment: 45 Nm<\/p>\n<\/td>\n<\/tr>\n<tr>\n<td style=\"width:552.225px;height:76px\" width=\"28.2200%\">\n<p>Gearskifter<\/p>\n<\/td>\n<td style=\"width:1430.18px;height:76px\" width=\"71.7600%\">\n<p>M\u00e6rke: Shimano<br \/>Skifter antal: 7 (bag)<\/p>\n<\/td>\n<\/tr>\n<tr>\n<td style=\"width:552.225px;height:144px\" width=\"28.2200%\">\n<p>Batteri<\/p>\n<\/td>\n<td style=\"width:1430.18px;height:144px\" width=\"71.7600%\">\n<p>Kapacitet: 15,6 Ah<br \/>Nominel sp\u00e6nding: 36V<br \/>Opladningstid: 6-8 timer<br \/>Str\u00f8mkapacitet: 561,6 Wh<br \/>Beskyttelsessystem: Ja<\/p>\n<\/td>\n<\/tr>\n<tr>\n<td style=\"width:552.225px;height:121px\" width=\"28.2200%\">\n<p>Oplader<\/p>\n<\/td>\n<td style=\"width:1430.18px;height:121px\" width=\"71.7600%\">\n<p>Indgangssp\u00e6nding: 100-240V<br \/>Indgangsstr\u00f8m: 2,0A (maks.)<br \/>Udgangssp\u00e6nding: 42V<br \/>Udgangsstr\u00f8m: 2,0A, 84W<\/p>\n<\/td>\n<\/tr>\n<tr>\n<td style=\"width:552.225px;height:121px\" width=\"28.2200%\">\n<p>D\u00e6k<\/p>\n<\/td>\n<td style=\"width:1430.18px;height:121px\" width=\"71.7600%\">\n<p>St\u00f8rrelse: 26&quot;x1.95<br \/>Type: Pneumatiske gummid\u00e6k<br \/>D\u00e6ktryk: 40~65PSI<br \/>Bedste d\u00e6ktryk: 50~55PSI<\/p>\n<\/td>\n<\/tr>\n<tr>\n<td style=\"width:552.225px;height:236px\" width=\"28.2200%\">\n<p>Instrument<\/p>\n<\/td>\n<td style=\"width:1430.18px;height:236px\" width=\"71.7600%\">\n<div><\/div>\n<p>Type: LED<br \/>Information: Assistanceniveau, Batteriniveau<br \/>Funktioner: T\u00e6nd\/sluk, t\u00e6nd\/sluk lys, skift af assistanceniveauer, aktivering af 6 km\/t gangtilstand<\/p>\n<div>\n<\/div>\n<\/td>\n<\/tr>\n<tr>\n<td style=\"width:552.225px;height:76px\" width=\"28.2200%\">\n<p>Pakke<\/p>\n<\/td>\n<td style=\"width:1430.18px;height:76px\" width=\"71.7600%\">\n<p>St\u00f8rrelse: 1570x230x725mm<br \/>Bruttov\u00e6gt: 33 kg<\/p>\n<\/td>\n<\/tr>\n<tr>\n<td style=\"width:552.225px;height:300px\" width=\"28.2200%\">\n<p>Pakkeliste<\/p>\n<\/td>\n<td style=\"width:1430.18px;height:300px\" width=\"71.7600%\">\n<p>Elcykel x 1<br \/>Pedal x 2 (venstre og h\u00f8jre)<br \/>Egerreflektor x 4<br \/>Brugermanual x 1<br \/>V\u00e6rkt\u00f8jss\u00e6t x 1<br \/>Bagreflektor x 1<br \/>Oplader x 1<br \/>N\u00f8gle x 2<br \/>Forlygte x 1<br \/>Bagstativ med baglygte x 1<br \/>Sk\u00e6rmbeskyttere x 2 (foran og bagp\u00e5)<br \/>Instrument x 1<\/p>\n<\/td>\n<\/tr>\n<tr>\n<td style=\"width:1999.2px;height:76px\" width=\"100.0000%\" colspan=\"2\">\n<p>Bem\u00e6rk: Den maksimale r\u00e6kkevidde opn\u00e5s under f\u00f8lgende forhold: 75 kg belastning, 26 \u2103 temperatur, 15 km\/t konstant hastighed, p\u00e5 flade veje uden st\u00e6rk vind.<\/p>\n<\/td>\n<\/tr>\n<\/tbody>\n<\/table>\n<p><img decoding=\"async\" src=\"https:\/\/ae01.alicdn.com\/kf\/Sacb221025d5c4bcda86dc94d8f37b324W.jpeg\" slate-data-type=\"image\"\/><img decoding=\"async\" src=\"https:\/\/ae01.alicdn.com\/kf\/S9596e18d960d48479c4f4e9a3ffeb049f.jpeg\" slate-data-type=\"image\"\/><img decoding=\"async\" src=\"https:\/\/ae01.alicdn.com\/kf\/S660009c0ada347988150726edef22ce76.jpeg\" slate-data-type=\"image\"\/><img decoding=\"async\" src=\"https:\/\/ae01.alicdn.com\/kf\/Sb6f534591c2149d5a7638d5e44578a21v.jpeg\" slate-data-type=\"image\"\/><img decoding=\"async\" src=\"https:\/\/ae01.alicdn.com\/kf\/S7dc6c4c1267c4898b77cd157fd8d0990S.jpeg\" slate-data-type=\"image\"\/><img decoding=\"async\" src=\"https:\/\/ae01.alicdn.com\/kf\/Se22bbb4a65eb4dbbabf11095bb76a9d10.jpeg\" slate-data-type=\"image\"\/><img decoding=\"async\" src=\"https:\/\/ae01.alicdn.com\/kf\/Sa26f49ba35234222ba431820aeed971bH.jpeg\" slate-data-type=\"image\"\/><img decoding=\"async\" src=\"https:\/\/ae01.alicdn.com\/kf\/S604cc70ef65c4e48bd2c429c7217d9977.jpeg\" slate-data-type=\"image\"\/><img decoding=\"async\" src=\"https:\/\/ae01.alicdn.com\/kf\/S66fe9259c214459ca5e048ad2d80035a7.jpeg\" slate-data-type=\"image\"\/><img decoding=\"async\" src=\"https:\/\/ae01.alicdn.com\/kf\/S564c658fb4834bfabaac14e85adb3d1dd.jpeg\" slate-data-type=\"image\"\/><img decoding=\"async\" src=\"https:\/\/ae01.alicdn.com\/kf\/S94a42c25af234d628c53bffe33706888R.jpeg\" slate-data-type=\"image\"\/><img decoding=\"async\" src=\"https:\/\/ae01.alicdn.com\/kf\/S99f4e9db87044853bee76be1ec30e7b4w.jpeg\" slate-data-type=\"image\"\/><img decoding=\"async\" src=\"https:\/\/ae01.alicdn.com\/kf\/S701c77a3ae3a467fbd1bc1fe7d9f93f6N.jpeg\" slate-data-type=\"image\"\/><\/p>","protected":false},"excerpt":{"rendered":"<p>Bike Suspension Types:&nbsp;Sturdy Braking System:&nbsp;Front and Rear Mechanical Disc Brake Wheel Size:&nbsp;26&quot; Brand:&nbsp;Touroll Name:&nbsp;Breezi Model:&nbsp;B1 Max Range:&nbsp;90km (Assist Mode) Unfolded Size:&nbsp;1915x640x1200mm Size of Frame:&nbsp;26&quot;x18&quot; Max Load of Bike:&nbsp;120kg Cut-off Speed:&nbsp;25km\/h<\/p>","protected":false},"featured_media":21641,"comment_status":"open","ping_status":"closed","template":"","meta":{"_acf_changed":false},"product_brand":[],"product_cat":[230],"product_tag":[],"class_list":{"0":"post-21638","1":"product","2":"type-product","3":"status-publish","4":"has-post-thumbnail","6":"product_cat-bikes","8":"first","9":"instock","10":"shipping-taxable","11":"purchasable","12":"product-type-simple"},"acf":[],"_links":{"self":[{"href":"https:\/\/www.electricstore.eu\/da\/wp-json\/wp\/v2\/product\/21638","targetHints":{"allow":["GET"]}}],"collection":[{"href":"https:\/\/www.electricstore.eu\/da\/wp-json\/wp\/v2\/product"}],"about":[{"href":"https:\/\/www.electricstore.eu\/da\/wp-json\/wp\/v2\/types\/product"}],"replies":[{"embeddable":true,"href":"https:\/\/www.electricstore.eu\/da\/wp-json\/wp\/v2\/comments?post=21638"}],"wp:featuredmedia":[{"embeddable":true,"href":"https:\/\/www.electricstore.eu\/da\/wp-json\/wp\/v2\/media\/21641"}],"wp:attachment":[{"href":"https:\/\/www.electricstore.eu\/da\/wp-json\/wp\/v2\/media?parent=21638"}],"wp:term":[{"taxonomy":"product_brand","embeddable":true,"href":"https:\/\/www.electricstore.eu\/da\/wp-json\/wp\/v2\/product_brand?post=21638"},{"taxonomy":"product_cat","embeddable":true,"href":"https:\/\/www.electricstore.eu\/da\/wp-json\/wp\/v2\/product_cat?post=21638"},{"taxonomy":"product_tag","embeddable":true,"href":"https:\/\/www.electricstore.eu\/da\/wp-json\/wp\/v2\/product_tag?post=21638"}],"curies":[{"name":"wp","href":"https:\/\/api.w.org\/{rel}","templated":true}]}}