{"id":21621,"date":"2025-05-20T18:20:28","date_gmt":"2025-05-20T18:20:28","guid":{"rendered":"https:\/\/electricstore.eu\/p\/uncategorized\/eleglide-mopride-3-adult-electric-bike-250w-48v-12ah-upgraded-version-29-mountain-urban-bicycle-hydraulic-disc-brake-e-brake\/"},"modified":"2025-05-20T18:20:28","modified_gmt":"2025-05-20T18:20:28","slug":"eleglide-mopride-3-adult-electric-bike-250w-48v-12ah-upgraded-version-29-mountain-urban-bicycle-hydraulic-disc-brake-e-brake","status":"publish","type":"product","link":"https:\/\/electricstore.eu\/da\/p\/bikes\/eleglide-mopride-3-adult-electric-bike-250w-48v-12ah-upgraded-version-29-mountain-urban-bicycle-hydraulic-disc-brake-e-brake\/","title":{"rendered":"Eleglide Mopride 3 Elcykel til Voksne 250W 48V 12AH Opgraderet Version 29\u2033 Mountainbike Bycykel Hydraulisk Skivebremse &amp; Elbremse"},"content":{"rendered":"<div class=\"product-specs-list-container\">\n<ul class=\"product-specs-list util-clearfix\">\n<li class=\"product-prop line-limit-length\"><span\n                                        class=\"property-title\">Cykeloph\u00e6ngstyper:&nbsp;<\/span><span\n                                        class=\"property-desc line-limit-length\">Robust<\/span>\n                            <\/li>\n<li class=\"product-prop line-limit-length\"><span\n                                        class=\"property-title\">Bremsesystem:&nbsp;<\/span><span\n                                        class=\"property-desc line-limit-length\">Mekanisk skivebremse for og bag<\/span>\n                            <\/li>\n<li class=\"product-prop line-limit-length\"><span\n                                        class=\"property-title\">Hjulst\u00f8rrelse:&nbsp;<\/span><span\n                                        class=\"property-desc line-limit-length\">29&#039;&#039;<\/span>\n                            <\/li>\n<li class=\"product-prop line-limit-length\"><span\n                                        class=\"property-title\">M\u00e6rke:&nbsp;<\/span><span\n                                        class=\"property-desc line-limit-length\">Eleglide<\/span>\n                            <\/li>\n<li class=\"product-prop line-limit-length\"><span\n                                        class=\"property-title\">Model:&nbsp;<\/span><span\n                                        class=\"property-desc line-limit-length\">Mopride 3<\/span>\n                            <\/li>\n<li class=\"product-prop line-limit-length\"><span\n                                        class=\"property-title\">Udfoldet st\u00f8rrelse:&nbsp;<\/span><span\n                                        class=\"property-desc line-limit-length\">1900x730x1100mm<\/span>\n                            <\/li>\n<li class=\"product-prop line-limit-length\"><span\n                                        class=\"property-title\">Rammens st\u00f8rrelse:&nbsp;<\/span><span\n                                        class=\"property-desc line-limit-length\">29&quot; x 19&quot;<\/span>\n                            <\/li>\n<li class=\"product-prop line-limit-length\"><span\n                                        class=\"property-title\">Maksimal belastning p\u00e5 cykel:&nbsp;<\/span><span\n                                        class=\"property-desc line-limit-length\">120 kg<\/span>\n                            <\/li>\n<li class=\"product-prop line-limit-length\"><span\n                                        class=\"property-title\">Afsk\u00e6ringshastighed:&nbsp;<\/span><span\n                                        class=\"property-desc line-limit-length\">25 km\/t<\/span>\n                            <\/li>\n<li class=\"product-prop line-limit-length\"><span\n                                        class=\"property-title\">Maks. r\u00e6kkevidde:&nbsp;<\/span><span\n                                        class=\"property-desc line-limit-length\">120 km (assistancetilstand)<\/span>\n                            <\/li>\n<li class=\"product-prop line-limit-length\"><span\n                                        class=\"property-title\">Nominel effekt\/sp\u00e6nding:&nbsp;<\/span><span\n                                        class=\"property-desc line-limit-length\">250W\/48V<\/span>\n                            <\/li>\n<li class=\"product-prop line-limit-length\"><span\n                                        class=\"property-title\">St\u00f8rrelse:&nbsp;<\/span><span\n                                        class=\"property-desc line-limit-length\">29&quot;x2,4&quot;<\/span>\n                            <\/li>\n<li class=\"product-prop line-limit-length\"><span\n                                        class=\"property-title\">Opladningstid:&nbsp;<\/span><span\n                                        class=\"property-desc line-limit-length\">6 timer<\/span>\n                            <\/li>\n<\/ul><\/div>\n<p style=\"font-family:&quot;Noto Sans SC&quot;;font-size:medium;font-weight:400;letter-spacing:normal;text-align:start;white-space:normal;color:rgb(0, 0, 0)\" align=\"start\"><span style=\"font-size:x-large\">H\u00f8jdepunkter<\/span><\/p>\n<p><\/p>\n<p style=\"font-family:&quot;Noto Sans SC&quot;;font-size:medium;font-weight:400;letter-spacing:normal;text-align:start;white-space:normal;color:rgb(0, 0, 0)\" align=\"start\"><strong>Stabilitet i alle terr\u00e6ner<br \/><\/strong>Mopride 3 elcyklen er bygget til eventyr med en atletisk ramme og 29\u201d\u00d72,4\u201d mountainbiked\u00e6k, der er specielt konstrueret til bjergstier og udfordrende terr\u00e6n, hvilket giver en dynamisk og sp\u00e6ndende k\u00f8reoplevelse. Derudover har cyklen en 80 mm vandringsaffjedring med lockout, der er designet til at absorbere st\u00f8d og forbedre stabiliteten fortil, hvilket giver optimal k\u00f8reeffektivitet i alle typer terr\u00e6n. Suppleret af 29-tommer hjul er cyklen perfekt egnet til h\u00f8jere ryttere over 175 cm (5&#039;8&quot;) og tilbyder en komfortabel og kontrolleret tur, der tilpasser sig problemfrit b\u00e5de cyklens design og brugerens behov.<strong><\/p>\n<p>Hydrauliske skivebremser for forbedret sikkerhed<br \/><\/strong>Mopride 3 er udstyret med hydrauliske skivebremser og leverer kraftfuld og stabil bremseevne, hvilket resulterer i j\u00e6vne og effektive opbremsninger. Bremsel\u00e6ngden er kortere end mekaniske skivebremser, hvilket g\u00f8r terr\u00e6nk\u00f8rsel mere sikker og p\u00e5lidelig.<strong><\/p>\n<p>Langtidsholdbart batteri til l\u00e6ngere eventyr<br \/><\/strong>Elcyklen er udstyret med et 576 Wh batteri med h\u00f8j kapacitet, der leverer en imponerende r\u00e6kkevidde p\u00e5 over 100 km p\u00e5 en enkelt opladning \u2013 ideelt til lange ture. Det aftagelige batteridesign sikrer ubesv\u00e6ret opladning, s\u00e5 dine ture er uafbrudte og klar til action. For endnu st\u00f8rre eventyr kan et ekstra batteri k\u00f8bes for at forl\u00e6nge din r\u00e6kkevidde, s\u00e5 du kan forts\u00e6tte og udforske mere uden gr\u00e6nser.<strong><\/p>\n<p>Kraftfuld og problemfri k\u00f8rsel<br \/><\/strong>48V-motorsystemet leverer en spidseffekt p\u00e5 250W og et maksimalt drejningsmoment p\u00e5 50Nm, hvilket giver robust ydeevne til op ad bakke og tunge belastninger (op til 120 kg). Med en h\u00f8jpr\u00e6cisions 12-magnets kadencesensor med 5 pedalassistanceniveauer (12\/15\/18\/21\/25 km\/t) og Shimano 7-trins gearskift sikrer Mopride 3 elcyklen en j\u00e6vn og responsiv pedalassistance, der sender signaler 12 gange pr. runde, hvilket g\u00f8r hver tur ubesv\u00e6ret og behagelig.<strong><\/p>\n<p>Forbedret SafeNight Riding &amp; Smart LCD &amp; App-kontrol<br \/><\/strong>Denne elcykel er udstyret med EU StVZO-certificerede forlygter og baglygter, hvilket sikrer fremragende udsyn og sikkerhed under d\u00e5rlige lysforhold. LCD-sk\u00e6rmen giver klare og letl\u00e6selige oplysninger, s\u00e5 du altid er informeret om din tur. Derudover kan du styre din cykel ved hj\u00e6lp af Eleglide-appen p\u00e5 din telefon. Denne intelligente app giver dig mulighed for at aktivere ekstra funktioner, s\u00e5som at l\u00e5se cyklen, indstille en adgangskode og justere sk\u00e6rmens timeout, s\u00e5 du f\u00e5r mest muligt ud af din tur.<\/p>\n<p><\/p>\n<h2 style=\"font-family:&quot;Noto Sans SC&quot;;font-size:14px;letter-spacing:normal;text-align:start;white-space:normal;color:rgb(0, 0, 0);margin:10px 0px;margin-bottom:10px;margin-top:10px;margin-left:0px;margin-right:0px;padding:0px;padding-bottom:0px;padding-top:0px;padding-left:0px;padding-right:0px\" align=\"start\">Specifikation<\/h2>\n<p><\/p>\n<table style=\"border-collapse:collapse;font-family:&quot;Noto Sans SC&quot;\" border=\"1\" cellpadding=\"8\">\n<tbody>\n<tr>\n<td style=\"width:101px\" width=\"101\">\n<p>Generel<\/p>\n<\/td>\n<td style=\"width:445px\" width=\"445\">\n<p>M\u00e6rke: Eleglide<br \/>Model: Mopride 3<br \/>Farve: M\u00f8rkebl\u00e5<\/p>\n<\/td>\n<\/tr>\n<tr>\n<td style=\"width:101px\" width=\"101\">\n<p>Grundl\u00e6ggende specifikation.<\/p>\n<\/td>\n<td style=\"width:445px\" width=\"445\">\n<p>Nettov\u00e6gt: 27 kg<br \/>Udfoldet st\u00f8rrelse: 1900x730x1100mm<br \/>Rammens st\u00f8rrelse: 29&quot; x 19&quot;<br \/>Bredde p\u00e5 styret: 720 mm<br \/>Anbefalet rytterh\u00f8jde: 165-200 cm (5&#039; 5&quot;-6&#039; 7&quot;)<br \/>Maksimal belastning p\u00e5 cykel: 120 kg<br \/>Afsk\u00e6ringshastighed: 25 km\/t<br \/>Maks. r\u00e6kkevidde: 120 km (assistancetilstand)<br \/>PAS-niveauer: 12\/15\/18\/21\/25 km\/t (niveau 1-5)<br \/>G\u00e5tilstand: 6 km\/t<br \/>Vandt\u00e6thedsniveau: IPX4<br \/>Materiale: Aluminiumlegering<br \/>Bremsesystem: Hydraulisk skivebremse og elbremse<br \/>Affjedring: Affjedring med Lockout<br \/>Fjedervej: 80 mm<\/p>\n<\/td>\n<\/tr>\n<tr>\n<td style=\"width:101px\" width=\"101\">\n<p>Motor<\/p>\n<\/td>\n<td style=\"width:445px\" width=\"445\">\n<p>Nominel effekt\/sp\u00e6nding: 250W\/48V<br \/>Maks. udgangsmoment: 50 Nm<\/p>\n<\/td>\n<\/tr>\n<tr>\n<td style=\"width:101px\" width=\"101\">\n<p>Gearskifter<\/p>\n<\/td>\n<td style=\"width:445px\" width=\"445\">\n<p>M\u00e6rke: Shimano<br \/>Skifter antal: 7 (bag)<\/p>\n<\/td>\n<\/tr>\n<tr>\n<td style=\"width:101px\" width=\"101\">\n<p>Batteri<\/p>\n<\/td>\n<td style=\"width:445px\" width=\"445\">\n<p>Kapacitet: 12 Ah<br \/>Sp\u00e6nding: 48V<br \/>Opladningstid: 6 timer<br \/>Str\u00f8mkapacitet: 576 Wh<br \/>Beskyttelsessystem: Ja<\/p>\n<\/td>\n<\/tr>\n<tr>\n<td style=\"width:101px\" width=\"101\">\n<p>D\u00e6k<\/p>\n<\/td>\n<td style=\"width:445px\" width=\"445\">\n<p>St\u00f8rrelse: 29&quot;x2,4&quot;<br \/>Type, materiale: Pneumatiske gummid\u00e6k<br \/>D\u00e6ktryk: 30-45PSI<br \/>Bedste d\u00e6ktryk: 30-40PSI<\/p>\n<\/td>\n<\/tr>\n<tr>\n<td style=\"width:101px\" width=\"101\">\n<p>Vise<\/p>\n<\/td>\n<td style=\"width:445px\" width=\"445\">\n<p>St\u00f8rrelse: 2,6&quot;<br \/>Type: LCD<br \/>Information: Hastighed i realtid, assistanceniveau, batteriniveau, gangtilstand, rejsedistance<br \/>Funktioner: T\u00e6nd\/sluk, t\u00e6nd\/sluk lys, skift af assistanceniveauer, aktivering af gangtilstand osv.<\/p>\n<\/td>\n<\/tr>\n<tr>\n<td style=\"width:101px\" width=\"101\">\n<p>Appen<\/p>\n<\/td>\n<td style=\"width:445px\" width=\"445\">\n<p>Navn: Eleglide<br \/>Systemunderst\u00f8ttelse: iOS (11.0+), Android (5.0+)<br \/>Funktioner: T\u00e6nd\/sluk lys, skift af assistanceniveauer, l\u00e5sning\/opl\u00e5sning af cyklen, indstilling af adgangskode, justering af sk\u00e6rmens lysstyrke osv.<\/p>\n<\/td>\n<\/tr>\n<tr>\n<td style=\"width:101px\" width=\"101\">\n<p>Pakke<\/p>\n<\/td>\n<td style=\"width:445px\" width=\"445\">\n<p>St\u00f8rrelse: 160x25x85cm<br \/>Bruttov\u00e6gt: 34 kg<\/p>\n<\/td>\n<\/tr>\n<tr>\n<td style=\"width:101px\" width=\"101\">\n<p>Pakkeliste<\/p>\n<\/td>\n<td style=\"width:445px\" width=\"445\">\n<p>1 x Eleglide Pedelec<br \/>1 x Brugermanual<br \/>1 x Oplader<br \/>2 x pedaler (venstre og h\u00f8jre)<br \/>1 x V\u00e6rkt\u00f8jss\u00e6t<br \/>2 x n\u00f8gle<br \/>2 x Egerreflektor<br \/>1 x Baglygte<br \/>1 x Forlygte<\/p>\n<\/td>\n<\/tr>\n<tr>\n<td style=\"width:546px\" width=\"546\" colspan=\"2\">\n<p>Bem\u00e6rk: Den maksimale r\u00e6kkevidde opn\u00e5s under f\u00f8lgende forhold: en fuld opladning, en belastning p\u00e5 75 kg, 26 \u2103 temperatur, 15 km\/t konstant hastighed, p\u00e5 flade veje uden st\u00e6rk vind.<\/p>\n<\/td>\n<\/tr>\n<\/tbody>\n<\/table>\n<p><img decoding=\"async\" src=\"https:\/\/ae01.alicdn.com\/kf\/S7bc2ed964b234e2fa9ce5453c4dfa6200.jpeg\" slate-data-type=\"image\"\/><img decoding=\"async\" src=\"https:\/\/ae01.alicdn.com\/kf\/Sec283ba7e4ad4a4a8de849c8a8aae46aH.jpeg\" slate-data-type=\"image\"\/><img decoding=\"async\" src=\"https:\/\/ae01.alicdn.com\/kf\/Sadf576ce75c84fc586048eda58bfef30T.jpeg\" slate-data-type=\"image\"\/><img decoding=\"async\" src=\"https:\/\/ae01.alicdn.com\/kf\/S240a102db5fd4dcaa5e30a23e4155834Z.jpeg\" slate-data-type=\"image\"\/><img decoding=\"async\" src=\"https:\/\/ae01.alicdn.com\/kf\/Sa6ca59e260b148aeaef79f8c8859a565y.jpeg\" slate-data-type=\"image\"\/><img decoding=\"async\" src=\"https:\/\/ae01.alicdn.com\/kf\/S4fbe2eec7f41492b94cb5299f46a05b5J.jpeg\" slate-data-type=\"image\"\/><img decoding=\"async\" src=\"https:\/\/ae01.alicdn.com\/kf\/Sce1cc0ff380c490a986e0772c9583694D.jpeg\" slate-data-type=\"image\"\/><img decoding=\"async\" src=\"https:\/\/ae01.alicdn.com\/kf\/Sb4d04d20b79e4f2b9a5add6797b4ed23O.jpeg\" slate-data-type=\"image\"\/><img decoding=\"async\" src=\"https:\/\/ae01.alicdn.com\/kf\/Sddf190946d38475ea785e830a77e0930d.jpeg\" slate-data-type=\"image\"\/><img decoding=\"async\" src=\"https:\/\/ae01.alicdn.com\/kf\/S2d04a6352c424d7ba3ef7ed7d513b095i.jpeg\" slate-data-type=\"image\"\/><img decoding=\"async\" src=\"https:\/\/ae01.alicdn.com\/kf\/S43bc04fd4597488aa1d5dfab66be0c0aA.jpeg\" slate-data-type=\"image\"\/><img decoding=\"async\" src=\"https:\/\/ae01.alicdn.com\/kf\/Sff0847cce8954985af76d5e682a834a03.jpeg\" slate-data-type=\"image\"\/><img decoding=\"async\" src=\"https:\/\/ae01.alicdn.com\/kf\/S970e886ba1064ea4b0a1ffd2845e2e22k.jpeg\" slate-data-type=\"image\"\/><img decoding=\"async\" src=\"https:\/\/ae01.alicdn.com\/kf\/Sfd56423e04aa43d3ac2891b3a2dbbab1h.jpeg\" slate-data-type=\"image\"\/><img decoding=\"async\" src=\"https:\/\/ae01.alicdn.com\/kf\/S67ec5fb6a17e42b288e46af3ce0ca18eW.jpeg\" slate-data-type=\"image\"\/><\/p>","protected":false},"excerpt":{"rendered":"<p>Bike Suspension Types:&nbsp;Sturdy Braking System:&nbsp;Front and Rear Mechanical Disc Brake Wheel Size:&nbsp;29&#039;&#039; Brand:&nbsp;Eleglide Model:&nbsp;Mopride 3 Unfolded Size:&nbsp;1900x730x1100mm Size of Frame:&nbsp;29&quot; x 19&quot; Max Load of Bike:&nbsp;120kg Cut-off Speed:&nbsp;25km\/h Max Range:&nbsp;120km<\/p>","protected":false},"featured_media":21623,"comment_status":"open","ping_status":"closed","template":"","meta":{"_acf_changed":false},"product_brand":[],"product_cat":[230],"product_tag":[],"class_list":{"0":"post-21621","1":"product","2":"type-product","3":"status-publish","4":"has-post-thumbnail","6":"product_cat-bikes","8":"first","9":"instock","10":"shipping-taxable","11":"purchasable","12":"product-type-simple"},"acf":[],"_links":{"self":[{"href":"https:\/\/electricstore.eu\/da\/wp-json\/wp\/v2\/product\/21621","targetHints":{"allow":["GET"]}}],"collection":[{"href":"https:\/\/electricstore.eu\/da\/wp-json\/wp\/v2\/product"}],"about":[{"href":"https:\/\/electricstore.eu\/da\/wp-json\/wp\/v2\/types\/product"}],"replies":[{"embeddable":true,"href":"https:\/\/electricstore.eu\/da\/wp-json\/wp\/v2\/comments?post=21621"}],"wp:featuredmedia":[{"embeddable":true,"href":"https:\/\/electricstore.eu\/da\/wp-json\/wp\/v2\/media\/21623"}],"wp:attachment":[{"href":"https:\/\/electricstore.eu\/da\/wp-json\/wp\/v2\/media?parent=21621"}],"wp:term":[{"taxonomy":"product_brand","embeddable":true,"href":"https:\/\/electricstore.eu\/da\/wp-json\/wp\/v2\/product_brand?post=21621"},{"taxonomy":"product_cat","embeddable":true,"href":"https:\/\/electricstore.eu\/da\/wp-json\/wp\/v2\/product_cat?post=21621"},{"taxonomy":"product_tag","embeddable":true,"href":"https:\/\/electricstore.eu\/da\/wp-json\/wp\/v2\/product_tag?post=21621"}],"curies":[{"name":"wp","href":"https:\/\/api.w.org\/{rel}","templated":true}]}}