{"id":21596,"date":"2025-05-20T18:20:13","date_gmt":"2025-05-20T18:20:13","guid":{"rendered":"https:\/\/electricstore.eu\/p\/uncategorized\/eleglide-m1-plus-adult-bikes-250w-motor-electric-bikes-13ah-100km-range-app-control-electric-bicycles-cheap-electric-bike\/"},"modified":"2025-05-20T18:20:18","modified_gmt":"2025-05-20T18:20:18","slug":"eleglide-m1-plus-adult-bikes-250w-motor-electric-bikes-13ah-100km-range-app-control-electric-bicycles-cheap-electric-bike","status":"publish","type":"product","link":"https:\/\/electricstore.eu\/da\/p\/bikes\/eleglide-m1-plus-adult-bikes-250w-motor-electric-bikes-13ah-100km-range-app-control-electric-bicycles-cheap-electric-bike\/","title":{"rendered":"Eleglide M1 Plus Voksencykler 250W Motor Elcykler 13AH 100km R\u00e6kkevidde App-styring Elcykler Billig Elcykel"},"content":{"rendered":"<div class=\"product-specs-list-container\">\n<ul class=\"product-specs-list util-clearfix\">\n<li class=\"product-prop line-limit-length\"><span\n                                        class=\"property-title\">M\u00e6rke:&nbsp;<\/span><span\n                                        class=\"property-desc line-limit-length\">Eleglide<\/span>\n                            <\/li>\n<li class=\"product-prop line-limit-length\"><span\n                                        class=\"property-title\">Model:&nbsp;<\/span><span\n                                        class=\"property-desc line-limit-length\">M1 Plus<\/span>\n                            <\/li>\n<li class=\"product-prop line-limit-length\"><span\n                                        class=\"property-title\">Nettov\u00e6gt:&nbsp;<\/span><span\n                                        class=\"property-desc line-limit-length\">21,7 kg<\/span>\n                            <\/li>\n<li class=\"product-prop line-limit-length\"><span\n                                        class=\"property-title\">Maksimal belastning p\u00e5 cykel:&nbsp;<\/span><span\n                                        class=\"property-desc line-limit-length\">1790x680x1041mm<\/span>\n                            <\/li>\n<li class=\"product-prop line-limit-length\"><span\n                                        class=\"property-title\">Rammens st\u00f8rrelse:&nbsp;<\/span><span\n                                        class=\"property-desc line-limit-length\">27,5&quot;\/29&quot;<\/span>\n                            <\/li>\n<li class=\"product-prop line-limit-length\"><span\n                                        class=\"property-title\">Maksimal belastning af cykel::&nbsp;<\/span><span\n                                        class=\"property-desc line-limit-length\">100 kg<\/span>\n                            <\/li>\n<li class=\"product-prop line-limit-length\"><span\n                                        class=\"property-title\">G\u00e5tilstand:&nbsp;<\/span><span\n                                        class=\"property-desc line-limit-length\">6 km\/t<\/span>\n                            <\/li>\n<li class=\"product-prop line-limit-length\"><span\n                                        class=\"property-title\">Vandt\u00e6thedsniveau:&nbsp;<\/span><span\n                                        class=\"property-desc line-limit-length\">IPX4<\/span>\n                            <\/li>\n<li class=\"product-prop line-limit-length\"><span\n                                        class=\"property-title\">Funktioner 01:&nbsp;<\/span><span\n                                        class=\"property-desc line-limit-length\">Elektrisk cykel<\/span>\n                            <\/li>\n<li class=\"product-prop line-limit-length\"><span\n                                        class=\"property-title\">Funktioner 02:&nbsp;<\/span><span\n                                        class=\"property-desc line-limit-length\">Elcykler<\/span>\n                            <\/li>\n<li class=\"product-prop line-limit-length\"><span\n                                        class=\"property-title\">Funktioner 03:&nbsp;<\/span><span\n                                        class=\"property-desc line-limit-length\">Tilbud p\u00e5 elcykler<\/span>\n                            <\/li>\n<li class=\"product-prop line-limit-length\"><span\n                                        class=\"property-title\">Funktioner 04:&nbsp;<\/span><span\n                                        class=\"property-desc line-limit-length\">Elcykler til voksne<\/span>\n                            <\/li>\n<li class=\"product-prop line-limit-length\"><span\n                                        class=\"property-title\">Funktioner 05:&nbsp;<\/span><span\n                                        class=\"property-desc line-limit-length\">Sammenklappelig cykel<\/span>\n                            <\/li>\n<li class=\"product-prop line-limit-length\"><span\n                                        class=\"property-title\">Funktioner 06:&nbsp;<\/span><span\n                                        class=\"property-desc line-limit-length\">Elcykler til voksne<\/span>\n                            <\/li>\n<li class=\"product-prop line-limit-length\"><span\n                                        class=\"property-title\">Materiale:&nbsp;<\/span><span\n                                        class=\"property-desc line-limit-length\">Aluminiumlegering<\/span>\n                            <\/li>\n<li class=\"product-prop line-limit-length\"><span\n                                        class=\"property-title\">Funktioner 08:&nbsp;<\/span><span\n                                        class=\"property-desc line-limit-length\">Elektrisk elcykel<\/span>\n                            <\/li>\n<li class=\"product-prop line-limit-length\"><span\n                                        class=\"property-title\">Funktioner 09:&nbsp;<\/span><span\n                                        class=\"property-desc line-limit-length\">Billige cykler<\/span>\n                            <\/li>\n<\/ul><\/div>\n<p><\/p>\n<p style=\"font-family:&quot;Microsoft YaHei&quot;;font-size:medium;font-weight:400;letter-spacing:normal;text-align:start;white-space:normal;color:rgb(0, 0, 0)\" align=\"start\"><span style=\"font-size:x-large\">H\u00f8jdepunkter<\/span><\/p>\n<p><\/p>\n<p style=\"font-family:&quot;Microsoft YaHei&quot;;font-size:medium;font-weight:400;letter-spacing:normal;text-align:start;white-space:normal;color:rgb(0, 0, 0)\" align=\"start\"><strong>Kraftig motor og stort batteri<br \/><\/strong>Eleglide M1 Plus leveres med en kraftig 250W b\u00f8rstel\u00f8s motor, der leverer et drejningsmoment p\u00e5 45Nm og g\u00f8r det muligt for cyklen at accelerere op til 25 km\/t. Med et udskifteligt 12,5Ah lithium-ion-batteri kan den k\u00f8re op til 100 km i assistancetilstand, hvilket er perfekt til din lange tur.<br \/><strong>27,5&quot;\/29&quot; CST-d\u00e6k<br \/><\/strong>Den opgraderede M1 Plus-cykel er udstyret med st\u00f8rre CST-pneumatiske d\u00e6k p\u00e5 27,5\/29 tommer, der kan tilpasse sig en r\u00e6kke forskellige vejbel\u00e6gninger og nemt og stabilt forcere forhindringer p\u00e5 stier. Derudover reducerer den knudrede d\u00e6koverflade drastisk st\u00f8det fra uj\u00e6vnheder i vejen, hvilket g\u00f8r din tur endnu mere behagelig.<br \/><strong>21-speed Shimano-gear<br \/><\/strong>Elcyklen er forbedret med professionelle Shimano-skiftere. Forskifteren har 3 gear, og bagskifteren har 7 gear. Ved hj\u00e6lp af skiftere kan du nyde en hurtigere og lettere tur.<br \/><strong>Hydraulisk affjedring med lockout<br \/><\/strong>Den nye Eleglide M1 Plus er opgraderet med hydraulisk d\u00e6mpningsdesign, der leveres med affjedringslockout, hvilket giver dig en mere komfortabel cykeloplevelse.<br \/><strong>3 k\u00f8retilstande og 5 hastighedsniveauer<br \/><\/strong>Mens du k\u00f8rer p\u00e5 Eleglide M1 Plus, kan du v\u00e6lge elektrisk tilstand, assistancetilstand eller manuel tilstand. Du kan ogs\u00e5 skifte mellem 5 niveauer af assistance\/elektrisk tilstand, herunder 12, 16, 20, 23 og 25 km\/t.<br \/><strong>SmartLCD og app-styring<br \/><\/strong>M1 Plus har et intelligent LCD-display, der holder dig informeret om alle vigtige detaljer, s\u00e5som realtidshastighed, distance og resterende batteristr\u00f8m. Du kan skifte assistanceniveauer, indstille sk\u00e6rmtimeout, aktivere g\u00e5tilstand og mere direkte fra displayet. Derudover kan du styre din cykel p\u00e5 din telefon via Eleglide-appen. Den smarte app giver dig mulighed for at aktivere flere funktioner, s\u00e5som at l\u00e5se cyklen, indstille en adgangskode og justere sk\u00e6rmtimeout, hvilket g\u00f8r din cykeltur smartere og nemmere.<\/p>\n<p><\/p>\n<h2 style=\"font-family:&quot;Microsoft YaHei&quot;;font-size:14px;letter-spacing:normal;text-align:start;white-space:normal;color:rgb(0, 0, 0);margin:10px 0px;margin-bottom:10px;margin-top:10px;margin-left:0px;margin-right:0px;padding:0px;padding-bottom:0px;padding-top:0px;padding-left:0px;padding-right:0px\" align=\"start\">Specifikation<\/h2>\n<p><\/p>\n<table style=\"border-collapse:collapse;font-family:&quot;Microsoft YaHei&quot;\" border=\"1\" cellpadding=\"8\">\n<tbody>\n<tr>\n<td style=\"width:102px\" width=\"102\">\n<p>Generel<\/p>\n<\/td>\n<td style=\"width:454px\" width=\"454\">\n<p>M\u00e6rke: Eleglide<br \/>Model: M1 Plus (27,5&quot;)<br \/>Farve: Sort<\/p>\n<\/td>\n<\/tr>\n<tr>\n<td style=\"width:102px\" width=\"102\">\n<p>Grundl\u00e6ggende specifikation<\/p>\n<\/td>\n<td style=\"width:454px\" width=\"454\">\n<p>Nettov\u00e6gt: 21,7 kg<br \/>Udfoldet st\u00f8rrelse: 1790x680x1041mm<br \/>Rammens st\u00f8rrelse: 61 cm \/ 69 cm x 46 cm<br \/>Styrl\u00e6ngde: 680 mm (26,8&quot;)<br \/>Sadlens h\u00f8jde (fra jorden): 89-102 cm<br \/>Anbefalet rytterh\u00f8jde: 160-195 cm (ca. 160-195 cm)<br \/>Maksimal belastning p\u00e5 cykel: 100 kg<br \/>Afsk\u00e6ringshastighed: 25 km\/t (Kan justeres til 32 km\/t)<br \/>Maks. r\u00e6kkevidde: 100 km (assistancetilstand)<br \/>Pedalhj\u00e6lpsniveauer: 12\/16\/20\/23\/25 km\/t<br \/>G\u00e5tilstand: 6 km\/t<br \/>Vandt\u00e6thedsniveau: IPX4<br \/>Materiale: Aluminiumlegering<br \/>Bremsesystem: Skivebremser for og bag + Power-off-design<\/p>\n<\/td>\n<\/tr>\n<tr>\n<td style=\"width:102px\" width=\"102\">\n<p>Motor<\/p>\n<\/td>\n<td style=\"width:454px\" width=\"454\">\n<p>Nominel effekt og sp\u00e6nding: 250W, 36V<br \/>Maksimal \u00f8jeblikkelig effekt: 500W<br \/>Maks. omdrejninger: 210<br \/>Maks. udgangsmoment: 45 Nm<\/p>\n<\/td>\n<\/tr>\n<tr>\n<td style=\"width:102px\" width=\"102\">\n<p>Gearskifter<\/p>\n<\/td>\n<td style=\"width:454px\" width=\"454\">\n<p>M\u00e6rke: Shimano<br \/>Antal gear: 3 (for), 7 (bag)<\/p>\n<\/td>\n<\/tr>\n<tr>\n<td style=\"width:102px\" width=\"102\">\n<p>Batteri<\/p>\n<\/td>\n<td style=\"width:454px\" width=\"454\">\n<p>Kapacitet: 12,5 Ah<br \/>Sp\u00e6nding: 36V<br \/>Opladningstid: 7 timer<br \/>Effektkapacitet: 450 Wh<br \/>Beskyttelsessystem: Ja<\/p>\n<\/td>\n<\/tr>\n<tr>\n<td style=\"width:102px\" width=\"102\">\n<p>Oplader<\/p>\n<\/td>\n<td style=\"width:454px\" width=\"454\">\n<p>Indgang: 100-240V, 2A<br \/>Udgang: 42V, 2A<\/p>\n<\/td>\n<\/tr>\n<tr>\n<td style=\"width:102px\" width=\"102\">\n<p>D\u00e6k<\/p>\n<\/td>\n<td style=\"width:454px\" width=\"454\">\n<p>M\u00e6rke: CST<br \/>St\u00f8rrelse: 67 cm x 5 cm<br \/>Type: Pneumatiske gummid\u00e6k<br \/>D\u00e6ktryk: 45-65PSI<br \/>Bedste d\u00e6ktryk: 50PSI (for), 55PSI (bag)<\/p>\n<\/td>\n<\/tr>\n<tr>\n<td style=\"width:102px\" width=\"102\">\n<p>Vise<\/p>\n<\/td>\n<td style=\"width:454px\" width=\"454\">\n<p>St\u00f8rrelse: 1,75&quot;<br \/>Type: LCD<br \/>Information: Hastighed, Batteriniveau, Tripdistance\/kilometert\u00e6ller, Hj\u00e6lpeniveau, Skubbetilstand, Lysm\u00e6rke, Fejlkode, Bremse-\/fejlm\u00e6rke<br \/>Funktion: t\u00e6nd\/sluk, lys t\u00e6nd\/sluk, skift af assistanceniveauer, aktivering af skubbetilstand, fjernelse af ODO-data, indstilling af sk\u00e6rmtimeout osv.<\/p>\n<\/td>\n<\/tr>\n<tr>\n<td style=\"width:102px\" width=\"102\">\n<p>Appen<\/p>\n<\/td>\n<td style=\"width:454px\" width=\"454\">\n<p>Navn: Eleglide<br \/>Systemunderst\u00f8ttelse: iOS (11.0+), Android (5.0+)<br \/>Funktioner: T\u00e6nd\/sluk lys, skift af assistanceniveauer, l\u00e5sning\/opl\u00e5sning af cyklen, indstilling af adgangskode, justering af sk\u00e6rmens lysstyrke osv.<\/p>\n<\/td>\n<\/tr>\n<tr>\n<td style=\"width:102px\" width=\"102\">\n<p>Pakke<\/p>\n<\/td>\n<td style=\"width:454px\" width=\"454\">\n<p>St\u00f8rrelse: 1480x220x770mm<br \/>Bruttov\u00e6gt: 27 kg<\/p>\n<\/td>\n<\/tr>\n<tr>\n<td style=\"width:102px\" width=\"102\">\n<p>Pakkeliste<\/p>\n<\/td>\n<td style=\"width:454px\" width=\"454\">\n<p>1 x Eleglide-cykel 1 x brugermanual<br \/>1 x Oplader 2 x Pedaler<br \/>1 x bagrefleks 4 x egerreflektor<br \/>1 x LCD-sk\u00e6rm 2 x n\u00f8gle<br \/>1 x v\u00e6rkt\u00f8jss\u00e6t 1 x gash\u00e5ndtagss\u00e6t<\/p>\n<\/td>\n<\/tr>\n<tr>\n<td style=\"width:556px\" width=\"556\" colspan=\"2\">\n<p>Bem\u00e6rk: Den maksimale r\u00e6kkevidde opn\u00e5s under f\u00f8lgende forhold: 75 kg belastning, 26 \u2103 temperatur, 15 km\/t konstant hastighed, p\u00e5 flade veje uden st\u00e6rk vind.<\/p>\n<\/td>\n<\/tr>\n<\/tbody>\n<\/table>\n<p><img decoding=\"async\" src=\"https:\/\/ae01.alicdn.com\/kf\/Sac0bfdff325945939c57588c426418188.jpeg\" slate-data-type=\"image\"\/><img decoding=\"async\" src=\"https:\/\/ae01.alicdn.com\/kf\/Sc9cdbd8ee5874b28b0c1844b60e60a00T.jpeg\" slate-data-type=\"image\"\/><img decoding=\"async\" src=\"https:\/\/ae01.alicdn.com\/kf\/S071ddc459d02406a83f5f5ec2ae198ca5.jpeg\" slate-data-type=\"image\"\/><img decoding=\"async\" src=\"https:\/\/ae01.alicdn.com\/kf\/S80dcff1728f54ec187b138bfa5abde9do.jpeg\" slate-data-type=\"image\"\/><img decoding=\"async\" src=\"https:\/\/ae01.alicdn.com\/kf\/S8ca7e861e8494bd8823febb4c52d1200a.jpeg\" slate-data-type=\"image\"\/><img decoding=\"async\" src=\"https:\/\/ae01.alicdn.com\/kf\/Sf95a79c18d5b4a1fb532eb5783407ed4z.jpeg\" slate-data-type=\"image\"\/><img decoding=\"async\" src=\"https:\/\/ae01.alicdn.com\/kf\/Sca407e8bd8314675b9b371ef8edbb823H.jpeg\" slate-data-type=\"image\"\/><img decoding=\"async\" src=\"https:\/\/ae01.alicdn.com\/kf\/S90b863fb99c34b6ab9e3e4ddf97e3450v.jpeg\" slate-data-type=\"image\"\/><img decoding=\"async\" src=\"https:\/\/ae01.alicdn.com\/kf\/Se833949820214331919e9fc5b4a42a3fl.jpeg\" slate-data-type=\"image\"\/><img decoding=\"async\" src=\"https:\/\/ae01.alicdn.com\/kf\/S979251df0f4c405c9e7b03d4fae6b516v.jpeg\" slate-data-type=\"image\"\/><img decoding=\"async\" src=\"https:\/\/ae01.alicdn.com\/kf\/Sd27b1ff2cbfb44e7b8309b4bfdcab174E.jpeg\" slate-data-type=\"image\"\/><img decoding=\"async\" src=\"https:\/\/ae01.alicdn.com\/kf\/S73ef3b1ada2c43c39c525e7e71f89367A.jpeg\" slate-data-type=\"image\"\/><img decoding=\"async\" src=\"https:\/\/ae01.alicdn.com\/kf\/S5cdbcaa253284456bc6c72c76ac180bbB.jpeg\" slate-data-type=\"image\"\/><img decoding=\"async\" src=\"https:\/\/ae01.alicdn.com\/kf\/S54d93284c50042b5992ab8d218488629P.jpeg\" slate-data-type=\"image\"\/><\/p>","protected":false},"excerpt":{"rendered":"<p>Brand:&nbsp;Eleglide Model:&nbsp;M1 Plus Net Weight:&nbsp;21.7kg Max Load of Bike:&nbsp;1790x680x1041mm Size of Frame:&nbsp;27.5&quot;\/29\u201c Max Load of Bike::&nbsp;100 kg Walk Mode:&nbsp;6km\/h Waterproof Level:&nbsp;IPX4 Features 01:&nbsp;Electric Bicycle Features 02:&nbsp;Electric Bikes Features 03:&nbsp;Electric Bike<\/p>","protected":false},"featured_media":21597,"comment_status":"open","ping_status":"closed","template":"","meta":{"_acf_changed":false},"product_brand":[],"product_cat":[230],"product_tag":[],"class_list":{"0":"post-21596","1":"product","2":"type-product","3":"status-publish","4":"has-post-thumbnail","6":"product_cat-bikes","8":"first","9":"instock","10":"shipping-taxable","11":"purchasable","12":"product-type-variable"},"acf":[],"_links":{"self":[{"href":"https:\/\/electricstore.eu\/da\/wp-json\/wp\/v2\/product\/21596","targetHints":{"allow":["GET"]}}],"collection":[{"href":"https:\/\/electricstore.eu\/da\/wp-json\/wp\/v2\/product"}],"about":[{"href":"https:\/\/electricstore.eu\/da\/wp-json\/wp\/v2\/types\/product"}],"replies":[{"embeddable":true,"href":"https:\/\/electricstore.eu\/da\/wp-json\/wp\/v2\/comments?post=21596"}],"wp:featuredmedia":[{"embeddable":true,"href":"https:\/\/electricstore.eu\/da\/wp-json\/wp\/v2\/media\/21597"}],"wp:attachment":[{"href":"https:\/\/electricstore.eu\/da\/wp-json\/wp\/v2\/media?parent=21596"}],"wp:term":[{"taxonomy":"product_brand","embeddable":true,"href":"https:\/\/electricstore.eu\/da\/wp-json\/wp\/v2\/product_brand?post=21596"},{"taxonomy":"product_cat","embeddable":true,"href":"https:\/\/electricstore.eu\/da\/wp-json\/wp\/v2\/product_cat?post=21596"},{"taxonomy":"product_tag","embeddable":true,"href":"https:\/\/electricstore.eu\/da\/wp-json\/wp\/v2\/product_tag?post=21596"}],"curies":[{"name":"wp","href":"https:\/\/api.w.org\/{rel}","templated":true}]}}