{"id":21569,"date":"2025-05-20T18:20:00","date_gmt":"2025-05-20T18:20:00","guid":{"rendered":"https:\/\/electricstore.eu\/p\/uncategorized\/engwe-mapfour-n1-air-adult-electric-bike-25km-h-max-speed-250w-100km-range-36v-10ah-battery-electric-road-bikes-electric-bicycle\/"},"modified":"2025-05-20T18:20:08","modified_gmt":"2025-05-20T18:20:08","slug":"engwe-mapfour-n1-air-adult-electric-bike-25km-h-max-speed-250w-100km-range-36v-10ah-battery-electric-road-bikes-electric-bicycle","status":"publish","type":"product","link":"https:\/\/www.electricstore.eu\/da\/p\/bikes\/engwe-mapfour-n1-air-adult-electric-bike-25km-h-max-speed-250w-100km-range-36v-10ah-battery-electric-road-bikes-electric-bicycle\/","title":{"rendered":"ENGWE MapFour N1 Air Elcykel til Voksne 25 km\/t Maks. Hastighed 250W 100 km R\u00e6kkevidde 36V 10Ah Batteri El-Landevejscykler Elcykel"},"content":{"rendered":"<div class=\"product-specs-list-container\">\n<ul class=\"product-specs-list util-clearfix\">\n<li class=\"product-prop line-limit-length\"><span\n                                        class=\"property-title\">M\u00e6rke:&nbsp;<\/span><span\n                                        class=\"property-desc line-limit-length\">ENGWE<\/span>\n                            <\/li>\n<li class=\"product-prop line-limit-length\"><span\n                                        class=\"property-title\">Type:&nbsp;<\/span><span\n                                        class=\"property-desc line-limit-length\">Mekanisk skivebremse for og bag<\/span>\n                            <\/li>\n<li class=\"product-prop line-limit-length\"><span\n                                        class=\"property-title\">Model:&nbsp;<\/span><span\n                                        class=\"property-desc line-limit-length\">MapFour N1 Air<\/span>\n                            <\/li>\n<li class=\"product-prop line-limit-length\"><span\n                                        class=\"property-title\">Materiale:&nbsp;<\/span><span\n                                        class=\"property-desc line-limit-length\">Stel i kulfiber<\/span>\n                            <\/li>\n<li class=\"product-prop line-limit-length\"><span\n                                        class=\"property-title\">Motor:&nbsp;<\/span><span\n                                        class=\"property-desc line-limit-length\">MIVICE M070 Baghjulsnavmotor<\/span>\n                            <\/li>\n<li class=\"product-prop line-limit-length\"><span\n                                        class=\"property-title\">Sensor:&nbsp;<\/span><span\n                                        class=\"property-desc line-limit-length\">Momentsensor<\/span>\n                            <\/li>\n<li class=\"product-prop line-limit-length\"><span\n                                        class=\"property-title\">Maks. drejningsmoment:&nbsp;<\/span><span\n                                        class=\"property-desc line-limit-length\">40 Nm<\/span>\n                            <\/li>\n<li class=\"product-prop line-limit-length\"><span\n                                        class=\"property-title\">D\u00e6k:&nbsp;<\/span><span\n                                        class=\"property-desc line-limit-length\">700*38C Egerd\u00e6k<\/span>\n                            <\/li>\n<li class=\"product-prop line-limit-length\"><span\n                                        class=\"property-title\">Funktioner 01:&nbsp;<\/span><span\n                                        class=\"property-desc line-limit-length\">Elektrisk cykel<\/span>\n                            <\/li>\n<li class=\"product-prop line-limit-length\"><span\n                                        class=\"property-title\">Funktioner 02:&nbsp;<\/span><span\n                                        class=\"property-desc line-limit-length\">Elcykler<\/span>\n                            <\/li>\n<li class=\"product-prop line-limit-length\"><span\n                                        class=\"property-title\">Funktioner 03:&nbsp;<\/span><span\n                                        class=\"property-desc line-limit-length\">Tilbud p\u00e5 elcykler<\/span>\n                            <\/li>\n<li class=\"product-prop line-limit-length\"><span\n                                        class=\"property-title\">Funktioner 04:&nbsp;<\/span><span\n                                        class=\"property-desc line-limit-length\">Elcykler til voksne<\/span>\n                            <\/li>\n<li class=\"product-prop line-limit-length\"><span\n                                        class=\"property-title\">Funktioner 05:&nbsp;<\/span><span\n                                        class=\"property-desc line-limit-length\">Sammenklappelig cykel<\/span>\n                            <\/li>\n<li class=\"product-prop line-limit-length\"><span\n                                        class=\"property-title\">Funktioner 06:&nbsp;<\/span><span\n                                        class=\"property-desc line-limit-length\">Elcykler til voksne<\/span>\n                            <\/li>\n<li class=\"product-prop line-limit-length\"><span\n                                        class=\"property-title\">Funktioner 07:&nbsp;<\/span><span\n                                        class=\"property-desc line-limit-length\">Foldbare cykler<\/span>\n                            <\/li>\n<li class=\"product-prop line-limit-length\"><span\n                                        class=\"property-title\">Funktioner 08:&nbsp;<\/span><span\n                                        class=\"property-desc line-limit-length\">Elektrisk elcykel<\/span>\n                            <\/li>\n<li class=\"product-prop line-limit-length\"><span\n                                        class=\"property-title\">Funktioner 09:&nbsp;<\/span><span\n                                        class=\"property-desc line-limit-length\">Billige cykler<\/span>\n                            <\/li>\n<li class=\"product-prop line-limit-length\"><span\n                                        class=\"property-title\">Hastighed:&nbsp;<\/span><span\n                                        class=\"property-desc line-limit-length\">25 km\/t<\/span>\n                            <\/li>\n<li class=\"product-prop line-limit-length\"><span\n                                        class=\"property-title\">R\u00e6kkevidde:&nbsp;<\/span><span\n                                        class=\"property-desc line-limit-length\">100 km (PAS 1 niveau)<\/span>\n                            <\/li>\n<li class=\"product-prop line-limit-length\"><span\n                                        class=\"property-title\">Maks. belastning::&nbsp;<\/span><span\n                                        class=\"property-desc line-limit-length\">120 kg<\/span>\n                            <\/li>\n<\/ul><\/div>\n<p><\/p>\n<p style=\"font-family:&quot;Microsoft YaHei&quot;;font-size:medium;font-weight:400;letter-spacing:normal;text-align:start;white-space:normal;color:rgb(0, 0, 0)\" align=\"start\"><span style=\"font-size:x-large\">H\u00f8jdepunkter<\/span><\/p>\n<p><\/p>\n<h3 style=\"font-family:&quot;Microsoft YaHei&quot;;letter-spacing:normal;text-align:start;white-space:normal;color:rgb(0, 0, 0)\" align=\"start\">Ultraletv\u00e6gts kulfiberramme<\/h3>\n<p style=\"font-family:&quot;Microsoft YaHei&quot;;font-size:medium;font-weight:400;letter-spacing:normal;text-align:start;white-space:normal;color:rgb(0, 0, 0)\" align=\"start\">Superlet kulfiberstel, kun 1,28 kg, ENGWE MapFour N1 Air elcykel er konstrueret til optimal aerodynamik, hvilket giver en j\u00e6vnere og mere stabil k\u00f8rsel med reduceret vindmodstand.<\/p>\n<h3 style=\"font-family:&quot;Microsoft YaHei&quot;;letter-spacing:normal;text-align:start;white-space:normal;color:rgb(0, 0, 0)\" align=\"start\">250W motor<\/h3>\n<p style=\"font-family:&quot;Microsoft YaHei&quot;;font-size:medium;font-weight:400;letter-spacing:normal;text-align:start;white-space:normal;color:rgb(0, 0, 0)\" align=\"start\">Med en kompakt effekt p\u00e5 250 W og et drejningsmoment p\u00e5 40 Nm leverer ENGWE MapFour N1 Air city-elcykel problemfri ydeevne i et elegant design, der n\u00e6sten ikke kan skelnes fra en standardcykel.<\/p>\n<h3 style=\"font-family:&quot;Microsoft YaHei&quot;;letter-spacing:normal;text-align:start;white-space:normal;color:rgb(0, 0, 0)\" align=\"start\">36V 10Ah aftageligt batteri<\/h3>\n<p style=\"font-family:&quot;Microsoft YaHei&quot;;font-size:medium;font-weight:400;letter-spacing:normal;text-align:start;white-space:normal;color:rgb(0, 0, 0)\" align=\"start\">36V 10Ah batteri giver 100 km r\u00e6kkevidde. ENGWE MapFour N1 Air urban elcykel er designet til bylivet. Med langvarig kraft kan du springe den daglige opladning over og fokusere p\u00e5 din rejse.<\/p>\n<h3 style=\"font-family:&quot;Microsoft YaHei&quot;;letter-spacing:normal;text-align:start;white-space:normal;color:rgb(0, 0, 0)\" align=\"start\">Komfortabel og sikker k\u00f8rsel<\/h3>\n<p style=\"font-family:&quot;Microsoft YaHei&quot;;font-size:medium;font-weight:400;letter-spacing:normal;text-align:start;white-space:normal;color:rgb(0, 0, 0)\" align=\"start\">700*38C egerd\u00e6k er bygget til fart og stabilitet, hvilket giver en j\u00e6vn k\u00f8rsel p\u00e5 forskellige byunderlag. Udstyret med mekanisk skivebremse for p\u00e5lidelig og pr\u00e6cis bremsekraft.\u00a0<\/p>\n<h3 style=\"font-family:&quot;Microsoft YaHei&quot;;letter-spacing:normal;text-align:start;white-space:normal;color:rgb(0, 0, 0)\" align=\"start\">Glat k\u00f8reoplevelse<\/h3>\n<p style=\"font-family:&quot;Microsoft YaHei&quot;;font-size:medium;font-weight:400;letter-spacing:normal;text-align:start;white-space:normal;color:rgb(0, 0, 0)\" align=\"start\">Momentsensoren p\u00e5 ENGWE MapFour N1 Air letv\u00e6gts-elcyklen leverer j\u00e6vn og responsiv pedalassistance ved pr\u00e6cist at m\u00e5le din pedalkraft for en naturlig k\u00f8rsel.<\/p>\n<p><\/p>\n<h2 style=\"font-family:&quot;Microsoft YaHei&quot;;font-size:14px;letter-spacing:normal;text-align:start;white-space:normal;color:rgb(0, 0, 0);margin:10px 0px;margin-bottom:10px;margin-top:10px;margin-left:0px;margin-right:0px;padding:0px;padding-bottom:0px;padding-top:0px;padding-left:0px;padding-right:0px\" align=\"start\">Specifikation<\/h2>\n<p><\/p>\n<table style=\"border-collapse:collapse;font-family:&quot;Microsoft YaHei&quot;;width:1000px\" class=\"jbEidtTable\" border=\"1\" cellpadding=\"5\" cellspacing=\"0\">\n<tbody>\n<tr>\n<td style=\"text-align:left\" align=\"left\">\n<p><strong>Generel<\/strong><\/p>\n<\/td>\n<td style=\"text-align:left\" align=\"left\">\n<p>M\u00e6rke: ENGWE<br \/>Type: Elcykel<br \/>Model: MapFour N1 Air<br \/>Farve: Gr\u00f8n<\/p>\n<\/td>\n<\/tr>\n<tr>\n<td style=\"text-align:left\" align=\"left\">\n<p><strong>Specifikation<\/strong><\/p>\n<\/td>\n<td style=\"text-align:left\" align=\"left\">\n<p>Materiale: Kulfiberramme<br \/>Motor: MIVICE M070 Baghjulsnavmotor<br \/>Sensor: Momentsensor<br \/>Maks. drejningsmoment: 40 Nm<br \/>D\u00e6k: 700*38C Egerd\u00e6k<br \/>Lys: Forlygte og solcellebaglygte<br \/>Transmissionssystem: SHIMANO 7-trins<br \/>Bremse: 160 mm mekanisk skivebremse foran og bagp\u00e5<br \/>Batteri: 36V 10Ah SAMSUNG aftageligt lithium-ion-batteri<br \/>Hastighed: 25 km\/t<br \/>R\u00e6kkevidde: 100 km (PAS 1 niveau)<br \/>Opladningstid: Cirka 5-8 timer (Batteriets opladningstid afh\u00e6nger af batteriets brug.)<br \/>Maksimal stigningsgrad: 10\u00b0<br \/>Sk\u00e6rm: LCD-farvesk\u00e6rm<br \/>Maksimal belastning: 120 kg<\/p>\n<\/td>\n<\/tr>\n<tr>\n<td style=\"text-align:left\" align=\"left\">\n<p><strong>V\u00e6gt og st\u00f8rrelse<\/strong><\/p>\n<\/td>\n<td style=\"text-align:left\" align=\"left\">\n<p>Produktv\u00e6gt: 15,6 kg<br \/>Pakkev\u00e6gt: 25,4 kg<br \/>Pakkest\u00f8rrelse (L x B x H): 148,4 x 22,5 x 73 cm<\/p>\n<\/td>\n<\/tr>\n<tr>\n<td style=\"text-align:left\" align=\"left\">\n<p><strong>Pakkens indhold<\/strong><\/p>\n<\/td>\n<td style=\"text-align:left\" align=\"left\">\n<p>1 x Elcykel<br \/>1 x Oplader<br \/>1 x V\u00e6rkt\u00f8jskasse<br \/>1 x Brugermanual<\/p>\n<\/td>\n<\/tr>\n<\/tbody>\n<\/table>\n<p><img decoding=\"async\" src=\"https:\/\/ae01.alicdn.com\/kf\/S3c2dc56355bb462d9fbbf2448ff58181y.jpeg\" slate-data-type=\"image\"\/><img decoding=\"async\" src=\"https:\/\/ae01.alicdn.com\/kf\/S84720af833be4a47a5563cfc03dd43d9d.jpeg\" slate-data-type=\"image\"\/><img decoding=\"async\" src=\"https:\/\/ae01.alicdn.com\/kf\/S6564cc26b1964a9d88a64fca455ba60fy.jpeg\" slate-data-type=\"image\"\/><img decoding=\"async\" src=\"https:\/\/ae01.alicdn.com\/kf\/S8525aa63d4bf467db491cb065789dc24W.jpeg\" slate-data-type=\"image\"\/><img decoding=\"async\" src=\"https:\/\/ae01.alicdn.com\/kf\/S8f6440aa6a3041fd9ea40d9fe4c81075b.jpeg\" slate-data-type=\"image\"\/><img decoding=\"async\" src=\"https:\/\/ae01.alicdn.com\/kf\/S62106a83da2f4a92ba6dc24e127e3f9bQ.jpeg\" slate-data-type=\"image\"\/><img decoding=\"async\" src=\"https:\/\/ae01.alicdn.com\/kf\/See105fe7292240df953a27f56ef6d42eA.jpeg\" slate-data-type=\"image\"\/><img decoding=\"async\" src=\"https:\/\/ae01.alicdn.com\/kf\/Sa980e31d7bf94628a1acf52254cc3f06b.jpeg\" slate-data-type=\"image\"\/><img decoding=\"async\" src=\"https:\/\/ae01.alicdn.com\/kf\/S909b25941f5e4d3c977fcd3c9b787cc1K.jpeg\" slate-data-type=\"image\"\/><img decoding=\"async\" src=\"https:\/\/ae01.alicdn.com\/kf\/S52430b5af63f48e7a3abac665730ba43G.jpeg\" slate-data-type=\"image\"\/><img decoding=\"async\" src=\"https:\/\/ae01.alicdn.com\/kf\/S2937387f9b244ce4915e7987b15b75b7L.jpeg\" slate-data-type=\"image\"\/><img decoding=\"async\" src=\"https:\/\/ae01.alicdn.com\/kf\/Sc7f4393018224cd4a2e8aa6bd73523d3v.jpeg\" slate-data-type=\"image\"\/><img decoding=\"async\" src=\"https:\/\/ae01.alicdn.com\/kf\/S9da94f6ae9684e32a1debdacf9ee89f2q.jpeg\" slate-data-type=\"image\"\/><\/p>","protected":false},"excerpt":{"rendered":"<p>Brand:&nbsp;ENGWE Type:&nbsp;Front &amp; Rear Mechanical Disc Brake Model:&nbsp;MapFour N1 Air Material:&nbsp;Carbon Fiber Frame Motor:&nbsp;MIVICE M070 Rear Hub Motor Sensor:&nbsp;Torque Sensor Max Torque:&nbsp;40 Nm Tires:&nbsp;700*38C Spoke Tires Features 01:&nbsp;Electric Bicycle Features<\/p>","protected":false},"featured_media":21571,"comment_status":"open","ping_status":"closed","template":"","meta":{"_acf_changed":false},"product_brand":[],"product_cat":[230],"product_tag":[],"class_list":{"0":"post-21569","1":"product","2":"type-product","3":"status-publish","4":"has-post-thumbnail","6":"product_cat-bikes","8":"first","9":"instock","10":"shipping-taxable","11":"purchasable","12":"product-type-variable"},"acf":[],"_links":{"self":[{"href":"https:\/\/www.electricstore.eu\/da\/wp-json\/wp\/v2\/product\/21569","targetHints":{"allow":["GET"]}}],"collection":[{"href":"https:\/\/www.electricstore.eu\/da\/wp-json\/wp\/v2\/product"}],"about":[{"href":"https:\/\/www.electricstore.eu\/da\/wp-json\/wp\/v2\/types\/product"}],"replies":[{"embeddable":true,"href":"https:\/\/www.electricstore.eu\/da\/wp-json\/wp\/v2\/comments?post=21569"}],"wp:featuredmedia":[{"embeddable":true,"href":"https:\/\/www.electricstore.eu\/da\/wp-json\/wp\/v2\/media\/21571"}],"wp:attachment":[{"href":"https:\/\/www.electricstore.eu\/da\/wp-json\/wp\/v2\/media?parent=21569"}],"wp:term":[{"taxonomy":"product_brand","embeddable":true,"href":"https:\/\/www.electricstore.eu\/da\/wp-json\/wp\/v2\/product_brand?post=21569"},{"taxonomy":"product_cat","embeddable":true,"href":"https:\/\/www.electricstore.eu\/da\/wp-json\/wp\/v2\/product_cat?post=21569"},{"taxonomy":"product_tag","embeddable":true,"href":"https:\/\/www.electricstore.eu\/da\/wp-json\/wp\/v2\/product_tag?post=21569"}],"curies":[{"name":"wp","href":"https:\/\/api.w.org\/{rel}","templated":true}]}}