{"id":21560,"date":"2025-05-20T18:19:54","date_gmt":"2025-05-20T18:19:54","guid":{"rendered":"https:\/\/electricstore.eu\/p\/uncategorized\/touroll-b2-26-electric-bike-25km-h-250w-50nm-torque-36v-15-6ah-100km-range-7-speed-shimano-gear-electric-bicycles\/"},"modified":"2025-05-20T18:19:55","modified_gmt":"2025-05-20T18:19:55","slug":"touroll-b2-26-electric-bike-25km-h-250w-50nm-torque-36v-15-6ah-100km-range-7-speed-shimano-gear-electric-bicycles","status":"publish","type":"product","link":"https:\/\/www.electricstore.eu\/da\/p\/bikes\/touroll-b2-26-electric-bike-25km-h-250w-50nm-torque-36v-15-6ah-100km-range-7-speed-shimano-gear-electric-bicycles\/","title":{"rendered":"Touroll B2 26\u2033 Elcykel 25 km\/t 250W 50Nm Drejningsmoment 36V 15,6Ah 100 km R\u00e6kkevidde 7-Speed Shimano Gear Elcykler"},"content":{"rendered":"<div class=\"product-specs-list-container\">\n<ul class=\"product-specs-list util-clearfix\">\n<li class=\"product-prop line-limit-length\"><span\n                                        class=\"property-title\">Cykeloph\u00e6ngstyper:&nbsp;<\/span><span\n                                        class=\"property-desc line-limit-length\">Robust<\/span>\n                            <\/li>\n<li class=\"product-prop line-limit-length\"><span\n                                        class=\"property-title\">Bremsesystem:&nbsp;<\/span><span\n                                        class=\"property-desc line-limit-length\">Mekanisk skivebremse for og bag<\/span>\n                            <\/li>\n<li class=\"product-prop line-limit-length\"><span\n                                        class=\"property-title\">Hjulst\u00f8rrelse:&nbsp;<\/span><span\n                                        class=\"property-desc line-limit-length\">26&quot;<\/span>\n                            <\/li>\n<li class=\"product-prop line-limit-length\"><span\n                                        class=\"property-title\">M\u00e6rke:&nbsp;<\/span><span\n                                        class=\"property-desc line-limit-length\">Touroll<\/span>\n                            <\/li>\n<li class=\"product-prop line-limit-length\"><span\n                                        class=\"property-title\">Model:&nbsp;<\/span><span\n                                        class=\"property-desc line-limit-length\">B2<\/span>\n                            <\/li>\n<li class=\"product-prop line-limit-length\"><span\n                                        class=\"property-title\">Rammens st\u00f8rrelse:&nbsp;<\/span><span\n                                        class=\"property-desc line-limit-length\">26&quot;x16&quot;<\/span>\n                            <\/li>\n<li class=\"product-prop line-limit-length\"><span\n                                        class=\"property-title\">NV:&nbsp;<\/span><span\n                                        class=\"property-desc line-limit-length\">26,7 kg<\/span>\n                            <\/li>\n<li class=\"product-prop line-limit-length\"><span\n                                        class=\"property-title\">Afsk\u00e6ringshastighed:&nbsp;<\/span><span\n                                        class=\"property-desc line-limit-length\">25 km\/t<\/span>\n                            <\/li>\n<li class=\"product-prop line-limit-length\"><span\n                                        class=\"property-title\">Maks. r\u00e6kkevidde:&nbsp;<\/span><span\n                                        class=\"property-desc line-limit-length\">100 km (assistancetilstand)<\/span>\n                            <\/li>\n<li class=\"product-prop line-limit-length\"><span\n                                        class=\"property-title\">Nominel effekt\/sp\u00e6nding:&nbsp;<\/span><span\n                                        class=\"property-desc line-limit-length\">250W \/ 36V<\/span>\n                            <\/li>\n<li class=\"product-prop line-limit-length\"><span\n                                        class=\"property-title\">Opladningstid:&nbsp;<\/span><span\n                                        class=\"property-desc line-limit-length\">7-8 timer<\/span>\n                            <\/li>\n<\/ul><\/div>\n<p><span style=\"font-size:x-large\">H\u00f8jdepunkter<\/span><\/p>\n<p><\/p>\n<p style=\"font-family:&quot;Noto Sans SC&quot;;font-size:medium;font-weight:400;letter-spacing:normal;text-align:start;white-space:normal;color:rgb(0, 0, 0)\" align=\"start\">Tidl\u00f8s elegance med ergonomisk komfort<br \/>Touroll B2 elcyklen har en smukt udformet retro-stel med indsteg, der er designet til at komplementere kvinders elegante og komfortable k\u00f8restilling. Dens yndefulde silhuet, der f\u00e5s i sofistikerede farvemuligheder, blander klassisk \u00e6stetik med ergonomisk effektivitet, hvilket sikrer en j\u00e6vn og afslappet tur. Det justerbare styr og s\u00e6deh\u00f8jde giver rytterne mulighed for at personligg\u00f8re deres pasform, mens den lave stelramme g\u00f8r det nemt at stige p\u00e5 og af \u2013 ideelt til daglig pendling og fritidsture.<\/p>\n<p>Sikkerhedsf\u00f8rst bremsesystem<br \/>Udstyret med motorafbrydende mekaniske skivebremser stopper Touroll B2 \u00f8jeblikkeligt kraften ved opbremsning og leverer hurtige, kontrollerede bremser, selv p\u00e5 skr\u00e5ninger. Dette sikkerhedsorienterede bremsesystem \u00f8ger f\u00f8rerens tillid, is\u00e6r i bytrafik, og sikrer st\u00f8rre stabilitet og kontrol.<\/p>\n<p>Aftageligt batteri med lang r\u00e6kkevidde<br \/>B2 elcyklen, der drives af et 36V 15,6Ah (561,6Wh) batteri, tilbyder en imponerende r\u00e6kkevidde p\u00e5 over 100 km p\u00e5 en enkelt opladning, hvilket g\u00f8r den perfekt til daglig pendling, bycykling og weekendture. Det aftagelige batteridesign muligg\u00f8r problemfri opladning derhjemme eller p\u00e5 kontoret, hvilket sikrer maksimal bekvemmelighed for motorcyklisterne.<\/p>\n<p>Adaptiv kraft og j\u00e6vn kontrol<br \/>En 250W baghjulsnavmotor med 50 Nm drejningsmoment kombineret med en 12-magnets kadencesensor giver problemfri pedalassistance og reagerer j\u00e6vnt p\u00e5 hvert tr\u00e6k. K\u00f8r ubesv\u00e6ret op ad bakke og sus gennem byens gader med hastigheder p\u00e5 op til 25 km\/t, hvilket sikrer en kraftfuld, men naturlig k\u00f8reoplevelse.<\/p>\n<p>Shimano 7-speed gearsystem<br \/>Klar dig pr\u00e6cist i varieret terr\u00e6n med Shimano 7-speed gearkassen. Uanset om du k\u00f8rer op ad bakker eller accelererer p\u00e5 flade veje, sikrer dette p\u00e5lidelige gearsystem j\u00e6vne og energieffektive gearskift, der nemt tilpasser sig dit foretrukne k\u00f8retempo.<\/p>\n<p>Brugervenlige funktioner<br \/>For forbedret synlighed opfylder for- og baglygterne EU StVZO-certificeringen, hvilket g\u00f8r natk\u00f8rsel mere sikker. Det intuitive LED-display giver nem kontrol over tre pedalassistanceniveauer, hvilket g\u00f8r den b\u00e5de begyndervenlig og alsidighed for erfarne ryttere. En robust bagageb\u00e6rer bagp\u00e5 tilf\u00f8jer praktisk anvendelighed og er ideel til dagligvarer, tasker eller personlige ejendele \u2013 perfekt til pendling, \u00e6rinder og fritidscykling.<\/p>\n<p><\/p>\n<h2 style=\"font-family:&quot;Noto Sans SC&quot;;font-size:14px;letter-spacing:normal;text-align:start;white-space:normal;color:rgb(0, 0, 0);margin:10px 0px;margin-bottom:10px;margin-top:10px;margin-left:0px;margin-right:0px;padding:0px;padding-bottom:0px;padding-top:0px;padding-left:0px;padding-right:0px\" align=\"start\">Specifikation<\/h2>\n<p><\/p>\n<table style=\"border-collapse:collapse;font-family:&quot;Noto Sans SC&quot;\" border=\"1\" cellpadding=\"8\">\n<tbody>\n<tr>\n<td style=\"width:28.2%\" width=\"28.2000%\">\n<p>Generel<\/p>\n<\/td>\n<td style=\"width:71.78%\" width=\"71.7800%\">\n<p>M\u00e6rke: Touroll<br \/>Model: B2<br \/>Farve: Gr\u00f8n<\/p>\n<\/td>\n<\/tr>\n<tr>\n<td style=\"width:28.2%\" width=\"28.2000%\">\n<p>Grundl\u00e6ggende specifikation<\/p>\n<\/td>\n<td style=\"width:71.78%\" width=\"71.7800%\">\n<p>Rammens st\u00f8rrelse: 26&quot;x16&quot;<br \/>Udfoldet st\u00f8rrelse: 1910x670x1130mm<br \/>Bredde p\u00e5 styret: 670 mm (26,4&quot;)<br \/>NV: 26,7 kg<br \/>Vandt\u00e6thedsniveau: IPX4<br \/>Afsk\u00e6ringshastighed: 25 km\/t<br \/>Maks. r\u00e6kkevidde: 100 km (assistancetilstand)<br \/>Hastighedsniveauer for assistancetilstand: 15\/20\/25 km\/t (niveau 1-3)<br \/>Rammens materiale: STL<br \/>Anbefalet rytterh\u00f8jde: 160-195 cm (5&#039;3&quot; \u2013 6&#039;5&quot;)<\/p>\n<\/td>\n<\/tr>\n<tr>\n<td style=\"width:28.2%\" width=\"28.2000%\">\n<p>Motor<\/p>\n<\/td>\n<td style=\"width:71.78%\" width=\"71.7800%\">\n<p>Nominel effekt\/sp\u00e6nding: 250W \/ 36V<br \/>Maks. udgangsmoment: 50 Nm<\/p>\n<\/td>\n<\/tr>\n<tr>\n<td style=\"width:28.2%\" width=\"28.2000%\">\n<p>Gearskifter<\/p>\n<\/td>\n<td style=\"width:71.78%\" width=\"71.7800%\">\n<p>M\u00e6rke: Shimano<br \/>Skifter antal: 7 (bag)<\/p>\n<\/td>\n<\/tr>\n<tr>\n<td style=\"width:28.2%\" width=\"28.2000%\">\n<p>Batteri<\/p>\n<\/td>\n<td style=\"width:71.78%\" width=\"71.7800%\">\n<p>Kapacitet\/sp\u00e6nding: 15,6 Ah\/36 V<br \/>Str\u00f8mkapacitet: 561,6 Wh<br \/>Opladningstid: 7-8 timer<br \/>Beskyttelsessystem: Ja<\/p>\n<\/td>\n<\/tr>\n<tr>\n<td style=\"width:28.2%\" width=\"28.2000%\">\n<p>Oplader<\/p>\n<\/td>\n<td style=\"width:71.78%\" width=\"71.7800%\">\n<p>Indgangssp\u00e6nding: 100-240V<br \/>Indgangsstr\u00f8m: 2,0A (maks.)<br \/>Udgangssp\u00e6nding: 42V<br \/>Udgangsstr\u00f8m: 2,0A, 84W<\/p>\n<\/td>\n<\/tr>\n<tr>\n<td style=\"width:28.2%\" width=\"28.2000%\">\n<p>Bremse<\/p>\n<\/td>\n<td style=\"width:71.78%\" width=\"71.7800%\">\n<p>Type: Mekanisk skivebremse og elbremse<\/p>\n<\/td>\n<\/tr>\n<tr>\n<td style=\"width:28.2%\" width=\"28.2000%\">\n<p>Bremseskive<\/p>\n<\/td>\n<td style=\"width:71.78%\" width=\"71.7800%\">\n<p>Udvendig diameter: 160 mm (6,3&quot;)<br \/>Tykkelse: 1,8 mm<br \/>Betjening: Brems forhjulet med venstre h\u00e5nd og baghjulet med h\u00f8jre h\u00e5nd i EU;<br \/>Brems forhjulet med h\u00f8jre h\u00e5nd og baghjulet med venstre h\u00e5nd i Storbritannien;<\/p>\n<\/td>\n<\/tr>\n<tr>\n<td style=\"width:28.2%\" width=\"28.2000%\">\n<p>D\u00e6k<\/p>\n<\/td>\n<td style=\"width:71.78%\" width=\"71.7800%\">\n<p>St\u00f8rrelse: 66 cm x 6,25 cm<br \/>Type\/Materiale: Pneumatiske gummid\u00e6k<br \/>D\u00e6ktryk: 30~45PSI<br \/>Bedste d\u00e6ktryk: 35~40PSI<\/p>\n<\/td>\n<\/tr>\n<tr>\n<td style=\"width:28.2%\" width=\"28.2000%\">\n<p>Instrument<\/p>\n<\/td>\n<td style=\"width:71.78%\" width=\"71.7800%\">\n<p>Type: LED<\/p>\n<\/td>\n<\/tr>\n<tr>\n<td style=\"width:28.2%\" width=\"28.2000%\">\n<p>Pakke<\/p>\n<\/td>\n<td style=\"width:71.78%\" width=\"71.7800%\">\n<p>St\u00f8rrelse: 162x25x83cm<br \/>Bruttov\u00e6gt: 33,7 kg<\/p>\n<\/td>\n<\/tr>\n<tr>\n<td style=\"width:28.2%\" width=\"28.2000%\">\n<p>Pakkeliste<\/p>\n<\/td>\n<td style=\"width:71.78%\" width=\"71.7800%\">\n<p>1 x Touroll Pedelec<br \/>2 x pedaler (venstre og h\u00f8jre)<br \/>2 x Egerreflektor<br \/>1 x Brugermanual<br \/>1 x V\u00e6rkt\u00f8jss\u00e6t<br \/>1 x Oplader<br \/>2 x n\u00f8gle<br \/>1 x Forlygte<br \/>1 x Bagstativ med baglygte<br \/>2 x Sk\u00e6rme (for og bag)<br \/>1 x Instrument<\/p>\n<\/td>\n<\/tr>\n<tr>\n<td style=\"width:100%\" width=\"100.0000%\" colspan=\"2\">\n<p>Bem\u00e6rk: Den maksimale r\u00e6kkevidde opn\u00e5s under f\u00f8lgende forhold: 75 kg belastning, 26 \u2103 temperatur, 15 km\/t konstant hastighed, p\u00e5 flade veje uden st\u00e6rk vind.<\/p>\n<\/td>\n<\/tr>\n<\/tbody>\n<\/table>\n<h2 style=\"font-family:&quot;Noto Sans SC&quot;;font-size:14px;letter-spacing:normal;text-align:start;white-space:normal;color:rgb(0, 0, 0);margin:10px 0px;margin-bottom:10px;margin-top:10px;margin-left:0px;margin-right:0px;padding:0px;padding-bottom:0px;padding-top:0px;padding-left:0px;padding-right:0px\" align=\"start\"><img decoding=\"async\" src=\"https:\/\/ae01.alicdn.com\/kf\/S3ee568f643054a6bbe40a3f4348fe325p.jpeg\" slate-data-type=\"image\"\/><img decoding=\"async\" src=\"https:\/\/ae01.alicdn.com\/kf\/S433b62c588f94390bef74ac339c31235G.jpeg\" slate-data-type=\"image\"\/><img decoding=\"async\" src=\"https:\/\/ae01.alicdn.com\/kf\/Sc0899f5c9e8f4c32ae381251f377372cE.jpeg\" slate-data-type=\"image\"\/><img decoding=\"async\" src=\"https:\/\/ae01.alicdn.com\/kf\/Sf9e796c6828e4e0cb08ee5ac5af4b72a2.jpeg\" slate-data-type=\"image\"\/><img decoding=\"async\" src=\"https:\/\/ae01.alicdn.com\/kf\/S0aac1681357145648a5b9f41adb134446.jpeg\" slate-data-type=\"image\"\/><img decoding=\"async\" src=\"https:\/\/ae01.alicdn.com\/kf\/S3cf0047595e34953ae36d6b1d788a232F.jpeg\" slate-data-type=\"image\"\/><img decoding=\"async\" src=\"https:\/\/ae01.alicdn.com\/kf\/Sd5de5118332f4281a4a5c8c2443b76784.jpeg\" slate-data-type=\"image\"\/><img decoding=\"async\" src=\"https:\/\/ae01.alicdn.com\/kf\/S3b0371a61293443baa2db52d61e707bdg.jpeg\" slate-data-type=\"image\"\/><img decoding=\"async\" src=\"https:\/\/ae01.alicdn.com\/kf\/S5ea4a5f7a8184a44bb9937ffdd97d1beP.jpeg\" slate-data-type=\"image\"\/><img decoding=\"async\" src=\"https:\/\/ae01.alicdn.com\/kf\/S26d05ae144114d139bc1c13f929a4841L.jpeg\" slate-data-type=\"image\"\/><img decoding=\"async\" src=\"https:\/\/ae01.alicdn.com\/kf\/Sef807152e473437c857ca8051ea0d1a2V.jpeg\" slate-data-type=\"image\"\/><img decoding=\"async\" src=\"https:\/\/ae01.alicdn.com\/kf\/Sf7857045bf244e9f8d275a08a4233331l.jpeg\" slate-data-type=\"image\"\/><img decoding=\"async\" src=\"https:\/\/ae01.alicdn.com\/kf\/S180970779a404a65b342f1f22fa68763n.jpeg\" slate-data-type=\"image\"\/><img decoding=\"async\" src=\"https:\/\/ae01.alicdn.com\/kf\/S179960f8e3014750ac0a7f6f3ddaff5bg.jpeg\" slate-data-type=\"image\"\/><img decoding=\"async\" src=\"https:\/\/ae01.alicdn.com\/kf\/S736bb79c042d4d0aa34cb31f01c2d7f8Z.jpeg\" slate-data-type=\"image\"\/><img decoding=\"async\" src=\"https:\/\/ae01.alicdn.com\/kf\/S7ec4d9d924eb4479b1a51d2d624c35cfi.jpeg\" slate-data-type=\"image\"\/><br \/><\/h2>\n<p><\/p>","protected":false},"excerpt":{"rendered":"<p>Bike Suspension Types:&nbsp;Sturdy Braking System:&nbsp;Front and Rear Mechanical Disc Brake Wheel Size:&nbsp;26&quot; Brand:&nbsp;Touroll Model:&nbsp;B2 Size of Frame:&nbsp;26&quot;x16&quot; N.W.:&nbsp;26.7kg Cut-off Speed:&nbsp;25km\/h Max Range:&nbsp;100km (Assist Mode) Rated Power\/Voltage:&nbsp;250W \/ 36V Charging Time:&nbsp;7-8h<\/p>","protected":false},"featured_media":21561,"comment_status":"open","ping_status":"closed","template":"","meta":{"_acf_changed":false},"product_brand":[],"product_cat":[230],"product_tag":[],"class_list":{"0":"post-21560","1":"product","2":"type-product","3":"status-publish","4":"has-post-thumbnail","6":"product_cat-bikes","8":"first","9":"instock","10":"shipping-taxable","11":"purchasable","12":"product-type-simple"},"acf":[],"_links":{"self":[{"href":"https:\/\/www.electricstore.eu\/da\/wp-json\/wp\/v2\/product\/21560","targetHints":{"allow":["GET"]}}],"collection":[{"href":"https:\/\/www.electricstore.eu\/da\/wp-json\/wp\/v2\/product"}],"about":[{"href":"https:\/\/www.electricstore.eu\/da\/wp-json\/wp\/v2\/types\/product"}],"replies":[{"embeddable":true,"href":"https:\/\/www.electricstore.eu\/da\/wp-json\/wp\/v2\/comments?post=21560"}],"wp:featuredmedia":[{"embeddable":true,"href":"https:\/\/www.electricstore.eu\/da\/wp-json\/wp\/v2\/media\/21561"}],"wp:attachment":[{"href":"https:\/\/www.electricstore.eu\/da\/wp-json\/wp\/v2\/media?parent=21560"}],"wp:term":[{"taxonomy":"product_brand","embeddable":true,"href":"https:\/\/www.electricstore.eu\/da\/wp-json\/wp\/v2\/product_brand?post=21560"},{"taxonomy":"product_cat","embeddable":true,"href":"https:\/\/www.electricstore.eu\/da\/wp-json\/wp\/v2\/product_cat?post=21560"},{"taxonomy":"product_tag","embeddable":true,"href":"https:\/\/www.electricstore.eu\/da\/wp-json\/wp\/v2\/product_tag?post=21560"}],"curies":[{"name":"wp","href":"https:\/\/api.w.org\/{rel}","templated":true}]}}