{"id":21487,"date":"2025-05-20T18:13:51","date_gmt":"2025-05-20T18:13:51","guid":{"rendered":"https:\/\/electricstore.eu\/p\/uncategorized\/sw2m58-ebike-display-3-8-ebike-screen-for-bafang-bbs01b-02b-hd-mid-motor-with-0-9-pas-levelsuart-protocol-ebike-computer\/"},"modified":"2025-05-20T18:13:55","modified_gmt":"2025-05-20T18:13:55","slug":"sw2m58-ebike-display-3-8-ebike-screen-for-bafang-bbs01b-02b-hd-mid-motor-with-0-9-pas-levelsuart-protocol-ebike-computer","status":"publish","type":"product","link":"https:\/\/electricstore.eu\/da\/p\/p\/ebike-batteries\/rear-rack-e-bike-batteries\/sw2m58-ebike-display-3-8-ebike-screen-for-bafang-bbs01b-02b-hd-mid-motor-with-0-9-pas-levelsuart-protocol-ebike-computer\/","title":{"rendered":"SW2M58 elcykelsk\u00e6rm: 3,8\u2033 elcykelsk\u00e6rm til BAFANG BBS01B\/02B HD mellemmotor med 0-9 PAS-niveauer, UART-protokol elcykelcomputer"},"content":{"rendered":"<div class=\"product-specs-list-container\">\n<ul class=\"product-specs-list util-clearfix\">\n<li class=\"product-prop line-limit-length\"><span\n                                        class=\"property-title\">Type:&nbsp;<\/span><span\n                                        class=\"property-desc line-limit-length\">Vise<\/span>\n                            <\/li>\n<li class=\"product-prop line-limit-length\"><span\n                                        class=\"property-title\">M\u00e6rkenavn:&nbsp;<\/span><span\n                                        class=\"property-desc line-limit-length\">varstr\u00f8m<\/span>\n                            <\/li>\n<li class=\"product-prop line-limit-length\"><span\n                                        class=\"property-title\">Oprindelse:&nbsp;<\/span><span\n                                        class=\"property-desc line-limit-length\">Kinas fastland<\/span>\n                            <\/li>\n<li class=\"product-prop line-limit-length\"><span\n                                        class=\"property-title\">Navn:&nbsp;<\/span><span\n                                        class=\"property-desc line-limit-length\">SW2-58 Display<\/span>\n                            <\/li>\n<li class=\"product-prop line-limit-length\"><span\n                                        class=\"property-title\">Pas-niveau:&nbsp;<\/span><span\n                                        class=\"property-desc line-limit-length\">3\/5\/9<\/span>\n                            <\/li>\n<li class=\"product-prop line-limit-length\"><span\n                                        class=\"property-title\">Adnaved-indstillingsadgangskode:&nbsp;<\/span><span\n                                        class=\"property-desc line-limit-length\">1919<\/span>\n                            <\/li>\n<li class=\"product-prop line-limit-length\"><span\n                                        class=\"property-title\">Vandt\u00e6t:&nbsp;<\/span><span\n                                        class=\"property-desc line-limit-length\">IP65<\/span>\n                            <\/li>\n<li class=\"product-prop line-limit-length\"><span\n                                        class=\"property-title\">USB:&nbsp;<\/span><span\n                                        class=\"property-desc line-limit-length\">Ikke underst\u00f8ttet<\/span>\n                            <\/li>\n<li class=\"product-prop line-limit-length\"><span\n                                        class=\"property-title\">Lysstyrke:&nbsp;<\/span><span\n                                        class=\"property-desc line-limit-length\">0-5 mulighed<\/span>\n                            <\/li>\n<li class=\"product-prop line-limit-length\"><span\n                                        class=\"property-title\">Lysf\u00f8lsom:&nbsp;<\/span><span\n                                        class=\"property-desc line-limit-length\">Ikke underst\u00f8ttet<\/span>\n                            <\/li>\n<li class=\"product-prop line-limit-length\"><span\n                                        class=\"property-title\">Garanti:&nbsp;<\/span><span\n                                        class=\"property-desc line-limit-length\">1 \u00e5r<\/span>\n                            <\/li>\n<li class=\"product-prop line-limit-length\"><span\n                                        class=\"property-title\">Vedligehold punkt:&nbsp;<\/span><span\n                                        class=\"property-desc line-limit-length\">Polen<\/span>\n                            <\/li>\n<li class=\"product-prop line-limit-length\"><span\n                                        class=\"property-title\">Leveringstid:&nbsp;<\/span><span\n                                        class=\"property-desc line-limit-length\">2-7 dage<\/span>\n                            <\/li>\n<\/ul><\/div>\n<p><span style=\"color:rgba(251,158,0,255);font-size:72px\"><strong>Elcykeldisplay<\/strong><\/span><strong><span style=\"font-size:72px\"> UART <\/span><\/strong><\/p>\n<p><span style=\"font-size:22px\">SW2M58 elcykelsk\u00e6rm: 3,8&quot; elcykelsk\u00e6rm til BAFANG BBS01B\/02B HD mellemmotor med 0-9 PAS-niveauer, UART-protokol elcykelcomputerpanel med 5PIN hun-rundstik til elcykelkonverteringss\u00e6t<\/span><\/p>\n<p><img decoding=\"async\" src=\"https:\/\/ae01.alicdn.com\/kf\/S846e56189b1043f587bdc9822b69cd819.jpg\" slate-data-type=\"image\"\/><\/p>\n<p><strong><span style=\"font-size:48px\">Om  <\/span><\/strong><span style=\"color:rgba(251,158,0,255);font-size:48px\"><strong>SW2-M58 UART <\/strong><\/span><strong><span style=\"font-size:48px\"> Vise<\/span><\/strong><\/p>\n<p><\/p>\n<p><span style=\"font-size:20px\">Alsidig kompatibilitet: SW2M58 elcykeldisplayet er kompatibelt med Bafang midtermotorsystemer og underst\u00f8tter 24V, 36V, 48V og 52V motorer. Det kan passe til BAFANG BBS01B BBS02B BBS03 HD midterdrevskit og G020 48V500W\/G0900 48V750W\/G062 48V750W navmotor. Bem\u00e6rk venligst, at det skal v\u00e6re det cirkul\u00e6re stik (UART-protokol). SW2M58-displayet erstatter problemfrit din gamle eller beskadigede del.<br \/>\n<\/span><\/p>\n<p><\/p>\n<p><span style=\"font-size:20px\">Omfattende visning af realtidsdata: Viser hastighed, enkelttursdistance, samlet kilometertal og batteriniveau i realtid. Giver vigtige k\u00f8reoplysninger med et hurtigt blik, s\u00e5 du kan holde dig informeret og have kontrol under dine ture. Har et indbygget adgangskodebeskyttelsessystem, der beskytter din elcykel mod uautoriseret brug, hvilket sikrer sikkerhed og ro i sindet.<br \/>\n<\/span><\/p>\n<p><\/p>\n<p><span style=\"font-size:20px\">Avancerede indstillinger og fejlregistrering: SW2M58-displayet leveres med en fabriksindstillet adgangskode til avancerede indstillinger for at forhindre utilsigtede \u00e6ndringer af parametre som hastighedsgr\u00e6nser og hjuldiameter. Viser automatisk fejlkoder, n\u00e5r der opst\u00e5r motorproblemer, hvilket muligg\u00f8r hurtig og nem fejlfinding.<br \/>\n<\/span><\/p>\n<p><\/p>\n<p><span style=\"font-size:20px\">Brugervenligt design og tilpasning: Har en 3,8-tommer lodret sk\u00e6rm med et separat knapdesign, der sparer plads p\u00e5 styret og giver en ergonomisk brugeroplevelse. Tilbyder 5 niveauer af justering af baggrundsbelysningens lysstyrke for at forbedre synligheden under forskellige lysforhold, hvilket g\u00f8r udend\u00f8rs k\u00f8rsel mere sikker og behagelig.<br \/>\n<\/span><\/p>\n<p><\/p>\n<p><span style=\"font-size:20px\">Effektiv hastighedskontrol og holdbarhed: Inkluderer 9 justerbare hastighedsindstillinger, der passer til forskellige k\u00f8reforhold og behov, hvilket giver mulighed for fleksible hastighedsjusteringer for at spare energi og reducere fatigue. Har en IPX5 vandt\u00e6thedsklassificering, der sikrer holdbarhed og p\u00e5lidelighed selv i regnvejr.<\/span><\/p>\n<p><\/p>\n<p><img decoding=\"async\" src=\"https:\/\/ae01.alicdn.com\/kf\/Sbe5ddf8a7d9544d4999b3cf65cca8e123.jpg\" slate-data-type=\"image\"\/><br \/><img decoding=\"async\" src=\"https:\/\/ae01.alicdn.com\/kf\/S83963812d90a485297c0c7d493eb133ba.jpg\" slate-data-type=\"image\"\/><img decoding=\"async\" src=\"https:\/\/ae01.alicdn.com\/kf\/Sa3e8f94c677645f89712fec1d14377a2f.jpg\" slate-data-type=\"image\"\/><\/p>\n<div style=\"font-family:&quot;TT Norms Pro&quot;, &quot;Open Sans&quot;, Roboto, Arial, Helvetica, sans-serif, SimSun;font-size:14px;font-weight:400;letter-spacing:normal;text-align:start;white-space:normal;color:rgb(34, 34, 34);background-color:rgb(255, 255, 255);margin:0px;margin-bottom:0px;margin-top:0px;margin-left:0px;margin-right:0px;padding:0px;padding-bottom:0px;padding-top:0px;padding-left:0px;padding-right:0px;box-sizing:content-box\" align=\"start\">\n<div style=\"margin:0px;margin-bottom:0px;margin-top:0px;margin-left:0px;margin-right:0px;padding:0px;padding-bottom:0px;padding-top:0px;padding-left:0px;padding-right:0px;box-sizing:content-box\">\n<div style=\"margin:0px;margin-bottom:0px;margin-top:0px;margin-left:0px;margin-right:0px;padding:0px;padding-bottom:0px;padding-top:0px;padding-left:0px;padding-right:0px;box-sizing:content-box\">\n<div style=\"margin:0px;margin-bottom:0px;margin-top:0px;margin-left:0px;margin-right:0px;padding:0px;padding-bottom:0px;padding-top:0px;padding-left:0px;padding-right:0px;box-sizing:content-box\">\n<div style=\"margin:0px;margin-bottom:0px;margin-top:0px;margin-left:0px;margin-right:0px;padding:0px;padding-bottom:0px;padding-top:0px;padding-left:0px;padding-right:0px;box-sizing:content-box\">\n<div style=\"margin:0px;margin-bottom:0px;margin-top:0px;margin-left:0px;margin-right:0px;padding:0px;padding-bottom:0px;padding-top:0px;padding-left:0px;padding-right:0px;box-sizing:content-box\">\n<div style=\"margin:0px;margin-bottom:0px;margin-top:0px;margin-left:0px;margin-right:0px;padding:0px;padding-bottom:0px;padding-top:0px;padding-left:0px;padding-right:0px;box-sizing:content-box\">\n<div style=\"margin:0px;margin-bottom:0px;margin-top:0px;margin-left:0px;margin-right:0px;padding:0px;padding-bottom:0px;padding-top:0px;padding-left:0px;padding-right:0px;box-sizing:content-box\">\n<div style=\"margin:0px;margin-bottom:0px;margin-top:0px;margin-left:0px;margin-right:0px;padding:0px;padding-bottom:0px;padding-top:0px;padding-left:0px;padding-right:0px;box-sizing:content-box\">\n<div style=\"margin:0px;margin-bottom:0px;margin-top:0px;margin-left:0px;margin-right:0px;padding:0px;padding-bottom:0px;padding-top:0px;padding-left:0px;padding-right:0px;box-sizing:content-box\">\n<p style=\"line-height:inherit;margin:0px;margin-bottom:0px;margin-top:0px;margin-left:0px;margin-right:0px;padding:0px;padding-bottom:0px;padding-top:0px;padding-left:0px;padding-right:0px;box-sizing:border-box\"><img decoding=\"async\" style=\"border:0px;margin:0px;margin-bottom:0px;margin-top:0px;margin-left:0px;margin-right:0px;padding:0px;padding-bottom:0px;padding-top:0px;padding-left:0px;padding-right:0px;max-width:100%;box-sizing:border-box\" src=\"https:\/\/ae01.alicdn.com\/kf\/S7fbef954f932475887f040aa999ee5afO.jpg\" slate-data-type=\"image\"\/><\/p>\n<\/div>\n<\/div>\n<\/div>\n<\/div>\n<\/div>\n<\/div>\n<\/div>\n<\/div>\n<\/div>\n<\/div>\n<div style=\"font-family:&quot;TT Norms Pro&quot;, &quot;Open Sans&quot;, Roboto, Arial, Helvetica, sans-serif, SimSun;font-size:14px;font-weight:400;letter-spacing:normal;text-align:start;white-space:normal;color:rgb(34, 34, 34);background-color:rgb(255, 255, 255);margin:0px;margin-bottom:0px;margin-top:0px;margin-left:0px;margin-right:0px;padding:0px;padding-bottom:0px;padding-top:0px;padding-left:0px;padding-right:0px;box-sizing:content-box\" align=\"start\">\n<p style=\"line-height:inherit;margin:0px;margin-bottom:0px;margin-top:0px;margin-left:0px;margin-right:0px;padding:0px;padding-bottom:0px;padding-top:0px;padding-left:0px;padding-right:0px;box-sizing:border-box\"><\/p>\n<p style=\"line-height:inherit;margin:0px;margin-bottom:0px;margin-top:0px;margin-left:0px;margin-right:0px;padding:0px;padding-bottom:0px;padding-top:0px;padding-left:0px;padding-right:0px;box-sizing:border-box\"><span style=\"color:rgb(77, 77, 77);font-size:72px\"><strong>OM<\/strong><\/span><span style=\"color:rgb(251, 158, 0);font-size:72px\"><span style=\"font-size:72px\"><strong> BAFANG<\/strong><\/span><\/span><\/p>\n<div style=\"margin:0px;margin-bottom:0px;margin-top:0px;margin-left:0px;margin-right:0px;padding:0px;padding-bottom:0px;padding-top:0px;padding-left:0px;padding-right:0px;box-sizing:content-box\"><\/div>\n<p style=\"line-height:inherit;margin:0px;margin-bottom:0px;margin-top:0px;margin-left:0px;margin-right:0px;padding:0px;padding-bottom:0px;padding-top:0px;padding-left:0px;padding-right:0px;box-sizing:border-box\"><span style=\"font-size:20px\">Bafang, en af de f\u00f8rende producenter af e-mobilitetskomponenter og komplette e-drive-systemer, har udviklet l\u00f8sninger til elbiler siden 2003. Virksomheden fokuserer p\u00e5 alle globale e-mobilitetstrends i fremtiden: hvad enten det drejer sig om individuelle elcykler, el-l\u00f8behjul eller offentlige cykeldelingsordninger. Hovedkontoret, udviklings- og produktionscentret ligger i Suzhou, n\u00e6r Shanghai. Bafang har salgs- og servicecentre i Holland, USA, Tyskland, Frankrig, Italien, Danmark og Taiwan, Kina. Den ny\u00e5bnede fabrik i Polen vil fokusere p\u00e5 produktion af midtermotorsystemer til de europ\u00e6iske markeder.<\/span><\/p>\n<div style=\"margin:0px;margin-bottom:0px;margin-top:0px;margin-left:0px;margin-right:0px;padding:0px;padding-bottom:0px;padding-top:0px;padding-left:0px;padding-right:0px;box-sizing:content-box\"><span style=\"font-size:20px\"><br \/><\/span><\/div>\n<p style=\"line-height:inherit;margin:0px;margin-bottom:0px;margin-top:0px;margin-left:0px;margin-right:0px;padding:0px;padding-bottom:0px;padding-top:0px;padding-left:0px;padding-right:0px;box-sizing:border-box\"><span style=\"font-size:20px\">Greenergy, BAFANGs officielt autoriserede agents\u00e6lger p\u00e5 Aliexpress, har samarbejdet med BAFANG i mange \u00e5r og er en professionel butik med speciale i BAFANG mid-drive kits og elcykler. Greenergy str\u00e6ber efter at levere produkter af h\u00f8j kvalitet til kunderne.<\/span><\/p>\n<div style=\"margin:0px;margin-bottom:0px;margin-top:0px;margin-left:0px;margin-right:0px;padding:0px;padding-bottom:0px;padding-top:0px;padding-left:0px;padding-right:0px;box-sizing:content-box\"><\/div>\n<p style=\"line-height:inherit;margin:0px;margin-bottom:0px;margin-top:0px;margin-left:0px;margin-right:0px;padding:0px;padding-bottom:0px;padding-top:0px;padding-left:0px;padding-right:0px;box-sizing:border-box\"><img decoding=\"async\" style=\"border:0px;margin:0px;margin-bottom:0px;margin-top:0px;margin-left:0px;margin-right:0px;padding:0px;padding-bottom:0px;padding-top:0px;padding-left:0px;padding-right:0px;max-width:100%;box-sizing:border-box\" src=\"https:\/\/ae01.alicdn.com\/kf\/Sfa9d585f695f475ba7d17a76979a19ddQ.jpg\" slate-data-type=\"image\"\/><\/p>\n<div style=\"margin:0px;margin-bottom:0px;margin-top:0px;margin-left:0px;margin-right:0px;padding:0px;padding-bottom:0px;padding-top:0px;padding-left:0px;padding-right:0px;box-sizing:content-box\"><\/div>\n<p style=\"line-height:inherit;margin:0px;margin-bottom:0px;margin-top:0px;margin-left:0px;margin-right:0px;padding:0px;padding-bottom:0px;padding-top:0px;padding-left:0px;padding-right:0px;box-sizing:border-box\"><img decoding=\"async\" style=\"border:0px;margin:0px;margin-bottom:0px;margin-top:0px;margin-left:0px;margin-right:0px;padding:0px;padding-bottom:0px;padding-top:0px;padding-left:0px;padding-right:0px;max-width:100%;box-sizing:border-box\" src=\"https:\/\/ae01.alicdn.com\/kf\/S9737d158e3194c9c9093cd1720bbdfc0V.jpg\" slate-data-type=\"image\"\/><\/p>\n<p style=\"line-height:inherit;margin:0px;margin-bottom:0px;margin-top:0px;margin-left:0px;margin-right:0px;padding:0px;padding-bottom:0px;padding-top:0px;padding-left:0px;padding-right:0px;box-sizing:border-box\"><\/p>\n<div style=\"margin:0px;margin-bottom:0px;margin-top:0px;margin-left:0px;margin-right:0px;padding:0px;padding-bottom:0px;padding-top:0px;padding-left:0px;padding-right:0px;box-sizing:content-box\">\n<div style=\"margin:0px;margin-bottom:0px;margin-top:0px;margin-left:0px;margin-right:0px;padding:0px;padding-bottom:0px;padding-top:0px;padding-left:0px;padding-right:0px;box-sizing:content-box\">\n<div style=\"margin:0px;margin-bottom:0px;margin-top:0px;margin-left:0px;margin-right:0px;padding:0px;padding-bottom:0px;padding-top:0px;padding-left:0px;padding-right:0px;box-sizing:content-box\">\n<div style=\"margin:0px;margin-bottom:0px;margin-top:0px;margin-left:0px;margin-right:0px;padding:0px;padding-bottom:0px;padding-top:0px;padding-left:0px;padding-right:0px;box-sizing:content-box\">\n<div style=\"margin:0px;margin-bottom:0px;margin-top:0px;margin-left:0px;margin-right:0px;padding:0px;padding-bottom:0px;padding-top:0px;padding-left:0px;padding-right:0px;box-sizing:content-box\">\n<div style=\"margin:0px;margin-bottom:0px;margin-top:0px;margin-left:0px;margin-right:0px;padding:0px;padding-bottom:0px;padding-top:0px;padding-left:0px;padding-right:0px;box-sizing:content-box\">\n<div style=\"margin:0px;margin-bottom:0px;margin-top:0px;margin-left:0px;margin-right:0px;padding:0px;padding-bottom:0px;padding-top:0px;padding-left:0px;padding-right:0px;box-sizing:content-box\">\n<div style=\"margin:0px;margin-bottom:0px;margin-top:0px;margin-left:0px;margin-right:0px;padding:0px;padding-bottom:0px;padding-top:0px;padding-left:0px;padding-right:0px;box-sizing:content-box\">\n<div style=\"margin:0px;margin-bottom:0px;margin-top:0px;margin-left:0px;margin-right:0px;padding:0px;padding-bottom:0px;padding-top:0px;padding-left:0px;padding-right:0px;box-sizing:content-box\">\n<div style=\"margin:0px;margin-bottom:0px;margin-top:0px;margin-left:0px;margin-right:0px;padding:0px;padding-bottom:0px;padding-top:0px;padding-left:0px;padding-right:0px;box-sizing:content-box\">\n<div style=\"margin:0px;margin-bottom:0px;margin-top:0px;margin-left:0px;margin-right:0px;padding:0px;padding-bottom:0px;padding-top:0px;padding-left:0px;padding-right:0px;box-sizing:content-box\"><\/div>\n<p style=\"line-height:inherit;margin:0px;margin-bottom:0px;margin-top:0px;margin-left:0px;margin-right:0px;padding:0px;padding-bottom:0px;padding-top:0px;padding-left:0px;padding-right:0px;box-sizing:border-box\"><span style=\"color:rgb(251, 158, 0);font-size:48px\"><strong>GLOBAL \u00a0<\/strong><\/span><span style=\"font-size:48px\"><strong>LAGER &amp; SERVICE<\/strong><\/span><\/p>\n<div style=\"margin:0px;margin-bottom:0px;margin-top:0px;margin-left:0px;margin-right:0px;padding:0px;padding-bottom:0px;padding-top:0px;padding-left:0px;padding-right:0px;box-sizing:content-box\"><span style=\"font-size:22px\"><br \/>Vi har et lager eller et reparationscenter i Frankrig\/Polen\/Tyskland\/Spanien\/Italien, s\u00e5 du kan forvente at modtage dine pakker inden for cirka 2-7 dage. ALLE produkter har et \u00e5rs garanti og 24-timers kundeservice. Vi har professionelle teknikere i EU, der kan hj\u00e6lpe dig.<br \/>teknisk support og hj\u00e6lp til at l\u00f8se problemerne<\/span><\/div>\n<\/div>\n<\/div>\n<\/div>\n<\/div>\n<\/div>\n<\/div>\n<\/div>\n<\/div>\n<\/div>\n<\/div>\n<div style=\"margin:0px;margin-bottom:0px;margin-top:0px;margin-left:0px;margin-right:0px;padding:0px;padding-bottom:0px;padding-top:0px;padding-left:0px;padding-right:0px;box-sizing:content-box\"><\/div>\n<p style=\"line-height:inherit;margin:0px;margin-bottom:0px;margin-top:0px;margin-left:0px;margin-right:0px;padding:0px;padding-bottom:0px;padding-top:0px;padding-left:0px;padding-right:0px;box-sizing:border-box\"><img decoding=\"async\" style=\"border:0px;margin:0px;margin-bottom:0px;margin-top:0px;margin-left:0px;margin-right:0px;padding:0px;padding-bottom:0px;padding-top:0px;padding-left:0px;padding-right:0px;max-width:100%;box-sizing:border-box\" src=\"https:\/\/ae01.alicdn.com\/kf\/Sf1733e188e5c404f978d407a1a5241bbM.jpg\" slate-data-type=\"image\"\/><img decoding=\"async\" style=\"border:0px;margin:0px;margin-bottom:0px;margin-top:0px;margin-left:0px;margin-right:0px;padding:0px;padding-bottom:0px;padding-top:0px;padding-left:0px;padding-right:0px;max-width:100%;box-sizing:border-box\" src=\"https:\/\/ae01.alicdn.com\/kf\/S22820572228c4ca0b3209b857cb92ee9Q.jpg\" slate-data-type=\"image\"\/><\/p>\n<\/div>\n<p><\/p>\n<p><\/p>\n<p><\/p>","protected":false},"excerpt":{"rendered":"<p>Type:&nbsp;Display Brand Name:&nbsp;varstrom Origin:&nbsp;Mainland China Name:&nbsp;SW2-58 Display Pas Level:&nbsp;3\/5\/9 Adnaved Setting Password:&nbsp;1919 Waterproof:&nbsp;IP65 USB:&nbsp;Not Support Brightness:&nbsp;0-5 option Light -sensitive:&nbsp;Not Support Warranty:&nbsp;1 Year Maintain Point:&nbsp;Poland Delivery Time:&nbsp;2-7 Day Ebike Display UART<\/p>","protected":false},"featured_media":21488,"comment_status":"open","ping_status":"closed","template":"","meta":{"_acf_changed":false},"product_brand":[],"product_cat":[534],"product_tag":[],"class_list":{"0":"post-21487","1":"product","2":"type-product","3":"status-publish","4":"has-post-thumbnail","6":"product_cat-rear-rack-e-bike-batteries","8":"first","9":"instock","10":"shipping-taxable","11":"purchasable","12":"product-type-simple"},"acf":[],"_links":{"self":[{"href":"https:\/\/electricstore.eu\/da\/wp-json\/wp\/v2\/product\/21487","targetHints":{"allow":["GET"]}}],"collection":[{"href":"https:\/\/electricstore.eu\/da\/wp-json\/wp\/v2\/product"}],"about":[{"href":"https:\/\/electricstore.eu\/da\/wp-json\/wp\/v2\/types\/product"}],"replies":[{"embeddable":true,"href":"https:\/\/electricstore.eu\/da\/wp-json\/wp\/v2\/comments?post=21487"}],"wp:featuredmedia":[{"embeddable":true,"href":"https:\/\/electricstore.eu\/da\/wp-json\/wp\/v2\/media\/21488"}],"wp:attachment":[{"href":"https:\/\/electricstore.eu\/da\/wp-json\/wp\/v2\/media?parent=21487"}],"wp:term":[{"taxonomy":"product_brand","embeddable":true,"href":"https:\/\/electricstore.eu\/da\/wp-json\/wp\/v2\/product_brand?post=21487"},{"taxonomy":"product_cat","embeddable":true,"href":"https:\/\/electricstore.eu\/da\/wp-json\/wp\/v2\/product_cat?post=21487"},{"taxonomy":"product_tag","embeddable":true,"href":"https:\/\/electricstore.eu\/da\/wp-json\/wp\/v2\/product_tag?post=21487"}],"curies":[{"name":"wp","href":"https:\/\/api.w.org\/{rel}","templated":true}]}}